{"id":64072,"date":"2025-04-15T10:40:49","date_gmt":"2025-04-15T08:40:49","guid":{"rendered":"https:\/\/wrent.sk\/sales-manager-for-eastern-slovakia\/"},"modified":"2025-04-16T06:33:28","modified_gmt":"2025-04-16T04:33:28","slug":"sales-manager-for-eastern-slovakia","status":"publish","type":"page","link":"https:\/\/wrent.sk\/en\/sales-manager-for-eastern-slovakia\/","title":{"rendered":"Sales Manager for Eastern Slovakia"},"content":{"rendered":"\n\n \n\n\t<section class=\"mainslider reset-grid   \">\n\t\t<div class=\"swiper \">\n\t\t\t<div class=\"swiper-wrapper\">\n\n\t\t\t\t\t\t\t\t\t\t<div class=\"swiper-slide\">\n\t\t\t\t\t\t\t\t<div class=\"image\"><img decoding=\"async\" width=\"1536\" height=\"1024\" src=\"https:\/\/wrent.sk\/wp-content\/uploads\/2025\/02\/P1009485-1536x1024.jpg\" class=\"attachment-1536x1536 size-1536x1536\" alt=\"\" srcset=\"https:\/\/wrent.sk\/wp-content\/uploads\/2025\/02\/P1009485-1536x1024.jpg 1536w, https:\/\/wrent.sk\/wp-content\/uploads\/2025\/02\/P1009485-500x333.jpg 500w, https:\/\/wrent.sk\/wp-content\/uploads\/2025\/02\/P1009485-400x267.jpg 400w, https:\/\/wrent.sk\/wp-content\/uploads\/2025\/02\/P1009485-1024x683.jpg 1024w, https:\/\/wrent.sk\/wp-content\/uploads\/2025\/02\/P1009485-768x512.jpg 768w, https:\/\/wrent.sk\/wp-content\/uploads\/2025\/02\/P1009485-630x420.jpg 630w, https:\/\/wrent.sk\/wp-content\/uploads\/2025\/02\/P1009485-100x67.jpg 100w, https:\/\/wrent.sk\/wp-content\/uploads\/2025\/02\/P1009485-30x20.jpg 30w, https:\/\/wrent.sk\/wp-content\/uploads\/2025\/02\/P1009485.jpg 1920w\" sizes=\"(max-width: 1536px) 100vw, 1536px\" \/><\/div>\t\t\t\t\t\t\t\t\t<div class=\"wrapper-grid\">\n\t\t\t\t\t\t\t\t\t\t<div class=\"text\">\n\t\t\t\t\t\t\t\t\t\t\t<h2 class=\"h1\">Obchodn\u00fd mana\u017e\u00e9r pre oblas\u0165 V\u00fdchodn\u00e9 Slovensko<\/h2>\t\t\t\t\t\t\t\t\t\t\t<p class=\"link\">\n\t\t\t\t\t\t\t\t\t\t\t\t\n\t\t\t\t\t\t\t\t\t\t\t<\/p>\n\t\t\t\t\t\t\t\t\t\t<\/div>\n\t\t\t\t\t\t\t\t\t<\/div> \n\n\t\t\t\t\t\t\t\t\t<div class=\"overlay\"><\/div>\n\n\t\t\t\t\t\t<\/div>\n\t\t\t\t\t\t\t\t\t\n\t\t\t<\/div> \n\t\t\t\n\t\t\t<div class=\"container-swiper-navigation navigation-bottom white\">\n\t\t\t\t<div class=\"swiper-button-prev\"><\/div>\n\t\t\t\t<div class=\"swiper-pagination\"><\/div>\n\t\t\t\t<div class=\"swiper-button-next\"><\/div>\n\t\t\t<\/div>\n\t\t<\/div> \n\t<\/section>\n\t\n\n\n<div style=\"height:40px\" aria-hidden=\"true\" class=\"wp-block-spacer\"><\/div>\n\n<p><strong>Place of work<\/strong><br\/>Pre\u0161ov Region, Ko\u0161ice Region (Work requires travel)<\/p>\n\n<p><strong>Start date<\/strong><br\/>NOW<\/p>\n\n<p><strong>Type of employment<\/strong><br\/>full-time<\/p>\n\n<p><strong>Salary conditions (gross)<\/strong><br\/>1 600 &#8211; 3 200 EUR\/monthThe upper limit of the salary will be agreed during a personal interview based on the candidate&#8217;s personal experience and knowledge. Individual financial evaluation, bonuses and benefits according to the sales results achieved.<\/p>\n\n<hr class=\"wp-block-separator has-alpha-channel-opacity\"\/>\n\n<p><\/p>\n\n<h2 class=\"wp-block-heading\">Job information<\/h2>\n\n<h4 class=\"wp-block-heading\"><strong>Job description, powers and responsibilities<\/strong><\/h4>\n\n<p>For our manufacturing and trading company we are looking for an Area Sales Manager for sales of packaging technology and consumer goods for the region of Eastern Slovakia. ( The job requires travelling).<\/p>\n\n<p><strong>Key Responsibilities:<\/strong><\/p>\n\n<ol class=\"wp-block-list\">\n<li><strong>Search for new business opportunities:<\/strong>\n<ul class=\"wp-block-list\">\n<li> Active search for new business opportunities.<\/li>\n\n\n\n<li> Identification and acquisition of new customers.<\/li>\n<\/ul>\n<\/li>\n\n\n\n<li><strong>Presentation of products and solutions:<\/strong>\n<ul class=\"wp-block-list\">\n<li>Presentation of the company&#8217;s products to potential customers.<\/li>\n\n\n\n<li>Conducting sales negotiations and presentations to sell and promote the brand.<\/li>\n\n\n\n<li>Participation in exhibitions, trade fairs and other professional events to promote the company and its products.<\/li>\n<\/ul>\n<\/li>\n\n\n\n<li><strong>Building and maintaining relationships:<\/strong>\n<ul class=\"wp-block-list\">\n<li>Developing long-term relationships with existing clients and partners.<\/li>\n\n\n\n<li>Providing high quality customer service and advice to clients.<\/li>\n\n\n\n<li>Resolving any problems and complaints to ensure client satisfaction.<\/li>\n<\/ul>\n<\/li>\n\n\n\n<li><strong>Achieving sales targets:<\/strong>\n<ul class=\"wp-block-list\">\n<li>Planning and achieving set sales targets.<\/li>\n\n\n\n<li>Monitoring the market and competitive activities and adapting the business strategy according to current trends.<\/li>\n<\/ul>\n<\/li>\n\n\n\n<li><strong>Administration and reporting:<\/strong>\n<ul class=\"wp-block-list\">\n<li>Keeping records of business activities and customers.<\/li>\n\n\n\n<li>Regular reporting to supervisor on the status of sales and business activities.<\/li>\n<\/ul>\n<\/li>\n<\/ol>\n\n<p><strong>Sales representative, sales manager min. 2 years with proven business results!<\/strong><\/p>\n\n<h4 class=\"wp-block-heading\"><strong>Employee perks, benefits<\/strong><\/h4>\n\n<ul class=\"wp-block-list\">\n<li>Dynamic work in a growing and stable company.<\/li>\n\n\n\n<li>Flexible working hours.<\/li>\n\n\n\n<li>Technical means for the efficient performance of work ( official vehicle mobile phone, laptop&#8230;)<\/li>\n\n\n\n<li>Interesting financial evaluation with incentive bonuses for achievements.<\/li>\n\n\n\n<li>Regular teambuilding sessions where fun is guaranteed.<\/li>\n\n\n\n<li>The upper limit of income is unlimited, it depends on your abilities.<\/li>\n<\/ul>\n\n<hr class=\"wp-block-separator has-alpha-channel-opacity\"\/>\n\n<p><\/p>\n\n<h2 class=\"wp-block-heading\">Employee requirements<\/h2>\n\n<h4 class=\"wp-block-heading\">The position is suitable for candidates with education<\/h4>\n\n<p>secondary education with matriculation diploma<br\/>post-secondary\/higher vocational education<br\/>university degree I<br\/>university degree II<\/p>\n\n<h4 class=\"wp-block-heading\">Education in the field<\/h4>\n\n<p>Preferred trade\/engineering\/electrical<\/p>\n\n<h4 class=\"wp-block-heading\">Language skills<\/h4>\n\n<p>English &#8211; Intermediate (B1) and Slovak &#8211; Expert (C2)<\/p>\n\n<h4 class=\"wp-block-heading\">Other knowledge<\/h4>\n\n<p>Microsoft Office &#8211; Advanced<\/p>\n\n<h4 class=\"wp-block-heading\">Driving licence<\/h4>\n\n<p>B<\/p>\n\n<h4 class=\"wp-block-heading\">Experience in the position\/area<\/h4>\n\n<p>Experience in sales (technical)<\/p>\n\n<h4 class=\"wp-block-heading\">Number of years of experience<\/h4>\n\n<p>Sales representative, sales manager min. 2 years with proven business results.<\/p>\n\n<h4 class=\"wp-block-heading\">Personal qualifications and skills<\/h4>\n\n<p><strong>Candidate Profile:<\/strong><\/p>\n\n<ul class=\"wp-block-list\">\n<li>Excellent communication and presentation skills.<\/li>\n\n\n\n<li>Ability to build and maintain business relationships.<\/li>\n\n\n\n<li>Proactive approach and strong results orientation.<\/li>\n\n\n\n<li>Ability to work independently.<\/li>\n\n\n\n<li>Driving license and willingness to travel.<\/li>\n\n\n\n<li>A willingness to learn and educate yourself on our products.<\/li>\n<\/ul>\n\n<p>Thank you for your interest in working for our company. We will contact candidates who meet our expectations.<\/p>\n","protected":false},"excerpt":{"rendered":"<p>Place of workPre\u0161ov Region, Ko\u0161ice Region (Work requires travel) Start dateNOW Type of employmentfull-time Salary conditions (gross)1 600 &#8211; 3 200 EUR\/monthThe upper limit of the salary will be agreed during a personal interview based on the candidate&#8217;s personal experience and knowledge. Individual financial evaluation, bonuses and benefits according to the sales results achieved. Job [&hellip;]<\/p>\n","protected":false},"author":2,"featured_media":61269,"parent":0,"menu_order":0,"comment_status":"closed","ping_status":"closed","template":"","meta":{"_acf_changed":false,"footnotes":""},"class_list":["post-64072","page","type-page","status-publish","has-post-thumbnail","hentry"],"acf":[],"yoast_head":"<!-- This site is optimized with the Yoast SEO plugin v27.0 - https:\/\/yoast.com\/product\/yoast-seo-wordpress\/ -->\n<title>Sales Manager for Eastern Slovakia - W rent Packaging technologies<\/title>\n<meta name=\"robots\" content=\"index, follow, max-snippet:-1, max-image-preview:large, max-video-preview:-1\" \/>\n<link rel=\"canonical\" href=\"https:\/\/wrent.sk\/en\/sales-manager-for-eastern-slovakia\/\" \/>\n<meta property=\"og:locale\" content=\"en_US\" \/>\n<meta property=\"og:type\" content=\"article\" \/>\n<meta property=\"og:title\" content=\"Sales Manager for Eastern Slovakia - W rent Packaging technologies\" \/>\n<meta property=\"og:description\" content=\"Place of workPre\u0161ov Region, Ko\u0161ice Region (Work requires travel) Start dateNOW Type of employmentfull-time Salary conditions (gross)1 600 &#8211; 3 200 EUR\/monthThe upper limit of the salary will be agreed during a personal interview based on the candidate&#8217;s personal experience and knowledge. Individual financial evaluation, bonuses and benefits according to the sales results achieved. Job [&hellip;]\" \/>\n<meta property=\"og:url\" content=\"https:\/\/wrent.sk\/en\/sales-manager-for-eastern-slovakia\/\" \/>\n<meta property=\"og:site_name\" content=\"W rent Packaging technologies\" \/>\n<meta property=\"article:publisher\" content=\"https:\/\/www.facebook.com\/wrent.sk\/?locale=sk_SK\" \/>\n<meta property=\"article:modified_time\" content=\"2025-04-16T04:33:28+00:00\" \/>\n<meta property=\"og:image\" content=\"https:\/\/wrent.sk\/wp-content\/uploads\/2025\/02\/P1009485.jpg\" \/>\n\t<meta property=\"og:image:width\" content=\"1920\" \/>\n\t<meta property=\"og:image:height\" content=\"1280\" \/>\n\t<meta property=\"og:image:type\" content=\"image\/jpeg\" \/>\n<meta name=\"twitter:card\" content=\"summary_large_image\" \/>\n<meta name=\"twitter:label1\" content=\"Est. reading time\" \/>\n\t<meta name=\"twitter:data1\" content=\"2 minutes\" \/>\n<script type=\"application\/ld+json\" class=\"yoast-schema-graph\">{\"@context\":\"https:\/\/schema.org\",\"@graph\":[{\"@type\":\"WebPage\",\"@id\":\"https:\/\/wrent.sk\/en\/sales-manager-for-eastern-slovakia\/\",\"url\":\"https:\/\/wrent.sk\/en\/sales-manager-for-eastern-slovakia\/\",\"name\":\"Sales Manager for Eastern Slovakia - W rent Packaging technologies\",\"isPartOf\":{\"@id\":\"https:\/\/wrent.sk\/#website\"},\"primaryImageOfPage\":{\"@id\":\"https:\/\/wrent.sk\/en\/sales-manager-for-eastern-slovakia\/#primaryimage\"},\"image\":{\"@id\":\"https:\/\/wrent.sk\/en\/sales-manager-for-eastern-slovakia\/#primaryimage\"},\"thumbnailUrl\":\"https:\/\/wrent.sk\/wp-content\/uploads\/2025\/02\/P1009485.jpg\",\"datePublished\":\"2025-04-15T08:40:49+00:00\",\"dateModified\":\"2025-04-16T04:33:28+00:00\",\"breadcrumb\":{\"@id\":\"https:\/\/wrent.sk\/en\/sales-manager-for-eastern-slovakia\/#breadcrumb\"},\"inLanguage\":\"en-US\",\"potentialAction\":[{\"@type\":\"ReadAction\",\"target\":[\"https:\/\/wrent.sk\/en\/sales-manager-for-eastern-slovakia\/\"]}]},{\"@type\":\"ImageObject\",\"inLanguage\":\"en-US\",\"@id\":\"https:\/\/wrent.sk\/en\/sales-manager-for-eastern-slovakia\/#primaryimage\",\"url\":\"https:\/\/wrent.sk\/wp-content\/uploads\/2025\/02\/P1009485.jpg\",\"contentUrl\":\"https:\/\/wrent.sk\/wp-content\/uploads\/2025\/02\/P1009485.jpg\",\"width\":1920,\"height\":1280},{\"@type\":\"BreadcrumbList\",\"@id\":\"https:\/\/wrent.sk\/en\/sales-manager-for-eastern-slovakia\/#breadcrumb\",\"itemListElement\":[{\"@type\":\"ListItem\",\"position\":1,\"name\":\"Domovsk\u00e1 str\u00e1nka\",\"item\":\"https:\/\/wrent.sk\/en\/\"},{\"@type\":\"ListItem\",\"position\":2,\"name\":\"Sales Manager for Eastern Slovakia\"}]},{\"@type\":\"WebSite\",\"@id\":\"https:\/\/wrent.sk\/#website\",\"url\":\"https:\/\/wrent.sk\/\",\"name\":\"W rent Baliace technol\u00f3gie\",\"description\":\"Professional solutions in the field of packaging technologies\",\"publisher\":{\"@id\":\"https:\/\/wrent.sk\/#organization\"},\"potentialAction\":[{\"@type\":\"SearchAction\",\"target\":{\"@type\":\"EntryPoint\",\"urlTemplate\":\"https:\/\/wrent.sk\/?s={search_term_string}\"},\"query-input\":{\"@type\":\"PropertyValueSpecification\",\"valueRequired\":true,\"valueName\":\"search_term_string\"}}],\"inLanguage\":\"en-US\"},{\"@type\":\"Organization\",\"@id\":\"https:\/\/wrent.sk\/#organization\",\"name\":\"W rent Packaging technologies\",\"url\":\"https:\/\/wrent.sk\/\",\"logo\":{\"@type\":\"ImageObject\",\"inLanguage\":\"en-US\",\"@id\":\"https:\/\/wrent.sk\/#\/schema\/logo\/image\/\",\"url\":\"https:\/\/wrent.sk\/wp-content\/uploads\/2024\/09\/homelink-dark.png\",\"contentUrl\":\"https:\/\/wrent.sk\/wp-content\/uploads\/2024\/09\/homelink-dark.png\",\"width\":283,\"height\":152,\"caption\":\"W rent Packaging technologies\"},\"image\":{\"@id\":\"https:\/\/wrent.sk\/#\/schema\/logo\/image\/\"},\"sameAs\":[\"https:\/\/www.facebook.com\/wrent.sk\/?locale=sk_SK\",\"https:\/\/www.instagram.com\/wrent.sk\/\",\"https:\/\/sk.linkedin.com\/company\/w-rent\",\"https:\/\/www.youtube.com\/@wrent\"]}]}<\/script>\n<!-- \/ Yoast SEO plugin. -->","yoast_head_json":{"title":"Sales Manager for Eastern Slovakia - W rent Packaging technologies","robots":{"index":"index","follow":"follow","max-snippet":"max-snippet:-1","max-image-preview":"max-image-preview:large","max-video-preview":"max-video-preview:-1"},"canonical":"https:\/\/wrent.sk\/en\/sales-manager-for-eastern-slovakia\/","og_locale":"en_US","og_type":"article","og_title":"Sales Manager for Eastern Slovakia - W rent Packaging technologies","og_description":"Place of workPre\u0161ov Region, Ko\u0161ice Region (Work requires travel) Start dateNOW Type of employmentfull-time Salary conditions (gross)1 600 &#8211; 3 200 EUR\/monthThe upper limit of the salary will be agreed during a personal interview based on the candidate&#8217;s personal experience and knowledge. Individual financial evaluation, bonuses and benefits according to the sales results achieved. Job [&hellip;]","og_url":"https:\/\/wrent.sk\/en\/sales-manager-for-eastern-slovakia\/","og_site_name":"W rent Packaging technologies","article_publisher":"https:\/\/www.facebook.com\/wrent.sk\/?locale=sk_SK","article_modified_time":"2025-04-16T04:33:28+00:00","og_image":[{"width":1920,"height":1280,"url":"https:\/\/wrent.sk\/wp-content\/uploads\/2025\/02\/P1009485.jpg","type":"image\/jpeg"}],"twitter_card":"summary_large_image","twitter_misc":{"Est. reading time":"2 minutes"},"schema":{"@context":"https:\/\/schema.org","@graph":[{"@type":"WebPage","@id":"https:\/\/wrent.sk\/en\/sales-manager-for-eastern-slovakia\/","url":"https:\/\/wrent.sk\/en\/sales-manager-for-eastern-slovakia\/","name":"Sales Manager for Eastern Slovakia - W rent Packaging technologies","isPartOf":{"@id":"https:\/\/wrent.sk\/#website"},"primaryImageOfPage":{"@id":"https:\/\/wrent.sk\/en\/sales-manager-for-eastern-slovakia\/#primaryimage"},"image":{"@id":"https:\/\/wrent.sk\/en\/sales-manager-for-eastern-slovakia\/#primaryimage"},"thumbnailUrl":"https:\/\/wrent.sk\/wp-content\/uploads\/2025\/02\/P1009485.jpg","datePublished":"2025-04-15T08:40:49+00:00","dateModified":"2025-04-16T04:33:28+00:00","breadcrumb":{"@id":"https:\/\/wrent.sk\/en\/sales-manager-for-eastern-slovakia\/#breadcrumb"},"inLanguage":"en-US","potentialAction":[{"@type":"ReadAction","target":["https:\/\/wrent.sk\/en\/sales-manager-for-eastern-slovakia\/"]}]},{"@type":"ImageObject","inLanguage":"en-US","@id":"https:\/\/wrent.sk\/en\/sales-manager-for-eastern-slovakia\/#primaryimage","url":"https:\/\/wrent.sk\/wp-content\/uploads\/2025\/02\/P1009485.jpg","contentUrl":"https:\/\/wrent.sk\/wp-content\/uploads\/2025\/02\/P1009485.jpg","width":1920,"height":1280},{"@type":"BreadcrumbList","@id":"https:\/\/wrent.sk\/en\/sales-manager-for-eastern-slovakia\/#breadcrumb","itemListElement":[{"@type":"ListItem","position":1,"name":"Domovsk\u00e1 str\u00e1nka","item":"https:\/\/wrent.sk\/en\/"},{"@type":"ListItem","position":2,"name":"Sales Manager for Eastern Slovakia"}]},{"@type":"WebSite","@id":"https:\/\/wrent.sk\/#website","url":"https:\/\/wrent.sk\/","name":"W rent Baliace technol\u00f3gie","description":"Professional solutions in the field of packaging technologies","publisher":{"@id":"https:\/\/wrent.sk\/#organization"},"potentialAction":[{"@type":"SearchAction","target":{"@type":"EntryPoint","urlTemplate":"https:\/\/wrent.sk\/?s={search_term_string}"},"query-input":{"@type":"PropertyValueSpecification","valueRequired":true,"valueName":"search_term_string"}}],"inLanguage":"en-US"},{"@type":"Organization","@id":"https:\/\/wrent.sk\/#organization","name":"W rent Packaging technologies","url":"https:\/\/wrent.sk\/","logo":{"@type":"ImageObject","inLanguage":"en-US","@id":"https:\/\/wrent.sk\/#\/schema\/logo\/image\/","url":"https:\/\/wrent.sk\/wp-content\/uploads\/2024\/09\/homelink-dark.png","contentUrl":"https:\/\/wrent.sk\/wp-content\/uploads\/2024\/09\/homelink-dark.png","width":283,"height":152,"caption":"W rent Packaging technologies"},"image":{"@id":"https:\/\/wrent.sk\/#\/schema\/logo\/image\/"},"sameAs":["https:\/\/www.facebook.com\/wrent.sk\/?locale=sk_SK","https:\/\/www.instagram.com\/wrent.sk\/","https:\/\/sk.linkedin.com\/company\/w-rent","https:\/\/www.youtube.com\/@wrent"]}]}},"_links":{"self":[{"href":"https:\/\/wrent.sk\/en\/wp-json\/wp\/v2\/pages\/64072","targetHints":{"allow":["GET"]}}],"collection":[{"href":"https:\/\/wrent.sk\/en\/wp-json\/wp\/v2\/pages"}],"about":[{"href":"https:\/\/wrent.sk\/en\/wp-json\/wp\/v2\/types\/page"}],"author":[{"embeddable":true,"href":"https:\/\/wrent.sk\/en\/wp-json\/wp\/v2\/users\/2"}],"replies":[{"embeddable":true,"href":"https:\/\/wrent.sk\/en\/wp-json\/wp\/v2\/comments?post=64072"}],"version-history":[{"count":1,"href":"https:\/\/wrent.sk\/en\/wp-json\/wp\/v2\/pages\/64072\/revisions"}],"predecessor-version":[{"id":64073,"href":"https:\/\/wrent.sk\/en\/wp-json\/wp\/v2\/pages\/64072\/revisions\/64073"}],"wp:featuredmedia":[{"embeddable":true,"href":"https:\/\/wrent.sk\/en\/wp-json\/wp\/v2\/media\/61269"}],"wp:attachment":[{"href":"https:\/\/wrent.sk\/en\/wp-json\/wp\/v2\/media?parent=64072"}],"curies":[{"name":"wp","href":"https:\/\/api.w.org\/{rel}","templated":true}]}}