{"id":64075,"date":"2025-04-16T06:12:07","date_gmt":"2025-04-16T04:12:07","guid":{"rendered":"https:\/\/wrent.sk\/designer-of-electrical-equipment-in-the-field-of-automation-we-offer-interesting-projects-and-opportunities-for-career-growth\/"},"modified":"2025-04-16T06:38:35","modified_gmt":"2025-04-16T04:38:35","slug":"designer-of-electrical-equipment-in-the-field-of-automation-we-offer-interesting-projects-and-opportunities-for-career-growth","status":"publish","type":"page","link":"https:\/\/wrent.sk\/en\/designer-of-electrical-equipment-in-the-field-of-automation-we-offer-interesting-projects-and-opportunities-for-career-growth\/","title":{"rendered":"Designer of electrical equipment in the field of automation! We offer interesting projects and opportunities for career growth"},"content":{"rendered":"\n\n \n\n\t<section class=\"mainslider reset-grid   \">\n\t\t<div class=\"swiper \">\n\t\t\t<div class=\"swiper-wrapper\">\n\n\t\t\t\t\t\t\t\t\t\t<div class=\"swiper-slide\">\n\t\t\t\t\t\t\t\t<div class=\"image\"><img decoding=\"async\" width=\"1024\" height=\"1536\" src=\"https:\/\/wrent.sk\/wp-content\/uploads\/2025\/03\/P1009224-1024x1536.jpg\" class=\"attachment-1536x1536 size-1536x1536\" alt=\"\" \/><\/div>\t\t\t\t\t\t\t\t\t<div class=\"wrapper-grid\">\n\t\t\t\t\t\t\t\t\t\t<div class=\"text\">\n\t\t\t\t\t\t\t\t\t\t\t<h2 class=\"h1\">Projektant elektrick\u00fdch zariaden\u00ed v oblasti automatiz\u00e1cie! <\/h2><p>Pon\u00fakame zauj\u00edmav\u00e9 projekty a pr\u00edle\u017eitosti na kari\u00e9rny rast<\/p>\t\t\t\t\t\t\t\t\t\t\t<p class=\"link\">\n\t\t\t\t\t\t\t\t\t\t\t\t\n\t\t\t\t\t\t\t\t\t\t\t<\/p>\n\t\t\t\t\t\t\t\t\t\t<\/div>\n\t\t\t\t\t\t\t\t\t<\/div> \n\n\t\t\t\t\t\t\t\t\t<div class=\"overlay\"><\/div>\n\n\t\t\t\t\t\t<\/div>\n\t\t\t\t\t\t\t\t\t\n\t\t\t<\/div> \n\t\t\t\n\t\t\t<div class=\"container-swiper-navigation navigation-bottom white\">\n\t\t\t\t<div class=\"swiper-button-prev\"><\/div>\n\t\t\t\t<div class=\"swiper-pagination\"><\/div>\n\t\t\t\t<div class=\"swiper-button-next\"><\/div>\n\t\t\t<\/div>\n\t\t<\/div> \n\t<\/section>\n\t\n\n\n<div style=\"height:40px\" aria-hidden=\"true\" class=\"wp-block-spacer\"><\/div>\n\n<p><strong>Place of work<\/strong><br\/>Pova\u017esk\u00e1 Bystrica, Robotn\u00edcka, Pova\u017esk\u00e1 Bystrica<\/p>\n\n<p><strong>Date of entry<\/strong><br\/>April 2025<\/p>\n\n<p><strong>Type of employment<\/strong><br\/>full-time<\/p>\n\n<p><strong>Salary conditions (gross)<\/strong><br\/>1 900 &#8211; 2 400 EUR\/month. The upper limit of the salary will be agreed during a personal interview based on your experience and knowledge.<\/p>\n\n<hr class=\"wp-block-separator has-alpha-channel-opacity\"\/>\n\n<p><\/p>\n\n<h2 class=\"wp-block-heading\">Job information<\/h2>\n\n<h4 class=\"wp-block-heading\"><strong>Job description, powers and responsibilities<\/strong><\/h4>\n\n<p>We are a proud Slovak manufacturer of automatic strapping machines operating throughout Europe. We offer interesting projects and opportunities for career growth.<\/p>\n\n<p>Your job will be to design electrical schematics and technical documentation in the field of electrical, as well as the implementation of electrical projects of construction units in the EPLAN environment.<\/p>\n\n<p>Independent creation of electrical drawings, block diagrams and switchboard drawings, along with the creation of electrical switchboard schematics and accompanying documentation for individual devices.<\/p>\n\n<p>A typical day involves analysing project requirements, creating technical documentation and consulting with colleagues and clients. The day also includes reviewing and modifying existing projects to current standards and requirements.<\/p>\n\n<p>Working hours are Monday to Friday, starting at 8:00 and finishing at 16:30.<\/p>\n\n<p>Flexibility in working hours is welcomed, allowing you to tailor your working hours to suit personal preferences and project requirements.<\/p>\n\n<h4 class=\"wp-block-heading\"><strong>Employee perks, benefits<\/strong><\/h4>\n\n<ul class=\"wp-block-list\">\n<li>A salary cap will be agreed at a personal interview based on your experience and knowledge<\/li>\n\n\n\n<li>We offer fixed working hours &#8211; Monday to Friday, 8-hour morning shifts<\/li>\n\n\n\n<li>We create opportunities for career growth and education<\/li>\n\n\n\n<li>We create opportunities for career growth and educationWe will provide you with the technical means to perform your work efficiently (quality tools, mobile phone, PC)<\/li>\n\n\n\n<li>We will support you in professional trainings and provide professional trainings<\/li>\n\n\n\n<li>benefits include corporate and social benefits (teambuilding, company parties)<\/li>\n\n\n\n<li>Contributions from the Social Fund<\/li>\n<\/ul>\n\n<hr class=\"wp-block-separator has-alpha-channel-opacity\"\/>\n\n<p><\/p>\n\n<p>If you are interested in this offer, please send us your CV along with a few sentences about your experience in the field of service, electrical and mechanical engineering. We look forward to hearing from you! Applicants are kindly requested to send a cover letter in addition to their CV.<\/p>\n\n<h2 class=\"wp-block-heading\">Employee requirements<\/h2>\n\n<h4 class=\"wp-block-heading\">The position is suitable for candidates with education<\/h4>\n\n<p>secondary education with matriculation diploma<br\/>post-secondary\/higher vocational education<br\/>university degree I<br\/>university degree II<\/p>\n\n<h4 class=\"wp-block-heading\">Education in the field<\/h4>\n\n<p>Electrical Engineering<\/p>\n\n<h4 class=\"wp-block-heading\">Language skills<\/h4>\n\n<p>English &#8211; Intermediate English &#8211; Advanced (C1)<\/p>\n\n<h4 class=\"wp-block-heading\">Other knowledge<\/h4>\n\n<p>EPLAN, &#8211; Advanced<br\/>Microsoft Outlook &#8211; Intermediate<br\/>Microsoft Excel &#8211; Intermediate<br\/>Microsoft Word &#8211; IntermediateEnglish &#8211; Intermediate (C1)<\/p>\n\n<h4 class=\"wp-block-heading\">Driving licence<\/h4>\n\n<p>A,B<\/p>\n\n<h4 class=\"wp-block-heading\">Experience in the position\/area<\/h4>\n\n<p>3<\/p>\n\n<h4 class=\"wp-block-heading\">Number of years of experience<\/h4>\n\n<p>5<\/p>\n\n<h4 class=\"wp-block-heading\">Personal qualifications and skills<\/h4>\n\n<p><strong>Candidate Profile:<\/strong><\/p>\n\n<ul class=\"wp-block-list\">\n<li>Experience in electrical and mechanical engineering<\/li>\n\n\n\n<li>Skills in diagnostics and electrical equipment<\/li>\n\n\n\n<li>Experience in documentation management and parts specification<\/li>\n\n\n\n<li>Ability to work independently and as part of a team<\/li>\n\n\n\n<li>Excellent communication and problem solving skills<\/li>\n<\/ul>\n\n<p>Thank you for your interest in working for our company. We will contact candidates who meet our expectations.<\/p>\n","protected":false},"excerpt":{"rendered":"<p>Place of workPova\u017esk\u00e1 Bystrica, Robotn\u00edcka, Pova\u017esk\u00e1 Bystrica Date of entryApril 2025 Type of employmentfull-time Salary conditions (gross)1 900 &#8211; 2 400 EUR\/month. The upper limit of the salary will be agreed during a personal interview based on your experience and knowledge. Job information Job description, powers and responsibilities We are a proud Slovak manufacturer of [&hellip;]<\/p>\n","protected":false},"author":2,"featured_media":0,"parent":0,"menu_order":0,"comment_status":"closed","ping_status":"closed","template":"","meta":{"_acf_changed":false,"footnotes":""},"class_list":["post-64075","page","type-page","status-publish","hentry"],"acf":[],"yoast_head":"<!-- This site is optimized with the Yoast SEO plugin v27.0 - https:\/\/yoast.com\/product\/yoast-seo-wordpress\/ -->\n<title>Designer of electrical equipment in the field of automation! We offer interesting projects and opportunities for career growth - W rent Packaging technologies<\/title>\n<meta name=\"robots\" content=\"index, follow, max-snippet:-1, max-image-preview:large, max-video-preview:-1\" \/>\n<link rel=\"canonical\" href=\"https:\/\/wrent.sk\/en\/designer-of-electrical-equipment-in-the-field-of-automation-we-offer-interesting-projects-and-opportunities-for-career-growth\/\" \/>\n<meta property=\"og:locale\" content=\"en_US\" \/>\n<meta property=\"og:type\" content=\"article\" \/>\n<meta property=\"og:title\" content=\"Designer of electrical equipment in the field of automation! We offer interesting projects and opportunities for career growth - W rent Packaging technologies\" \/>\n<meta property=\"og:description\" content=\"Place of workPova\u017esk\u00e1 Bystrica, Robotn\u00edcka, Pova\u017esk\u00e1 Bystrica Date of entryApril 2025 Type of employmentfull-time Salary conditions (gross)1 900 &#8211; 2 400 EUR\/month. The upper limit of the salary will be agreed during a personal interview based on your experience and knowledge. Job information Job description, powers and responsibilities We are a proud Slovak manufacturer of [&hellip;]\" \/>\n<meta property=\"og:url\" content=\"https:\/\/wrent.sk\/en\/designer-of-electrical-equipment-in-the-field-of-automation-we-offer-interesting-projects-and-opportunities-for-career-growth\/\" \/>\n<meta property=\"og:site_name\" content=\"W rent Packaging technologies\" \/>\n<meta property=\"article:publisher\" content=\"https:\/\/www.facebook.com\/wrent.sk\/?locale=sk_SK\" \/>\n<meta property=\"article:modified_time\" content=\"2025-04-16T04:38:35+00:00\" \/>\n<meta name=\"twitter:card\" content=\"summary_large_image\" \/>\n<meta name=\"twitter:label1\" content=\"Est. reading time\" \/>\n\t<meta name=\"twitter:data1\" content=\"2 minutes\" \/>\n<script type=\"application\/ld+json\" class=\"yoast-schema-graph\">{\"@context\":\"https:\/\/schema.org\",\"@graph\":[{\"@type\":\"WebPage\",\"@id\":\"https:\/\/wrent.sk\/en\/designer-of-electrical-equipment-in-the-field-of-automation-we-offer-interesting-projects-and-opportunities-for-career-growth\/\",\"url\":\"https:\/\/wrent.sk\/en\/designer-of-electrical-equipment-in-the-field-of-automation-we-offer-interesting-projects-and-opportunities-for-career-growth\/\",\"name\":\"Designer of electrical equipment in the field of automation! We offer interesting projects and opportunities for career growth - W rent Packaging technologies\",\"isPartOf\":{\"@id\":\"https:\/\/wrent.sk\/#website\"},\"datePublished\":\"2025-04-16T04:12:07+00:00\",\"dateModified\":\"2025-04-16T04:38:35+00:00\",\"breadcrumb\":{\"@id\":\"https:\/\/wrent.sk\/en\/designer-of-electrical-equipment-in-the-field-of-automation-we-offer-interesting-projects-and-opportunities-for-career-growth\/#breadcrumb\"},\"inLanguage\":\"en-US\",\"potentialAction\":[{\"@type\":\"ReadAction\",\"target\":[\"https:\/\/wrent.sk\/en\/designer-of-electrical-equipment-in-the-field-of-automation-we-offer-interesting-projects-and-opportunities-for-career-growth\/\"]}]},{\"@type\":\"BreadcrumbList\",\"@id\":\"https:\/\/wrent.sk\/en\/designer-of-electrical-equipment-in-the-field-of-automation-we-offer-interesting-projects-and-opportunities-for-career-growth\/#breadcrumb\",\"itemListElement\":[{\"@type\":\"ListItem\",\"position\":1,\"name\":\"Domovsk\u00e1 str\u00e1nka\",\"item\":\"https:\/\/wrent.sk\/en\/\"},{\"@type\":\"ListItem\",\"position\":2,\"name\":\"Designer of electrical equipment in the field of automation! We offer interesting projects and opportunities for career growth\"}]},{\"@type\":\"WebSite\",\"@id\":\"https:\/\/wrent.sk\/#website\",\"url\":\"https:\/\/wrent.sk\/\",\"name\":\"W rent Baliace technol\u00f3gie\",\"description\":\"Professional solutions in the field of packaging technologies\",\"publisher\":{\"@id\":\"https:\/\/wrent.sk\/#organization\"},\"potentialAction\":[{\"@type\":\"SearchAction\",\"target\":{\"@type\":\"EntryPoint\",\"urlTemplate\":\"https:\/\/wrent.sk\/?s={search_term_string}\"},\"query-input\":{\"@type\":\"PropertyValueSpecification\",\"valueRequired\":true,\"valueName\":\"search_term_string\"}}],\"inLanguage\":\"en-US\"},{\"@type\":\"Organization\",\"@id\":\"https:\/\/wrent.sk\/#organization\",\"name\":\"W rent Packaging technologies\",\"url\":\"https:\/\/wrent.sk\/\",\"logo\":{\"@type\":\"ImageObject\",\"inLanguage\":\"en-US\",\"@id\":\"https:\/\/wrent.sk\/#\/schema\/logo\/image\/\",\"url\":\"https:\/\/wrent.sk\/wp-content\/uploads\/2024\/09\/homelink-dark.png\",\"contentUrl\":\"https:\/\/wrent.sk\/wp-content\/uploads\/2024\/09\/homelink-dark.png\",\"width\":283,\"height\":152,\"caption\":\"W rent Packaging technologies\"},\"image\":{\"@id\":\"https:\/\/wrent.sk\/#\/schema\/logo\/image\/\"},\"sameAs\":[\"https:\/\/www.facebook.com\/wrent.sk\/?locale=sk_SK\",\"https:\/\/www.instagram.com\/wrent.sk\/\",\"https:\/\/sk.linkedin.com\/company\/w-rent\",\"https:\/\/www.youtube.com\/@wrent\"]}]}<\/script>\n<!-- \/ Yoast SEO plugin. -->","yoast_head_json":{"title":"Designer of electrical equipment in the field of automation! We offer interesting projects and opportunities for career growth - W rent Packaging technologies","robots":{"index":"index","follow":"follow","max-snippet":"max-snippet:-1","max-image-preview":"max-image-preview:large","max-video-preview":"max-video-preview:-1"},"canonical":"https:\/\/wrent.sk\/en\/designer-of-electrical-equipment-in-the-field-of-automation-we-offer-interesting-projects-and-opportunities-for-career-growth\/","og_locale":"en_US","og_type":"article","og_title":"Designer of electrical equipment in the field of automation! We offer interesting projects and opportunities for career growth - W rent Packaging technologies","og_description":"Place of workPova\u017esk\u00e1 Bystrica, Robotn\u00edcka, Pova\u017esk\u00e1 Bystrica Date of entryApril 2025 Type of employmentfull-time Salary conditions (gross)1 900 &#8211; 2 400 EUR\/month. The upper limit of the salary will be agreed during a personal interview based on your experience and knowledge. Job information Job description, powers and responsibilities We are a proud Slovak manufacturer of [&hellip;]","og_url":"https:\/\/wrent.sk\/en\/designer-of-electrical-equipment-in-the-field-of-automation-we-offer-interesting-projects-and-opportunities-for-career-growth\/","og_site_name":"W rent Packaging technologies","article_publisher":"https:\/\/www.facebook.com\/wrent.sk\/?locale=sk_SK","article_modified_time":"2025-04-16T04:38:35+00:00","twitter_card":"summary_large_image","twitter_misc":{"Est. reading time":"2 minutes"},"schema":{"@context":"https:\/\/schema.org","@graph":[{"@type":"WebPage","@id":"https:\/\/wrent.sk\/en\/designer-of-electrical-equipment-in-the-field-of-automation-we-offer-interesting-projects-and-opportunities-for-career-growth\/","url":"https:\/\/wrent.sk\/en\/designer-of-electrical-equipment-in-the-field-of-automation-we-offer-interesting-projects-and-opportunities-for-career-growth\/","name":"Designer of electrical equipment in the field of automation! We offer interesting projects and opportunities for career growth - W rent Packaging technologies","isPartOf":{"@id":"https:\/\/wrent.sk\/#website"},"datePublished":"2025-04-16T04:12:07+00:00","dateModified":"2025-04-16T04:38:35+00:00","breadcrumb":{"@id":"https:\/\/wrent.sk\/en\/designer-of-electrical-equipment-in-the-field-of-automation-we-offer-interesting-projects-and-opportunities-for-career-growth\/#breadcrumb"},"inLanguage":"en-US","potentialAction":[{"@type":"ReadAction","target":["https:\/\/wrent.sk\/en\/designer-of-electrical-equipment-in-the-field-of-automation-we-offer-interesting-projects-and-opportunities-for-career-growth\/"]}]},{"@type":"BreadcrumbList","@id":"https:\/\/wrent.sk\/en\/designer-of-electrical-equipment-in-the-field-of-automation-we-offer-interesting-projects-and-opportunities-for-career-growth\/#breadcrumb","itemListElement":[{"@type":"ListItem","position":1,"name":"Domovsk\u00e1 str\u00e1nka","item":"https:\/\/wrent.sk\/en\/"},{"@type":"ListItem","position":2,"name":"Designer of electrical equipment in the field of automation! We offer interesting projects and opportunities for career growth"}]},{"@type":"WebSite","@id":"https:\/\/wrent.sk\/#website","url":"https:\/\/wrent.sk\/","name":"W rent Baliace technol\u00f3gie","description":"Professional solutions in the field of packaging technologies","publisher":{"@id":"https:\/\/wrent.sk\/#organization"},"potentialAction":[{"@type":"SearchAction","target":{"@type":"EntryPoint","urlTemplate":"https:\/\/wrent.sk\/?s={search_term_string}"},"query-input":{"@type":"PropertyValueSpecification","valueRequired":true,"valueName":"search_term_string"}}],"inLanguage":"en-US"},{"@type":"Organization","@id":"https:\/\/wrent.sk\/#organization","name":"W rent Packaging technologies","url":"https:\/\/wrent.sk\/","logo":{"@type":"ImageObject","inLanguage":"en-US","@id":"https:\/\/wrent.sk\/#\/schema\/logo\/image\/","url":"https:\/\/wrent.sk\/wp-content\/uploads\/2024\/09\/homelink-dark.png","contentUrl":"https:\/\/wrent.sk\/wp-content\/uploads\/2024\/09\/homelink-dark.png","width":283,"height":152,"caption":"W rent Packaging technologies"},"image":{"@id":"https:\/\/wrent.sk\/#\/schema\/logo\/image\/"},"sameAs":["https:\/\/www.facebook.com\/wrent.sk\/?locale=sk_SK","https:\/\/www.instagram.com\/wrent.sk\/","https:\/\/sk.linkedin.com\/company\/w-rent","https:\/\/www.youtube.com\/@wrent"]}]}},"_links":{"self":[{"href":"https:\/\/wrent.sk\/en\/wp-json\/wp\/v2\/pages\/64075","targetHints":{"allow":["GET"]}}],"collection":[{"href":"https:\/\/wrent.sk\/en\/wp-json\/wp\/v2\/pages"}],"about":[{"href":"https:\/\/wrent.sk\/en\/wp-json\/wp\/v2\/types\/page"}],"author":[{"embeddable":true,"href":"https:\/\/wrent.sk\/en\/wp-json\/wp\/v2\/users\/2"}],"replies":[{"embeddable":true,"href":"https:\/\/wrent.sk\/en\/wp-json\/wp\/v2\/comments?post=64075"}],"version-history":[{"count":1,"href":"https:\/\/wrent.sk\/en\/wp-json\/wp\/v2\/pages\/64075\/revisions"}],"predecessor-version":[{"id":64076,"href":"https:\/\/wrent.sk\/en\/wp-json\/wp\/v2\/pages\/64075\/revisions\/64076"}],"wp:attachment":[{"href":"https:\/\/wrent.sk\/en\/wp-json\/wp\/v2\/media?parent=64075"}],"curies":[{"name":"wp","href":"https:\/\/api.w.org\/{rel}","templated":true}]}}