{"id":71304,"date":"2025-07-30T12:28:04","date_gmt":"2025-07-30T10:28:04","guid":{"rendered":"https:\/\/wrent.sk\/produkt\/avvolgipack-135-ac-tyres\/"},"modified":"2025-08-19T13:58:52","modified_gmt":"2025-08-19T11:58:52","slug":"avvolgipack-135-ac-tyres","status":"publish","type":"product","link":"https:\/\/wrent.sk\/en\/produkt\/avvolgipack-135-ac-tyres\/","title":{"rendered":"Avvolgipack 135 AC TYRES"},"content":{"rendered":"<h2>Avvolgipack 135 AC T &#8211; Fully automatic packaging machine for round products<\/h2>\n<p data-start=\"148\" data-end=\"420\"><strong data-start=\"148\" data-end=\"172\">The Avvolgipack 135 AC T<\/strong> is a high performance, fully automatic packaging machine designed specifically for packaging round products such as tyres. It is ideal for integration into an automated line, where it ensures smooth and efficient operation without the need for manual intervention.<\/p>\n<p data-start=\"422\" data-end=\"689\">Thanks to the automatic feeding, separating and centering of products, the machine ensures precise and fast packaging. The Avvolgipack 135 AC T can wrap not only individual tyres, but also entire bundles &#8211; for example four tyres at a time &#8211; increasing productivity and saving time.<\/p>\n<p data-start=\"691\" data-end=\"714\"><strong data-start=\"691\" data-end=\"714\">Key Features:<\/strong><\/p>\n<ul>\n<li data-start=\"717\" data-end=\"743\">Fully automatic operation<\/li>\n<li data-start=\"746\" data-end=\"789\">Designed for round products, especially tyres<\/li>\n<li data-start=\"792\" data-end=\"851\">Suitable for packing individual pieces and group packages<\/li>\n<li data-start=\"854\" data-end=\"912\">Automatic feeding, centering and separation of products<\/li>\n<li data-start=\"915\" data-end=\"951\">Possibility of integration into the production line<\/li>\n<\/ul>\n<p data-start=\"953\" data-end=\"1079\">This machine is the ideal solution for companies looking for a reliable and efficient packaging solution for tyres and similar products.<\/p>\n<p id=\"tw-target-text\" class=\"tw-data-text tw-text-large tw-ta\" dir=\"ltr\" data-placeholder=\"Preklad\" data-ved=\"2ahUKEwjCha2ir-SOAxVS_7sIHZz-OOcQ3ewLegQICRAV\" aria-label=\"Prelo\u017een\u00fd text: Automatick\u00fd baliaci stroj Ully, vhodn\u00fd na balenie okr\u00fahlych v\u00fdrobkov pomocou stretch f\u00f3lie, najm\u00e4 pneumat\u00edk alebo stohov pneumat\u00edk, aj s namontovan\u00fdm r\u00e1fikom a s r\u00f4znymi priemermi, zv\u00e4zkov trub\u00edc a k\u00e1blov. Plne automatick\u00fd transport, odde\u013eovanie v\u00fdrobkov, centrovanie s meran\u00edm, nav\u00edjanie a rot\u00e1cia. Pripraven\u00fd na zapojenie do linky a pripojenie k aplik\u00e1torom etikiet. Funkcia digit\u00e1lnej pam\u00e4te na ulo\u017eenie 10 pracovn\u00fdch nastaven\u00ed.\"><span class=\"Y2IQFc\" lang=\"sk\">Digital memory function to store 10 working settings.<\/span><\/p>\n","protected":false},"excerpt":{"rendered":"<p><span dir=\"auto\">Fully automatic round product packaging machine, capable of single line operation. Feeding, separating and centering of products are fully automatic. The machine can pack single tyres as well as whole bales (e.g. four tyres in a bale). <\/span><\/p>\n","protected":false},"featured_media":71303,"template":"","meta":{"_acf_changed":false},"product_brand":[],"product_cat":[624,625,668],"product_tag":[],"class_list":{"0":"post-71304","1":"product","2":"type-product","3":"status-publish","4":"has-post-thumbnail","6":"product_cat-packaging-machines","7":"product_cat-horizontal-packaging-machines","8":"product_cat-automatic-horizontal-wrapping-machines","10":"first","11":"onbackorder","12":"taxable","13":"shipping-taxable","14":"purchasable","15":"product-type-simple"},"acf":[],"yoast_head":"<!-- This site is optimized with the Yoast SEO plugin v27.0 - https:\/\/yoast.com\/product\/yoast-seo-wordpress\/ -->\n<title>Avvolgipack 135 AC TYRES - W rent Packaging technologies<\/title>\n<meta name=\"robots\" content=\"index, follow, max-snippet:-1, max-image-preview:large, max-video-preview:-1\" \/>\n<link rel=\"canonical\" href=\"https:\/\/wrent.sk\/en\/produkt\/avvolgipack-135-ac-tyres\/\" \/>\n<meta property=\"og:locale\" content=\"en_US\" \/>\n<meta property=\"og:type\" content=\"article\" \/>\n<meta property=\"og:title\" content=\"Avvolgipack 135 AC TYRES - W rent Packaging technologies\" \/>\n<meta property=\"og:description\" content=\"Fully automatic round product packaging machine, capable of single line operation. Feeding, separating and centering of products are fully automatic. The machine can pack single tyres as well as whole bales (e.g. four tyres in a bale).\" \/>\n<meta property=\"og:url\" content=\"https:\/\/wrent.sk\/en\/produkt\/avvolgipack-135-ac-tyres\/\" \/>\n<meta property=\"og:site_name\" content=\"W rent Packaging technologies\" \/>\n<meta property=\"article:publisher\" content=\"https:\/\/www.facebook.com\/wrent.sk\/?locale=sk_SK\" \/>\n<meta property=\"article:modified_time\" content=\"2025-08-19T11:58:52+00:00\" \/>\n<meta property=\"og:image\" content=\"https:\/\/wrent.sk\/wp-content\/uploads\/2025\/07\/ok-135.png\" \/>\n\t<meta property=\"og:image:width\" content=\"380\" \/>\n\t<meta property=\"og:image:height\" content=\"380\" \/>\n\t<meta property=\"og:image:type\" content=\"image\/png\" \/>\n<meta name=\"twitter:card\" content=\"summary_large_image\" \/>\n<meta name=\"twitter:label1\" content=\"Est. reading time\" \/>\n\t<meta name=\"twitter:data1\" content=\"2 minutes\" \/>\n<script type=\"application\/ld+json\" class=\"yoast-schema-graph\">{\"@context\":\"https:\/\/schema.org\",\"@graph\":[{\"@type\":\"WebPage\",\"@id\":\"https:\/\/wrent.sk\/en\/produkt\/avvolgipack-135-ac-tyres\/\",\"url\":\"https:\/\/wrent.sk\/en\/produkt\/avvolgipack-135-ac-tyres\/\",\"name\":\"Avvolgipack 135 AC TYRES - W rent Packaging technologies\",\"isPartOf\":{\"@id\":\"https:\/\/wrent.sk\/#website\"},\"primaryImageOfPage\":{\"@id\":\"https:\/\/wrent.sk\/en\/produkt\/avvolgipack-135-ac-tyres\/#primaryimage\"},\"image\":{\"@id\":\"https:\/\/wrent.sk\/en\/produkt\/avvolgipack-135-ac-tyres\/#primaryimage\"},\"thumbnailUrl\":\"https:\/\/wrent.sk\/wp-content\/uploads\/2025\/07\/ok-135.png\",\"datePublished\":\"2025-07-30T10:28:04+00:00\",\"dateModified\":\"2025-08-19T11:58:52+00:00\",\"breadcrumb\":{\"@id\":\"https:\/\/wrent.sk\/en\/produkt\/avvolgipack-135-ac-tyres\/#breadcrumb\"},\"inLanguage\":\"en-US\",\"potentialAction\":[{\"@type\":\"ReadAction\",\"target\":[\"https:\/\/wrent.sk\/en\/produkt\/avvolgipack-135-ac-tyres\/\"]}]},{\"@type\":\"ImageObject\",\"inLanguage\":\"en-US\",\"@id\":\"https:\/\/wrent.sk\/en\/produkt\/avvolgipack-135-ac-tyres\/#primaryimage\",\"url\":\"https:\/\/wrent.sk\/wp-content\/uploads\/2025\/07\/ok-135.png\",\"contentUrl\":\"https:\/\/wrent.sk\/wp-content\/uploads\/2025\/07\/ok-135.png\",\"width\":380,\"height\":380},{\"@type\":\"BreadcrumbList\",\"@id\":\"https:\/\/wrent.sk\/en\/produkt\/avvolgipack-135-ac-tyres\/#breadcrumb\",\"itemListElement\":[{\"@type\":\"ListItem\",\"position\":1,\"name\":\"Domovsk\u00e1 str\u00e1nka\",\"item\":\"https:\/\/wrent.sk\/en\/\"},{\"@type\":\"ListItem\",\"position\":2,\"name\":\"Shop\",\"item\":\"https:\/\/wrent.sk\/en\/shop\/\"},{\"@type\":\"ListItem\",\"position\":3,\"name\":\"Avvolgipack 135 AC TYRES\"}]},{\"@type\":\"WebSite\",\"@id\":\"https:\/\/wrent.sk\/#website\",\"url\":\"https:\/\/wrent.sk\/\",\"name\":\"W rent Baliace technol\u00f3gie\",\"description\":\"Professional solutions in the field of packaging technologies\",\"publisher\":{\"@id\":\"https:\/\/wrent.sk\/#organization\"},\"potentialAction\":[{\"@type\":\"SearchAction\",\"target\":{\"@type\":\"EntryPoint\",\"urlTemplate\":\"https:\/\/wrent.sk\/?s={search_term_string}\"},\"query-input\":{\"@type\":\"PropertyValueSpecification\",\"valueRequired\":true,\"valueName\":\"search_term_string\"}}],\"inLanguage\":\"en-US\"},{\"@type\":\"Organization\",\"@id\":\"https:\/\/wrent.sk\/#organization\",\"name\":\"W rent Packaging technologies\",\"url\":\"https:\/\/wrent.sk\/\",\"logo\":{\"@type\":\"ImageObject\",\"inLanguage\":\"en-US\",\"@id\":\"https:\/\/wrent.sk\/#\/schema\/logo\/image\/\",\"url\":\"https:\/\/wrent.sk\/wp-content\/uploads\/2024\/09\/homelink-dark.png\",\"contentUrl\":\"https:\/\/wrent.sk\/wp-content\/uploads\/2024\/09\/homelink-dark.png\",\"width\":283,\"height\":152,\"caption\":\"W rent Packaging technologies\"},\"image\":{\"@id\":\"https:\/\/wrent.sk\/#\/schema\/logo\/image\/\"},\"sameAs\":[\"https:\/\/www.facebook.com\/wrent.sk\/?locale=sk_SK\",\"https:\/\/www.instagram.com\/wrent.sk\/\",\"https:\/\/sk.linkedin.com\/company\/w-rent\",\"https:\/\/www.youtube.com\/@wrent\"]}]}<\/script>\n<!-- \/ Yoast SEO plugin. -->","yoast_head_json":{"title":"Avvolgipack 135 AC TYRES - W rent Packaging technologies","robots":{"index":"index","follow":"follow","max-snippet":"max-snippet:-1","max-image-preview":"max-image-preview:large","max-video-preview":"max-video-preview:-1"},"canonical":"https:\/\/wrent.sk\/en\/produkt\/avvolgipack-135-ac-tyres\/","og_locale":"en_US","og_type":"article","og_title":"Avvolgipack 135 AC TYRES - W rent Packaging technologies","og_description":"Fully automatic round product packaging machine, capable of single line operation. Feeding, separating and centering of products are fully automatic. The machine can pack single tyres as well as whole bales (e.g. four tyres in a bale).","og_url":"https:\/\/wrent.sk\/en\/produkt\/avvolgipack-135-ac-tyres\/","og_site_name":"W rent Packaging technologies","article_publisher":"https:\/\/www.facebook.com\/wrent.sk\/?locale=sk_SK","article_modified_time":"2025-08-19T11:58:52+00:00","og_image":[{"width":380,"height":380,"url":"https:\/\/wrent.sk\/wp-content\/uploads\/2025\/07\/ok-135.png","type":"image\/png"}],"twitter_card":"summary_large_image","twitter_misc":{"Est. reading time":"2 minutes"},"schema":{"@context":"https:\/\/schema.org","@graph":[{"@type":"WebPage","@id":"https:\/\/wrent.sk\/en\/produkt\/avvolgipack-135-ac-tyres\/","url":"https:\/\/wrent.sk\/en\/produkt\/avvolgipack-135-ac-tyres\/","name":"Avvolgipack 135 AC TYRES - W rent Packaging technologies","isPartOf":{"@id":"https:\/\/wrent.sk\/#website"},"primaryImageOfPage":{"@id":"https:\/\/wrent.sk\/en\/produkt\/avvolgipack-135-ac-tyres\/#primaryimage"},"image":{"@id":"https:\/\/wrent.sk\/en\/produkt\/avvolgipack-135-ac-tyres\/#primaryimage"},"thumbnailUrl":"https:\/\/wrent.sk\/wp-content\/uploads\/2025\/07\/ok-135.png","datePublished":"2025-07-30T10:28:04+00:00","dateModified":"2025-08-19T11:58:52+00:00","breadcrumb":{"@id":"https:\/\/wrent.sk\/en\/produkt\/avvolgipack-135-ac-tyres\/#breadcrumb"},"inLanguage":"en-US","potentialAction":[{"@type":"ReadAction","target":["https:\/\/wrent.sk\/en\/produkt\/avvolgipack-135-ac-tyres\/"]}]},{"@type":"ImageObject","inLanguage":"en-US","@id":"https:\/\/wrent.sk\/en\/produkt\/avvolgipack-135-ac-tyres\/#primaryimage","url":"https:\/\/wrent.sk\/wp-content\/uploads\/2025\/07\/ok-135.png","contentUrl":"https:\/\/wrent.sk\/wp-content\/uploads\/2025\/07\/ok-135.png","width":380,"height":380},{"@type":"BreadcrumbList","@id":"https:\/\/wrent.sk\/en\/produkt\/avvolgipack-135-ac-tyres\/#breadcrumb","itemListElement":[{"@type":"ListItem","position":1,"name":"Domovsk\u00e1 str\u00e1nka","item":"https:\/\/wrent.sk\/en\/"},{"@type":"ListItem","position":2,"name":"Shop","item":"https:\/\/wrent.sk\/en\/shop\/"},{"@type":"ListItem","position":3,"name":"Avvolgipack 135 AC TYRES"}]},{"@type":"WebSite","@id":"https:\/\/wrent.sk\/#website","url":"https:\/\/wrent.sk\/","name":"W rent Baliace technol\u00f3gie","description":"Professional solutions in the field of packaging technologies","publisher":{"@id":"https:\/\/wrent.sk\/#organization"},"potentialAction":[{"@type":"SearchAction","target":{"@type":"EntryPoint","urlTemplate":"https:\/\/wrent.sk\/?s={search_term_string}"},"query-input":{"@type":"PropertyValueSpecification","valueRequired":true,"valueName":"search_term_string"}}],"inLanguage":"en-US"},{"@type":"Organization","@id":"https:\/\/wrent.sk\/#organization","name":"W rent Packaging technologies","url":"https:\/\/wrent.sk\/","logo":{"@type":"ImageObject","inLanguage":"en-US","@id":"https:\/\/wrent.sk\/#\/schema\/logo\/image\/","url":"https:\/\/wrent.sk\/wp-content\/uploads\/2024\/09\/homelink-dark.png","contentUrl":"https:\/\/wrent.sk\/wp-content\/uploads\/2024\/09\/homelink-dark.png","width":283,"height":152,"caption":"W rent Packaging technologies"},"image":{"@id":"https:\/\/wrent.sk\/#\/schema\/logo\/image\/"},"sameAs":["https:\/\/www.facebook.com\/wrent.sk\/?locale=sk_SK","https:\/\/www.instagram.com\/wrent.sk\/","https:\/\/sk.linkedin.com\/company\/w-rent","https:\/\/www.youtube.com\/@wrent"]}]}},"_links":{"self":[{"href":"https:\/\/wrent.sk\/en\/wp-json\/wp\/v2\/product\/71304","targetHints":{"allow":["GET"]}}],"collection":[{"href":"https:\/\/wrent.sk\/en\/wp-json\/wp\/v2\/product"}],"about":[{"href":"https:\/\/wrent.sk\/en\/wp-json\/wp\/v2\/types\/product"}],"wp:featuredmedia":[{"embeddable":true,"href":"https:\/\/wrent.sk\/en\/wp-json\/wp\/v2\/media\/71303"}],"wp:attachment":[{"href":"https:\/\/wrent.sk\/en\/wp-json\/wp\/v2\/media?parent=71304"}],"wp:term":[{"taxonomy":"product_brand","embeddable":true,"href":"https:\/\/wrent.sk\/en\/wp-json\/wp\/v2\/product_brand?post=71304"},{"taxonomy":"product_cat","embeddable":true,"href":"https:\/\/wrent.sk\/en\/wp-json\/wp\/v2\/product_cat?post=71304"},{"taxonomy":"product_tag","embeddable":true,"href":"https:\/\/wrent.sk\/en\/wp-json\/wp\/v2\/product_tag?post=71304"}],"curies":[{"name":"wp","href":"https:\/\/api.w.org\/{rel}","templated":true}]}}