{"id":78038,"date":"2025-10-14T11:06:04","date_gmt":"2025-10-14T09:06:04","guid":{"rendered":"https:\/\/wrent.sk\/produkt\/smartwasp-x100mp-packaging-machine\/"},"modified":"2025-10-16T12:01:09","modified_gmt":"2025-10-16T10:01:09","slug":"smartwasp-x100mp-packaging-machine","status":"publish","type":"product","link":"https:\/\/wrent.sk\/en\/produkt\/smartwasp-x100mp-packaging-machine\/","title":{"rendered":"SmartWasp X100mp packaging machine"},"content":{"rendered":"<h2>Pallet wrapping machine with rotating arm<\/h2>\n<p>If you need to wrap unstable, tall, light, or very heavy loads, a wrapping machine with a rotating arm is the ideal solution.<br \/>\nWith this type of wrapping system, the arm with the stretch film rotates while the load remains stationary throughout the entire cycle.<br \/>\nThis method guarantees stability, safety, and even wrapping of even the most demanding pallet loads.<\/p>\n<ul>\n<li data-start=\"837\" data-end=\"955\"><strong>Less space required<\/strong> \u2013 the machine does not require a turntable, so it can also be installed in smaller facilities.<\/li>\n<li data-start=\"837\" data-end=\"955\"><strong>No weight restrictions<\/strong> \u2013 the pallet stands firmly on the floor, so there are no weight restrictions.<\/li>\n<li data-start=\"837\" data-end=\"955\"><strong>Precise electronic control<\/strong> \u2013 the PCB system and turntable drive ensure smooth and safe operation.<\/li>\n<li data-start=\"837\" data-end=\"955\"><strong>Easy adjustment <\/strong>\u2013 the speed of the arm rotation, film tension, and number of layers can be adjusted according to the type of load.<\/li>\n<li data-start=\"837\" data-end=\"955\"><strong>Efficient packaging<\/strong> \u2013 ideal for products that cannot be rotated or could be damaged during packaging.<\/li>\n<\/ul>\n<h3 data-start=\"1432\" data-end=\"1486\">How a rotary arm packaging machine works<\/h3>\n<p data-start=\"1488\" data-end=\"1828\">After placing the pallet in the wrapping zone using a forklift or pallet jack, the operator simply starts the wrapping cycle.<br \/>\nThe machine arm begins to rotate around the pallet and apply stretch film according to a preset program.<br \/>\nThe load remains completely stationary, ensuring maximum stability and safety during packaging.<\/p>\n<p data-start=\"1830\" data-end=\"1953\">Depending on the model, a wrapping machine with a rotating arm can <strong>wrap from 25 pallets per hour to more than 300 per day.<\/strong><\/p>\n<h3 data-start=\"1960\" data-end=\"2023\">Main advantages of rotary arm packaging machines<\/h3>\n<h4 data-start=\"2025\" data-end=\"2059\">Extremely light costs<\/h4>\n<p data-start=\"2060\" data-end=\"2231\">On a standard rotating packing table, light pallets can tip over during rotation.<br \/>\nThe rotating arm eliminates this problem \u2013 the pallet remains stationary and securely packed.<\/p>\n<h4 data-start=\"2233\" data-end=\"2267\">Extremely heavy loads<\/h4>\n<p data-start=\"2268\" data-end=\"2402\">Since the table does not rotate, the machine has no weight restrictions.<br \/>\nIt can pack even very heavy or non-standard shaped pallets.<\/p>\n<h4 data-start=\"2404\" data-end=\"2449\">Environments with regular washing<\/h4>\n<p data-start=\"2450\" data-end=\"2639\">The rotating arm can be lifted to prevent contact with water during cleaning.<br \/>\nThere are no moving mechanisms on the floor that need to be protected from moisture.<\/p>\n<h4 data-start=\"2641\" data-end=\"2686\">Unstable or mixed costs<\/h4>\n<p data-start=\"2687\" data-end=\"2819\">Ideal for products with irregular shapes or uneven weights that could be damaged or scattered on a turntable.<\/p>\n<h4 data-start=\"2821\" data-end=\"2846\">High pallets<\/h4>\n<p data-start=\"2847\" data-end=\"2970\">Thanks to the stability of the load, even extremely high pallets that could fall in a conventional system can be safely packed.<\/p>\n<h3 data-start=\"2977\" data-end=\"3003\">Suitable use<\/h3>\n<p data-start=\"3004\" data-end=\"3081\">Suitable useThe wrapping machine with a rotating arm is designed for the following types of pallet loads:<\/p>\n<ul>\n<li data-start=\"3084\" data-end=\"3157\">Extremely heavy pallets where a turntable cannot be used.<\/li>\n<li data-start=\"3084\" data-end=\"3157\">High-value goods that could be damaged during rotation.<\/li>\n<li data-start=\"3084\" data-end=\"3157\">Very light or loose products that must remain stationary during packaging.<\/li>\n<li data-start=\"3084\" data-end=\"3157\">Unstable or mixed products that cannot be rotated evenly.<\/li>\n<li data-start=\"3084\" data-end=\"3157\">Operations with regular floor washing, where a mechanical drive at ground level is not desirable.<\/li>\n<\/ul>\n<p data-start=\"3513\" data-end=\"3827\">The pallet wrapping machine with a rotating arm is a modern and reliable solution for operations that require stability, precision, and versatility.<\/p>\n<p data-start=\"3513\" data-end=\"3827\">It is ideal for companies that want to increase cargo safety, streamline the packaging process, and minimize the risk of damage to goods during handling and transport.<\/p>\n<h3 data-start=\"3513\" data-end=\"3827\">MORE FLEXIBLE X1000mp &#8211; place the pallet directly on the floor<\/h3>\n<ol>\n<li>No ramp required for loading pallets<\/li>\n<li>No load weight restrictions<\/li>\n<li>Less installation space required<\/li>\n<\/ol>\n<p><img decoding=\"async\" class=\"alignnone size-medium wp-image-77819\" src=\"https:\/\/wrent.sk\/wp-content\/uploads\/2025\/10\/FLEXIBILNEJSIE-X1000mp-polozte-paletu-priamo-na-podlahu-345x400.png\" alt=\"Oto\u010dn\u00e9 rameno\" width=\"345\" height=\"400\" srcset=\"https:\/\/wrent.sk\/wp-content\/uploads\/2025\/10\/FLEXIBILNEJSIE-X1000mp-polozte-paletu-priamo-na-podlahu-345x400.png 345w, https:\/\/wrent.sk\/wp-content\/uploads\/2025\/10\/FLEXIBILNEJSIE-X1000mp-polozte-paletu-priamo-na-podlahu-362x420.png 362w, https:\/\/wrent.sk\/wp-content\/uploads\/2025\/10\/FLEXIBILNEJSIE-X1000mp-polozte-paletu-priamo-na-podlahu-86x100.png 86w, https:\/\/wrent.sk\/wp-content\/uploads\/2025\/10\/FLEXIBILNEJSIE-X1000mp-polozte-paletu-priamo-na-podlahu-26x30.png 26w, https:\/\/wrent.sk\/wp-content\/uploads\/2025\/10\/FLEXIBILNEJSIE-X1000mp-polozte-paletu-priamo-na-podlahu.png 412w\" sizes=\"(max-width: 345px) 100vw, 345px\" \/><\/p>\n<h3>Durable packing arm<\/h3>\n<ul>\n<li>The X1000mp uses a rotary bearing drive<\/li>\n<li>The rotary arm operates durably, quietly, and requires no maintenance in the future<\/li>\n<\/ul>\n<p><img decoding=\"async\" class=\"alignnone wp-image-77815 size-medium\" src=\"https:\/\/wrent.sk\/wp-content\/uploads\/2025\/10\/Odolne-baliace-rameno-400x281.png\" alt=\"Odoln\u00e9 baliace rameno\" width=\"400\" height=\"281\" srcset=\"https:\/\/wrent.sk\/wp-content\/uploads\/2025\/10\/Odolne-baliace-rameno-400x281.png 400w, https:\/\/wrent.sk\/wp-content\/uploads\/2025\/10\/Odolne-baliace-rameno-100x70.png 100w, https:\/\/wrent.sk\/wp-content\/uploads\/2025\/10\/Odolne-baliace-rameno-30x21.png 30w, https:\/\/wrent.sk\/wp-content\/uploads\/2025\/10\/Odolne-baliace-rameno.png 443w\" sizes=\"(max-width: 400px) 100vw, 400px\" \/><\/p>\n<h3>High level of packaging security<\/h3>\n<p>If the arm touches something during packaging, the entire machine stops immediately.<\/p>\n<ol>\n<li>The machine comes with an instruction manual, and in the next step, it will teach you how to operate it.<\/li>\n<li>If the device has a problem, solutions will appear on the screen to teach you how to solve the problem the first time.<\/li>\n<li>PCB control, easier maintenance<\/li>\n<\/ol>\n<h3><img decoding=\"async\" class=\"alignnone size-medium wp-image-77813\" src=\"https:\/\/wrent.sk\/wp-content\/uploads\/2025\/10\/Inteligentny-operacny-system-system-riadenia-PCB-400x305.png\" alt=\"Inteligentn\u00fd opera\u010dn\u00fd syst\u00e9m + syst\u00e9m riadenia PCB\" width=\"400\" height=\"305\" srcset=\"https:\/\/wrent.sk\/wp-content\/uploads\/2025\/10\/Inteligentny-operacny-system-system-riadenia-PCB-400x305.png 400w, https:\/\/wrent.sk\/wp-content\/uploads\/2025\/10\/Inteligentny-operacny-system-system-riadenia-PCB-100x76.png 100w, https:\/\/wrent.sk\/wp-content\/uploads\/2025\/10\/Inteligentny-operacny-system-system-riadenia-PCB-30x23.png 30w, https:\/\/wrent.sk\/wp-content\/uploads\/2025\/10\/Inteligentny-operacny-system-system-riadenia-PCB.png 467w\" sizes=\"(max-width: 400px) 100vw, 400px\" \/><\/h3>\n","protected":false},"excerpt":{"rendered":"<p>The pallet wrapping machine with a rotating arm is a modern and reliable solution for operations that require stability, precision, and versatility.<\/p>\n","protected":false},"featured_media":77812,"template":"","meta":{"_acf_changed":false},"product_brand":[],"product_cat":[624,718,759],"product_tag":[],"class_list":{"0":"post-78038","1":"product","2":"type-product","3":"status-publish","4":"has-post-thumbnail","6":"product_cat-packaging-machines","7":"product_cat-vertical-packaging-machines","8":"product_cat-automatic-vertical-wrapping-machines","9":"product_shipping_class-pallet-transport","11":"first","12":"onbackorder","13":"taxable","14":"shipping-taxable","15":"purchasable","16":"product-type-simple"},"acf":[],"yoast_head":"<!-- This site is optimized with the Yoast SEO plugin v27.0 - https:\/\/yoast.com\/product\/yoast-seo-wordpress\/ -->\n<title>SmartWasp X100mp packaging machine - W rent Packaging technologies<\/title>\n<meta name=\"description\" content=\"Smart Wasp X1000mp rotary wrapping machine \u2013 ideal for unstable or heavy pallets. Speed 30 pallets\/hour, wrapping height 2000 mm, film pre-stretch 250%.\" \/>\n<meta name=\"robots\" content=\"index, follow, max-snippet:-1, max-image-preview:large, max-video-preview:-1\" \/>\n<link rel=\"canonical\" href=\"https:\/\/wrent.sk\/en\/produkt\/smartwasp-x100mp-packaging-machine\/\" \/>\n<meta property=\"og:locale\" content=\"en_US\" \/>\n<meta property=\"og:type\" content=\"article\" \/>\n<meta property=\"og:title\" content=\"SmartWasp X100mp packaging machine - W rent Packaging technologies\" \/>\n<meta property=\"og:description\" content=\"Smart Wasp X1000mp rotary wrapping machine \u2013 ideal for unstable or heavy pallets. Speed 30 pallets\/hour, wrapping height 2000 mm, film pre-stretch 250%.\" \/>\n<meta property=\"og:url\" content=\"https:\/\/wrent.sk\/en\/produkt\/smartwasp-x100mp-packaging-machine\/\" \/>\n<meta property=\"og:site_name\" content=\"W rent Packaging technologies\" \/>\n<meta property=\"article:publisher\" content=\"https:\/\/www.facebook.com\/wrent.sk\/?locale=sk_SK\" \/>\n<meta property=\"article:modified_time\" content=\"2025-10-16T10:01:09+00:00\" \/>\n<meta property=\"og:image\" content=\"https:\/\/wrent.sk\/wp-content\/uploads\/2025\/10\/samrtwasp-otocne-rameno.png\" \/>\n\t<meta property=\"og:image:width\" content=\"420\" \/>\n\t<meta property=\"og:image:height\" content=\"420\" \/>\n\t<meta property=\"og:image:type\" content=\"image\/png\" \/>\n<meta name=\"twitter:card\" content=\"summary_large_image\" \/>\n<meta name=\"twitter:label1\" content=\"Est. reading time\" \/>\n\t<meta name=\"twitter:data1\" content=\"5 minutes\" \/>\n<script type=\"application\/ld+json\" class=\"yoast-schema-graph\">{\"@context\":\"https:\/\/schema.org\",\"@graph\":[{\"@type\":\"WebPage\",\"@id\":\"https:\/\/wrent.sk\/en\/produkt\/smartwasp-x100mp-packaging-machine\/\",\"url\":\"https:\/\/wrent.sk\/en\/produkt\/smartwasp-x100mp-packaging-machine\/\",\"name\":\"SmartWasp X100mp packaging machine - W rent Packaging technologies\",\"isPartOf\":{\"@id\":\"https:\/\/wrent.sk\/#website\"},\"primaryImageOfPage\":{\"@id\":\"https:\/\/wrent.sk\/en\/produkt\/smartwasp-x100mp-packaging-machine\/#primaryimage\"},\"image\":{\"@id\":\"https:\/\/wrent.sk\/en\/produkt\/smartwasp-x100mp-packaging-machine\/#primaryimage\"},\"thumbnailUrl\":\"https:\/\/wrent.sk\/wp-content\/uploads\/2025\/10\/samrtwasp-otocne-rameno.png\",\"datePublished\":\"2025-10-14T09:06:04+00:00\",\"dateModified\":\"2025-10-16T10:01:09+00:00\",\"description\":\"Smart Wasp X1000mp rotary wrapping machine \u2013 ideal for unstable or heavy pallets. Speed 30 pallets\/hour, wrapping height 2000 mm, film pre-stretch 250%.\",\"breadcrumb\":{\"@id\":\"https:\/\/wrent.sk\/en\/produkt\/smartwasp-x100mp-packaging-machine\/#breadcrumb\"},\"inLanguage\":\"en-US\",\"potentialAction\":[{\"@type\":\"ReadAction\",\"target\":[\"https:\/\/wrent.sk\/en\/produkt\/smartwasp-x100mp-packaging-machine\/\"]}]},{\"@type\":\"ImageObject\",\"inLanguage\":\"en-US\",\"@id\":\"https:\/\/wrent.sk\/en\/produkt\/smartwasp-x100mp-packaging-machine\/#primaryimage\",\"url\":\"https:\/\/wrent.sk\/wp-content\/uploads\/2025\/10\/samrtwasp-otocne-rameno.png\",\"contentUrl\":\"https:\/\/wrent.sk\/wp-content\/uploads\/2025\/10\/samrtwasp-otocne-rameno.png\",\"width\":420,\"height\":420,\"caption\":\"oto\u010dn\u00e9 rameno na balenie paliet\"},{\"@type\":\"BreadcrumbList\",\"@id\":\"https:\/\/wrent.sk\/en\/produkt\/smartwasp-x100mp-packaging-machine\/#breadcrumb\",\"itemListElement\":[{\"@type\":\"ListItem\",\"position\":1,\"name\":\"Domovsk\u00e1 str\u00e1nka\",\"item\":\"https:\/\/wrent.sk\/en\/home\/\"},{\"@type\":\"ListItem\",\"position\":2,\"name\":\"Shop\",\"item\":\"https:\/\/wrent.sk\/en\/shop\/\"},{\"@type\":\"ListItem\",\"position\":3,\"name\":\"SmartWasp X100mp packaging machine\"}]},{\"@type\":\"WebSite\",\"@id\":\"https:\/\/wrent.sk\/#website\",\"url\":\"https:\/\/wrent.sk\/\",\"name\":\"W rent Baliace technol\u00f3gie\",\"description\":\"Professional solutions in the field of packaging technologies\",\"publisher\":{\"@id\":\"https:\/\/wrent.sk\/#organization\"},\"potentialAction\":[{\"@type\":\"SearchAction\",\"target\":{\"@type\":\"EntryPoint\",\"urlTemplate\":\"https:\/\/wrent.sk\/?s={search_term_string}\"},\"query-input\":{\"@type\":\"PropertyValueSpecification\",\"valueRequired\":true,\"valueName\":\"search_term_string\"}}],\"inLanguage\":\"en-US\"},{\"@type\":\"Organization\",\"@id\":\"https:\/\/wrent.sk\/#organization\",\"name\":\"W rent Packaging technologies\",\"url\":\"https:\/\/wrent.sk\/\",\"logo\":{\"@type\":\"ImageObject\",\"inLanguage\":\"en-US\",\"@id\":\"https:\/\/wrent.sk\/#\/schema\/logo\/image\/\",\"url\":\"https:\/\/wrent.sk\/wp-content\/uploads\/2024\/09\/homelink-dark.png\",\"contentUrl\":\"https:\/\/wrent.sk\/wp-content\/uploads\/2024\/09\/homelink-dark.png\",\"width\":283,\"height\":152,\"caption\":\"W rent Packaging technologies\"},\"image\":{\"@id\":\"https:\/\/wrent.sk\/#\/schema\/logo\/image\/\"},\"sameAs\":[\"https:\/\/www.facebook.com\/wrent.sk\/?locale=sk_SK\",\"https:\/\/www.instagram.com\/wrent.sk\/\",\"https:\/\/sk.linkedin.com\/company\/w-rent\",\"https:\/\/www.youtube.com\/@wrent\"]}]}<\/script>\n<!-- \/ Yoast SEO plugin. -->","yoast_head_json":{"title":"SmartWasp X100mp packaging machine - W rent Packaging technologies","description":"Smart Wasp X1000mp rotary wrapping machine \u2013 ideal for unstable or heavy pallets. Speed 30 pallets\/hour, wrapping height 2000 mm, film pre-stretch 250%.","robots":{"index":"index","follow":"follow","max-snippet":"max-snippet:-1","max-image-preview":"max-image-preview:large","max-video-preview":"max-video-preview:-1"},"canonical":"https:\/\/wrent.sk\/en\/produkt\/smartwasp-x100mp-packaging-machine\/","og_locale":"en_US","og_type":"article","og_title":"SmartWasp X100mp packaging machine - W rent Packaging technologies","og_description":"Smart Wasp X1000mp rotary wrapping machine \u2013 ideal for unstable or heavy pallets. Speed 30 pallets\/hour, wrapping height 2000 mm, film pre-stretch 250%.","og_url":"https:\/\/wrent.sk\/en\/produkt\/smartwasp-x100mp-packaging-machine\/","og_site_name":"W rent Packaging technologies","article_publisher":"https:\/\/www.facebook.com\/wrent.sk\/?locale=sk_SK","article_modified_time":"2025-10-16T10:01:09+00:00","og_image":[{"width":420,"height":420,"url":"https:\/\/wrent.sk\/wp-content\/uploads\/2025\/10\/samrtwasp-otocne-rameno.png","type":"image\/png"}],"twitter_card":"summary_large_image","twitter_misc":{"Est. reading time":"5 minutes"},"schema":{"@context":"https:\/\/schema.org","@graph":[{"@type":"WebPage","@id":"https:\/\/wrent.sk\/en\/produkt\/smartwasp-x100mp-packaging-machine\/","url":"https:\/\/wrent.sk\/en\/produkt\/smartwasp-x100mp-packaging-machine\/","name":"SmartWasp X100mp packaging machine - W rent Packaging technologies","isPartOf":{"@id":"https:\/\/wrent.sk\/#website"},"primaryImageOfPage":{"@id":"https:\/\/wrent.sk\/en\/produkt\/smartwasp-x100mp-packaging-machine\/#primaryimage"},"image":{"@id":"https:\/\/wrent.sk\/en\/produkt\/smartwasp-x100mp-packaging-machine\/#primaryimage"},"thumbnailUrl":"https:\/\/wrent.sk\/wp-content\/uploads\/2025\/10\/samrtwasp-otocne-rameno.png","datePublished":"2025-10-14T09:06:04+00:00","dateModified":"2025-10-16T10:01:09+00:00","description":"Smart Wasp X1000mp rotary wrapping machine \u2013 ideal for unstable or heavy pallets. Speed 30 pallets\/hour, wrapping height 2000 mm, film pre-stretch 250%.","breadcrumb":{"@id":"https:\/\/wrent.sk\/en\/produkt\/smartwasp-x100mp-packaging-machine\/#breadcrumb"},"inLanguage":"en-US","potentialAction":[{"@type":"ReadAction","target":["https:\/\/wrent.sk\/en\/produkt\/smartwasp-x100mp-packaging-machine\/"]}]},{"@type":"ImageObject","inLanguage":"en-US","@id":"https:\/\/wrent.sk\/en\/produkt\/smartwasp-x100mp-packaging-machine\/#primaryimage","url":"https:\/\/wrent.sk\/wp-content\/uploads\/2025\/10\/samrtwasp-otocne-rameno.png","contentUrl":"https:\/\/wrent.sk\/wp-content\/uploads\/2025\/10\/samrtwasp-otocne-rameno.png","width":420,"height":420,"caption":"oto\u010dn\u00e9 rameno na balenie paliet"},{"@type":"BreadcrumbList","@id":"https:\/\/wrent.sk\/en\/produkt\/smartwasp-x100mp-packaging-machine\/#breadcrumb","itemListElement":[{"@type":"ListItem","position":1,"name":"Domovsk\u00e1 str\u00e1nka","item":"https:\/\/wrent.sk\/en\/home\/"},{"@type":"ListItem","position":2,"name":"Shop","item":"https:\/\/wrent.sk\/en\/shop\/"},{"@type":"ListItem","position":3,"name":"SmartWasp X100mp packaging machine"}]},{"@type":"WebSite","@id":"https:\/\/wrent.sk\/#website","url":"https:\/\/wrent.sk\/","name":"W rent Baliace technol\u00f3gie","description":"Professional solutions in the field of packaging technologies","publisher":{"@id":"https:\/\/wrent.sk\/#organization"},"potentialAction":[{"@type":"SearchAction","target":{"@type":"EntryPoint","urlTemplate":"https:\/\/wrent.sk\/?s={search_term_string}"},"query-input":{"@type":"PropertyValueSpecification","valueRequired":true,"valueName":"search_term_string"}}],"inLanguage":"en-US"},{"@type":"Organization","@id":"https:\/\/wrent.sk\/#organization","name":"W rent Packaging technologies","url":"https:\/\/wrent.sk\/","logo":{"@type":"ImageObject","inLanguage":"en-US","@id":"https:\/\/wrent.sk\/#\/schema\/logo\/image\/","url":"https:\/\/wrent.sk\/wp-content\/uploads\/2024\/09\/homelink-dark.png","contentUrl":"https:\/\/wrent.sk\/wp-content\/uploads\/2024\/09\/homelink-dark.png","width":283,"height":152,"caption":"W rent Packaging technologies"},"image":{"@id":"https:\/\/wrent.sk\/#\/schema\/logo\/image\/"},"sameAs":["https:\/\/www.facebook.com\/wrent.sk\/?locale=sk_SK","https:\/\/www.instagram.com\/wrent.sk\/","https:\/\/sk.linkedin.com\/company\/w-rent","https:\/\/www.youtube.com\/@wrent"]}]}},"_links":{"self":[{"href":"https:\/\/wrent.sk\/en\/wp-json\/wp\/v2\/product\/78038","targetHints":{"allow":["GET"]}}],"collection":[{"href":"https:\/\/wrent.sk\/en\/wp-json\/wp\/v2\/product"}],"about":[{"href":"https:\/\/wrent.sk\/en\/wp-json\/wp\/v2\/types\/product"}],"wp:featuredmedia":[{"embeddable":true,"href":"https:\/\/wrent.sk\/en\/wp-json\/wp\/v2\/media\/77812"}],"wp:attachment":[{"href":"https:\/\/wrent.sk\/en\/wp-json\/wp\/v2\/media?parent=78038"}],"wp:term":[{"taxonomy":"product_brand","embeddable":true,"href":"https:\/\/wrent.sk\/en\/wp-json\/wp\/v2\/product_brand?post=78038"},{"taxonomy":"product_cat","embeddable":true,"href":"https:\/\/wrent.sk\/en\/wp-json\/wp\/v2\/product_cat?post=78038"},{"taxonomy":"product_tag","embeddable":true,"href":"https:\/\/wrent.sk\/en\/wp-json\/wp\/v2\/product_tag?post=78038"}],"curies":[{"name":"wp","href":"https:\/\/api.w.org\/{rel}","templated":true}]}}