{"id":78039,"date":"2025-10-14T12:07:33","date_gmt":"2025-10-14T10:07:33","guid":{"rendered":"https:\/\/wrent.sk\/produkt\/airport-packaging-machine-smartwasp-x0bg\/"},"modified":"2025-10-14T12:07:33","modified_gmt":"2025-10-14T10:07:33","slug":"airport-packaging-machine-smartwasp-x0bg","status":"publish","type":"product","link":"https:\/\/wrent.sk\/en\/produkt\/airport-packaging-machine-smartwasp-x0bg\/","title":{"rendered":"Airport packaging machine SmartWasp X0bg"},"content":{"rendered":"<h2 data-start=\"226\" data-end=\"283\">SMART WASP airport baggage wrapping machine<\/h2>\n<h3 data-start=\"285\" data-end=\"356\">The best solution for safe and efficient luggage packing<\/h3>\n<p data-start=\"358\" data-end=\"679\">The SMART WASP luggage wrapping machine is a modern and reliable solution for airports, hotels, bus terminals, train stations, and ports.<br \/>\nThe system uses LLDPE stretch film to protect suitcases, bags, packages, and other items from damage, theft, unauthorized tampering, and contamination.<\/p>\n<p data-start=\"681\" data-end=\"883\">Thanks to two adjustable arms, the machine can be easily adjusted to different luggage sizes, making it ideal for packing suitcases, travel bags, backpacks, boxes, or other items with unusual shapes.<\/p>\n<h3 data-start=\"890\" data-end=\"937\">Key features of the SMART WASP machine<\/h3>\n<ul>\n<li data-start=\"941\" data-end=\"1077\"><strong>Safety and durability:<\/strong> Robust stretch film provides reliable protection against scratches, moisture, and mechanical damage.<br \/>\nProtection against unauthorized tampering: Film wrapping provides visual evidence of tampering, thereby increasing luggage security.<\/li>\n<li data-start=\"941\" data-end=\"1077\"><strong>Fast and efficient operation:<\/strong> SMART WASP technology enables fast and smooth packaging of luggage of various sizes.<\/li>\n<li data-start=\"941\" data-end=\"1077\"><strong>Affordability:<\/strong> Maximum protection for your luggage without high operating costs.<br \/>\nPersonalization: Choice of different film colors and thicknesses to suit your operational needs.<\/li>\n<li data-start=\"941\" data-end=\"1077\"><strong>Smart features:<\/strong> Automatic film replacement, AI-controlled packaging, and quality control via sensors.<\/li>\n<li data-start=\"941\" data-end=\"1077\"><strong>Remote monitoring and control:<\/strong> The machine can be managed and maintained remotely using a smart system.<\/li>\n<\/ul>\n<h3 data-start=\"1785\" data-end=\"1822\"><strong data-start=\"1792\" data-end=\"1822\">Pre\u010do si vybra\u0165 SMART WASP<\/strong><\/h3>\n<ul>\n<li data-start=\"1826\" data-end=\"1923\"><strong data-start=\"1826\" data-end=\"1851\">Zv\u00fd\u0161en\u00e1 produktivita:<\/strong> Automatick\u00e9 balenie v\u00fdrazne skracuje \u010das a potrebu manu\u00e1lnej obsluhy.<\/li>\n<li data-start=\"1926\" data-end=\"2030\"><strong data-start=\"1926\" data-end=\"1951\">Konzistentn\u00e1 kvalita:<\/strong> Inteligentn\u00e9 senzory a algoritmy AI zabezpe\u010duj\u00fa presn\u00e9 a rovnomern\u00e9 balenie.<\/li>\n<li data-start=\"2033\" data-end=\"2135\"><strong data-start=\"2033\" data-end=\"2065\">Maxim\u00e1lna stabilita n\u00e1kladu:<\/strong> Inteligentn\u00e9 funkcie stabiliz\u00e1cie udr\u017euj\u00fa bato\u017einu pevne na mieste.<\/li>\n<li data-start=\"2138\" data-end=\"2249\"><strong data-start=\"2138\" data-end=\"2158\">\u00daspora n\u00e1kladov:<\/strong> Zn\u00ed\u017eenie spotreby f\u00f3lie, minimaliz\u00e1cia po\u0161kodenia bato\u017einy a ni\u017e\u0161ie prev\u00e1dzkov\u00e9 n\u00e1klady.<\/li>\n<li data-start=\"2252\" data-end=\"2356\"><strong data-start=\"2252\" data-end=\"2269\">Udr\u017eate\u013enos\u0165:<\/strong> Optimalizovan\u00e9 vyu\u017eitie materi\u00e1lu zni\u017euje odpad a prispieva k ekologickej prev\u00e1dzke.<\/li>\n<\/ul>\n<h3 data-start=\"2363\" data-end=\"2420\"><strong data-start=\"2370\" data-end=\"2420\">Ako si vybra\u0165 spr\u00e1vny baliaci stroj SMART WASP<\/strong><\/h3>\n<p data-start=\"2422\" data-end=\"2485\">Pri v\u00fdbere vhodn\u00e9ho baliaceho stroja pre va\u0161u prev\u00e1dzku zv\u00e1\u017ete:<\/p>\n<ol>\n<li data-start=\"2490\" data-end=\"2541\"><strong data-start=\"2490\" data-end=\"2510\">R\u00fdchlos\u0165 balenia<\/strong> \u2013 pod\u013ea intenzity prev\u00e1dzky.<\/li>\n<li data-start=\"2545\" data-end=\"2598\"><strong data-start=\"2545\" data-end=\"2556\">Nosnos\u0165<\/strong> \u2013 ve\u013ekos\u0165 a hmotnos\u0165 typickej bato\u017einy.<\/li>\n<li data-start=\"2602\" data-end=\"2695\"><strong data-start=\"2602\" data-end=\"2628\">Vzory a re\u017eimy balenia<\/strong> \u2013 modely s AI pon\u00fakaj\u00fa variabiln\u00e9 re\u017eimy pre r\u00f4zne typy n\u00e1kladu.<\/li>\n<li data-start=\"2699\" data-end=\"2787\"><strong data-start=\"2699\" data-end=\"2734\">Automatick\u00fd syst\u00e9m v\u00fdmeny f\u00f3lie<\/strong> \u2013 zabezpe\u010duje nepretr\u017eit\u00fa prev\u00e1dzku bez prestojov.<\/li>\n<li data-start=\"2791\" data-end=\"2872\"><strong data-start=\"2791\" data-end=\"2815\">Inteligentn\u00e9 senzory<\/strong> \u2013 zaru\u010duj\u00fa presn\u00e9 napnutie a kontrolu kvality balenia.<\/li>\n<li data-start=\"2876\" data-end=\"2955\"><strong data-start=\"2876\" data-end=\"2914\">Dia\u013ekov\u00e9 ovl\u00e1danie a monitorovanie<\/strong> \u2013 u\u013eah\u010duje \u00fadr\u017ebu a spr\u00e1vu zariadenia.<\/li>\n<li data-start=\"2959\" data-end=\"3044\"><strong data-start=\"2959\" data-end=\"2983\">Stabiliz\u00e1cia n\u00e1kladu<\/strong> \u2013 d\u00f4le\u017eit\u00e1 pri balen\u00ed \u0165a\u017e\u0161\u00edch alebo netypick\u00fdch predmetov.<\/li>\n<li data-start=\"3048\" data-end=\"3137\"><strong data-start=\"3048\" data-end=\"3089\">N\u00e1klady a n\u00e1vratnos\u0165 invest\u00edcie (ROI)<\/strong> \u2013 pomer ceny, efektivity a \u017eivotnosti stroja.<\/li>\n<\/ol>\n<h3>Available types of SMART WASP packaging solutions<\/h3>\n<table>\n<thead>\n<tr>\n<th><strong>Type of Equipment<\/strong><\/th>\n<th><strong>Description<\/strong><\/th>\n<\/tr>\n<\/thead>\n<tbody>\n<tr>\n<td><strong>Semi-Automatic Machines<\/strong><\/td>\n<td>Require minimal operator involvement \u2013 ideal for smaller operations.<\/td>\n<\/tr>\n<tr>\n<td><strong>Fully Automatic Machines<\/strong><\/td>\n<td>Provide complete automation for high-volume packaging.<\/td>\n<\/tr>\n<tr>\n<td><strong>Robotic Wrapping Machines<\/strong><\/td>\n<td>Utilize robotic arms for precise and efficient wrapping.<\/td>\n<\/tr>\n<tr>\n<td><strong>Mobile Wrapping Machines<\/strong><\/td>\n<td>Portable solutions suitable for multiple workstations or locations.<\/td>\n<\/tr>\n<tr>\n<td><strong>Customized Machines<\/strong><\/td>\n<td>Tailored to specific dimensions or customer requirements.<\/td>\n<\/tr>\n<tr>\n<td><strong>Integrated Systems<\/strong><\/td>\n<td>Connected with conveyors and automated production lines.<\/td>\n<\/tr>\n<tr>\n<td><strong>Cloud-Based Solutions<\/strong><\/td>\n<td>Enable remote operation and monitoring via the internet.<\/td>\n<\/tr>\n<\/tbody>\n<\/table>\n<p>The SMART WASP baggage wrapping machine combines innovation, safety, and efficiency.<br \/>\nIt is designed for airports and transport terminals looking for a reliable solution for baggage protection.<br \/>\nWith its intelligent control, automatic film replacement system, and quality sensors, it represents the cutting edge of modern wrapping technology.<\/p>\n<h3>Location and security of equipment<\/h3>\n<p>Double-arm fasteners position and secure luggage. Automatic tightening and a strong clamping device ensure that goods do not slip.<\/p>\n<p><img decoding=\"async\" class=\"alignnone size-medium wp-image-77843\" src=\"https:\/\/wrent.sk\/wp-content\/uploads\/2025\/10\/Lokalizacia-a-zabezpecenie-zariadenia-400x334.jpg\" alt=\"Lokalizacia-a-zabezpecenie-zariadenia\" width=\"400\" height=\"334\" srcset=\"https:\/\/wrent.sk\/wp-content\/uploads\/2025\/10\/Lokalizacia-a-zabezpecenie-zariadenia-400x334.jpg 400w, https:\/\/wrent.sk\/wp-content\/uploads\/2025\/10\/Lokalizacia-a-zabezpecenie-zariadenia-768x640.jpg 768w, https:\/\/wrent.sk\/wp-content\/uploads\/2025\/10\/Lokalizacia-a-zabezpecenie-zariadenia-504x420.jpg 504w, https:\/\/wrent.sk\/wp-content\/uploads\/2025\/10\/Lokalizacia-a-zabezpecenie-zariadenia-500x417.jpg 500w, https:\/\/wrent.sk\/wp-content\/uploads\/2025\/10\/Lokalizacia-a-zabezpecenie-zariadenia-100x83.jpg 100w, https:\/\/wrent.sk\/wp-content\/uploads\/2025\/10\/Lokalizacia-a-zabezpecenie-zariadenia-30x25.jpg 30w, https:\/\/wrent.sk\/wp-content\/uploads\/2025\/10\/Lokalizacia-a-zabezpecenie-zariadenia.jpg 800w\" sizes=\"(max-width: 400px) 100vw, 400px\" \/><\/p>\n<p>X-Line touch screen: our baggage wrapping machine at airports is intuitive, easy to understand and operate.<\/p>\n<p><strong>1. X-line IoT technology:<\/strong> Intuitive, easy to operate.<\/p>\n<p><strong>2,300% pre-stretch speed:<\/strong> Our wrapping machine can stretch the film from 1 m to 3.5 m, which can save even more costs.<\/p>\n<p><strong>3. Photoelectric sensor:<\/strong> Thanks to the height of the photoelectric sensor&#8217;s induction packaging, it is smarter and faster.<\/p>\n<h3><img decoding=\"async\" class=\"alignnone size-medium wp-image-77849\" src=\"https:\/\/wrent.sk\/wp-content\/uploads\/2025\/10\/Inteligentny-dotykovy-operacny-system-400x334.jpg\" alt=\"Inteligentn\u00fd dotykov\u00fd opera\u010dn\u00fd syst\u00e9m\" width=\"400\" height=\"334\" srcset=\"https:\/\/wrent.sk\/wp-content\/uploads\/2025\/10\/Inteligentny-dotykovy-operacny-system-400x334.jpg 400w, https:\/\/wrent.sk\/wp-content\/uploads\/2025\/10\/Inteligentny-dotykovy-operacny-system-768x640.jpg 768w, https:\/\/wrent.sk\/wp-content\/uploads\/2025\/10\/Inteligentny-dotykovy-operacny-system-504x420.jpg 504w, https:\/\/wrent.sk\/wp-content\/uploads\/2025\/10\/Inteligentny-dotykovy-operacny-system-500x417.jpg 500w, https:\/\/wrent.sk\/wp-content\/uploads\/2025\/10\/Inteligentny-dotykovy-operacny-system-100x83.jpg 100w, https:\/\/wrent.sk\/wp-content\/uploads\/2025\/10\/Inteligentny-dotykovy-operacny-system-30x25.jpg 30w, https:\/\/wrent.sk\/wp-content\/uploads\/2025\/10\/Inteligentny-dotykovy-operacny-system.jpg 800w\" sizes=\"(max-width: 400px) 100vw, 400px\" \/><\/h3>\n<h3>Film consumption savings<\/h3>\n<ul>\n<li>300% pre-stretch ratio<br \/>\nMaximize the value of every meter of stretch film for luggage<\/li>\n<li>Standard film with constant release<\/li>\n<li>Packaging with a fixed point and quantitative film consumption<\/li>\n<\/ul>\n<p><img decoding=\"async\" class=\"alignnone size-medium wp-image-77845\" src=\"https:\/\/wrent.sk\/wp-content\/uploads\/2025\/10\/Uspora-spotreby-filmu-1-400x334.jpg\" alt=\"\u00faspora spotreby f\u00f3lie\" width=\"400\" height=\"334\" srcset=\"https:\/\/wrent.sk\/wp-content\/uploads\/2025\/10\/Uspora-spotreby-filmu-1-400x334.jpg 400w, https:\/\/wrent.sk\/wp-content\/uploads\/2025\/10\/Uspora-spotreby-filmu-1-768x640.jpg 768w, https:\/\/wrent.sk\/wp-content\/uploads\/2025\/10\/Uspora-spotreby-filmu-1-504x420.jpg 504w, https:\/\/wrent.sk\/wp-content\/uploads\/2025\/10\/Uspora-spotreby-filmu-1-500x417.jpg 500w, https:\/\/wrent.sk\/wp-content\/uploads\/2025\/10\/Uspora-spotreby-filmu-1-100x83.jpg 100w, https:\/\/wrent.sk\/wp-content\/uploads\/2025\/10\/Uspora-spotreby-filmu-1-30x25.jpg 30w, https:\/\/wrent.sk\/wp-content\/uploads\/2025\/10\/Uspora-spotreby-filmu-1.jpg 800w\" sizes=\"(max-width: 400px) 100vw, 400px\" \/><\/p>\n<h3>Optional weight<\/h3>\n<p>The weighing device of the airport baggage packaging machine is optional and can be equipped according to customer requirements. It helps users accurately know the weight of each package.<\/p>\n<p><img decoding=\"async\" class=\"alignnone size-medium wp-image-77847\" src=\"https:\/\/wrent.sk\/wp-content\/uploads\/2025\/10\/Volitelna-vaha-400x334.jpg\" alt=\"Volitelna-vaha\" width=\"400\" height=\"334\" srcset=\"https:\/\/wrent.sk\/wp-content\/uploads\/2025\/10\/Volitelna-vaha-400x334.jpg 400w, https:\/\/wrent.sk\/wp-content\/uploads\/2025\/10\/Volitelna-vaha-768x640.jpg 768w, https:\/\/wrent.sk\/wp-content\/uploads\/2025\/10\/Volitelna-vaha-504x420.jpg 504w, https:\/\/wrent.sk\/wp-content\/uploads\/2025\/10\/Volitelna-vaha-500x417.jpg 500w, https:\/\/wrent.sk\/wp-content\/uploads\/2025\/10\/Volitelna-vaha-100x83.jpg 100w, https:\/\/wrent.sk\/wp-content\/uploads\/2025\/10\/Volitelna-vaha-30x25.jpg 30w, https:\/\/wrent.sk\/wp-content\/uploads\/2025\/10\/Volitelna-vaha.jpg 800w\" sizes=\"(max-width: 400px) 100vw, 400px\" \/><\/p>\n<p>&nbsp;<\/p>\n","protected":false},"excerpt":{"rendered":"<p>SMART WASP airport baggage wrapping machine<\/p>\n","protected":false},"featured_media":77852,"template":"","meta":{"_acf_changed":false},"product_brand":[],"product_cat":[624,718,707],"product_tag":[],"class_list":{"0":"post-78039","1":"product","2":"type-product","3":"status-publish","4":"has-post-thumbnail","6":"product_cat-packaging-machines","7":"product_cat-vertical-packaging-machines","8":"product_cat-semi-automatic-vertical-wrapping-machines","9":"product_shipping_class-pallet-transport","11":"first","12":"onbackorder","13":"taxable","14":"shipping-taxable","15":"purchasable","16":"product-type-simple"},"acf":[],"yoast_head":"<!-- This site is optimized with the Yoast SEO plugin v27.0 - https:\/\/yoast.com\/product\/yoast-seo-wordpress\/ -->\n<title>Airport packaging machine SmartWasp X0bg - W rent Packaging technologies<\/title>\n<meta name=\"description\" content=\"An automated solution for airports with AI sensors, remote control, and high protection of luggage against damage and theft.\" \/>\n<meta name=\"robots\" content=\"index, follow, max-snippet:-1, max-image-preview:large, max-video-preview:-1\" \/>\n<link rel=\"canonical\" href=\"https:\/\/wrent.sk\/en\/produkt\/airport-packaging-machine-smartwasp-x0bg\/\" \/>\n<meta property=\"og:locale\" content=\"en_US\" \/>\n<meta property=\"og:type\" content=\"article\" \/>\n<meta property=\"og:title\" content=\"Airport packaging machine SmartWasp X0bg - W rent Packaging technologies\" \/>\n<meta property=\"og:description\" content=\"An automated solution for airports with AI sensors, remote control, and high protection of luggage against damage and theft.\" \/>\n<meta property=\"og:url\" content=\"https:\/\/wrent.sk\/en\/produkt\/airport-packaging-machine-smartwasp-x0bg\/\" \/>\n<meta property=\"og:site_name\" content=\"W rent Packaging technologies\" \/>\n<meta property=\"article:publisher\" content=\"https:\/\/www.facebook.com\/wrent.sk\/?locale=sk_SK\" \/>\n<meta property=\"og:image\" content=\"https:\/\/wrent.sk\/wp-content\/uploads\/2025\/10\/balenie-kufrov.png\" \/>\n\t<meta property=\"og:image:width\" content=\"420\" \/>\n\t<meta property=\"og:image:height\" content=\"420\" \/>\n\t<meta property=\"og:image:type\" content=\"image\/png\" \/>\n<meta name=\"twitter:card\" content=\"summary_large_image\" \/>\n<meta name=\"twitter:label1\" content=\"Est. reading time\" \/>\n\t<meta name=\"twitter:data1\" content=\"3 minutes\" \/>\n<script type=\"application\/ld+json\" class=\"yoast-schema-graph\">{\"@context\":\"https:\/\/schema.org\",\"@graph\":[{\"@type\":\"WebPage\",\"@id\":\"https:\/\/wrent.sk\/en\/produkt\/airport-packaging-machine-smartwasp-x0bg\/\",\"url\":\"https:\/\/wrent.sk\/en\/produkt\/airport-packaging-machine-smartwasp-x0bg\/\",\"name\":\"Airport packaging machine SmartWasp X0bg - W rent Packaging technologies\",\"isPartOf\":{\"@id\":\"https:\/\/wrent.sk\/#website\"},\"primaryImageOfPage\":{\"@id\":\"https:\/\/wrent.sk\/en\/produkt\/airport-packaging-machine-smartwasp-x0bg\/#primaryimage\"},\"image\":{\"@id\":\"https:\/\/wrent.sk\/en\/produkt\/airport-packaging-machine-smartwasp-x0bg\/#primaryimage\"},\"thumbnailUrl\":\"https:\/\/wrent.sk\/wp-content\/uploads\/2025\/10\/balenie-kufrov.png\",\"datePublished\":\"2025-10-14T10:07:33+00:00\",\"description\":\"An automated solution for airports with AI sensors, remote control, and high protection of luggage against damage and theft.\",\"breadcrumb\":{\"@id\":\"https:\/\/wrent.sk\/en\/produkt\/airport-packaging-machine-smartwasp-x0bg\/#breadcrumb\"},\"inLanguage\":\"en-US\",\"potentialAction\":[{\"@type\":\"ReadAction\",\"target\":[\"https:\/\/wrent.sk\/en\/produkt\/airport-packaging-machine-smartwasp-x0bg\/\"]}]},{\"@type\":\"ImageObject\",\"inLanguage\":\"en-US\",\"@id\":\"https:\/\/wrent.sk\/en\/produkt\/airport-packaging-machine-smartwasp-x0bg\/#primaryimage\",\"url\":\"https:\/\/wrent.sk\/wp-content\/uploads\/2025\/10\/balenie-kufrov.png\",\"contentUrl\":\"https:\/\/wrent.sk\/wp-content\/uploads\/2025\/10\/balenie-kufrov.png\",\"width\":420,\"height\":420},{\"@type\":\"BreadcrumbList\",\"@id\":\"https:\/\/wrent.sk\/en\/produkt\/airport-packaging-machine-smartwasp-x0bg\/#breadcrumb\",\"itemListElement\":[{\"@type\":\"ListItem\",\"position\":1,\"name\":\"Domovsk\u00e1 str\u00e1nka\",\"item\":\"https:\/\/wrent.sk\/en\/home\/\"},{\"@type\":\"ListItem\",\"position\":2,\"name\":\"Shop\",\"item\":\"https:\/\/wrent.sk\/en\/shop\/\"},{\"@type\":\"ListItem\",\"position\":3,\"name\":\"Airport packaging machine SmartWasp X0bg\"}]},{\"@type\":\"WebSite\",\"@id\":\"https:\/\/wrent.sk\/#website\",\"url\":\"https:\/\/wrent.sk\/\",\"name\":\"W rent Baliace technol\u00f3gie\",\"description\":\"Professional solutions in the field of packaging technologies\",\"publisher\":{\"@id\":\"https:\/\/wrent.sk\/#organization\"},\"potentialAction\":[{\"@type\":\"SearchAction\",\"target\":{\"@type\":\"EntryPoint\",\"urlTemplate\":\"https:\/\/wrent.sk\/?s={search_term_string}\"},\"query-input\":{\"@type\":\"PropertyValueSpecification\",\"valueRequired\":true,\"valueName\":\"search_term_string\"}}],\"inLanguage\":\"en-US\"},{\"@type\":\"Organization\",\"@id\":\"https:\/\/wrent.sk\/#organization\",\"name\":\"W rent Packaging technologies\",\"url\":\"https:\/\/wrent.sk\/\",\"logo\":{\"@type\":\"ImageObject\",\"inLanguage\":\"en-US\",\"@id\":\"https:\/\/wrent.sk\/#\/schema\/logo\/image\/\",\"url\":\"https:\/\/wrent.sk\/wp-content\/uploads\/2024\/09\/homelink-dark.png\",\"contentUrl\":\"https:\/\/wrent.sk\/wp-content\/uploads\/2024\/09\/homelink-dark.png\",\"width\":283,\"height\":152,\"caption\":\"W rent Packaging technologies\"},\"image\":{\"@id\":\"https:\/\/wrent.sk\/#\/schema\/logo\/image\/\"},\"sameAs\":[\"https:\/\/www.facebook.com\/wrent.sk\/?locale=sk_SK\",\"https:\/\/www.instagram.com\/wrent.sk\/\",\"https:\/\/sk.linkedin.com\/company\/w-rent\",\"https:\/\/www.youtube.com\/@wrent\"]}]}<\/script>\n<!-- \/ Yoast SEO plugin. -->","yoast_head_json":{"title":"Airport packaging machine SmartWasp X0bg - W rent Packaging technologies","description":"An automated solution for airports with AI sensors, remote control, and high protection of luggage against damage and theft.","robots":{"index":"index","follow":"follow","max-snippet":"max-snippet:-1","max-image-preview":"max-image-preview:large","max-video-preview":"max-video-preview:-1"},"canonical":"https:\/\/wrent.sk\/en\/produkt\/airport-packaging-machine-smartwasp-x0bg\/","og_locale":"en_US","og_type":"article","og_title":"Airport packaging machine SmartWasp X0bg - W rent Packaging technologies","og_description":"An automated solution for airports with AI sensors, remote control, and high protection of luggage against damage and theft.","og_url":"https:\/\/wrent.sk\/en\/produkt\/airport-packaging-machine-smartwasp-x0bg\/","og_site_name":"W rent Packaging technologies","article_publisher":"https:\/\/www.facebook.com\/wrent.sk\/?locale=sk_SK","og_image":[{"width":420,"height":420,"url":"https:\/\/wrent.sk\/wp-content\/uploads\/2025\/10\/balenie-kufrov.png","type":"image\/png"}],"twitter_card":"summary_large_image","twitter_misc":{"Est. reading time":"3 minutes"},"schema":{"@context":"https:\/\/schema.org","@graph":[{"@type":"WebPage","@id":"https:\/\/wrent.sk\/en\/produkt\/airport-packaging-machine-smartwasp-x0bg\/","url":"https:\/\/wrent.sk\/en\/produkt\/airport-packaging-machine-smartwasp-x0bg\/","name":"Airport packaging machine SmartWasp X0bg - W rent Packaging technologies","isPartOf":{"@id":"https:\/\/wrent.sk\/#website"},"primaryImageOfPage":{"@id":"https:\/\/wrent.sk\/en\/produkt\/airport-packaging-machine-smartwasp-x0bg\/#primaryimage"},"image":{"@id":"https:\/\/wrent.sk\/en\/produkt\/airport-packaging-machine-smartwasp-x0bg\/#primaryimage"},"thumbnailUrl":"https:\/\/wrent.sk\/wp-content\/uploads\/2025\/10\/balenie-kufrov.png","datePublished":"2025-10-14T10:07:33+00:00","description":"An automated solution for airports with AI sensors, remote control, and high protection of luggage against damage and theft.","breadcrumb":{"@id":"https:\/\/wrent.sk\/en\/produkt\/airport-packaging-machine-smartwasp-x0bg\/#breadcrumb"},"inLanguage":"en-US","potentialAction":[{"@type":"ReadAction","target":["https:\/\/wrent.sk\/en\/produkt\/airport-packaging-machine-smartwasp-x0bg\/"]}]},{"@type":"ImageObject","inLanguage":"en-US","@id":"https:\/\/wrent.sk\/en\/produkt\/airport-packaging-machine-smartwasp-x0bg\/#primaryimage","url":"https:\/\/wrent.sk\/wp-content\/uploads\/2025\/10\/balenie-kufrov.png","contentUrl":"https:\/\/wrent.sk\/wp-content\/uploads\/2025\/10\/balenie-kufrov.png","width":420,"height":420},{"@type":"BreadcrumbList","@id":"https:\/\/wrent.sk\/en\/produkt\/airport-packaging-machine-smartwasp-x0bg\/#breadcrumb","itemListElement":[{"@type":"ListItem","position":1,"name":"Domovsk\u00e1 str\u00e1nka","item":"https:\/\/wrent.sk\/en\/home\/"},{"@type":"ListItem","position":2,"name":"Shop","item":"https:\/\/wrent.sk\/en\/shop\/"},{"@type":"ListItem","position":3,"name":"Airport packaging machine SmartWasp X0bg"}]},{"@type":"WebSite","@id":"https:\/\/wrent.sk\/#website","url":"https:\/\/wrent.sk\/","name":"W rent Baliace technol\u00f3gie","description":"Professional solutions in the field of packaging technologies","publisher":{"@id":"https:\/\/wrent.sk\/#organization"},"potentialAction":[{"@type":"SearchAction","target":{"@type":"EntryPoint","urlTemplate":"https:\/\/wrent.sk\/?s={search_term_string}"},"query-input":{"@type":"PropertyValueSpecification","valueRequired":true,"valueName":"search_term_string"}}],"inLanguage":"en-US"},{"@type":"Organization","@id":"https:\/\/wrent.sk\/#organization","name":"W rent Packaging technologies","url":"https:\/\/wrent.sk\/","logo":{"@type":"ImageObject","inLanguage":"en-US","@id":"https:\/\/wrent.sk\/#\/schema\/logo\/image\/","url":"https:\/\/wrent.sk\/wp-content\/uploads\/2024\/09\/homelink-dark.png","contentUrl":"https:\/\/wrent.sk\/wp-content\/uploads\/2024\/09\/homelink-dark.png","width":283,"height":152,"caption":"W rent Packaging technologies"},"image":{"@id":"https:\/\/wrent.sk\/#\/schema\/logo\/image\/"},"sameAs":["https:\/\/www.facebook.com\/wrent.sk\/?locale=sk_SK","https:\/\/www.instagram.com\/wrent.sk\/","https:\/\/sk.linkedin.com\/company\/w-rent","https:\/\/www.youtube.com\/@wrent"]}]}},"_links":{"self":[{"href":"https:\/\/wrent.sk\/en\/wp-json\/wp\/v2\/product\/78039","targetHints":{"allow":["GET"]}}],"collection":[{"href":"https:\/\/wrent.sk\/en\/wp-json\/wp\/v2\/product"}],"about":[{"href":"https:\/\/wrent.sk\/en\/wp-json\/wp\/v2\/types\/product"}],"wp:featuredmedia":[{"embeddable":true,"href":"https:\/\/wrent.sk\/en\/wp-json\/wp\/v2\/media\/77852"}],"wp:attachment":[{"href":"https:\/\/wrent.sk\/en\/wp-json\/wp\/v2\/media?parent=78039"}],"wp:term":[{"taxonomy":"product_brand","embeddable":true,"href":"https:\/\/wrent.sk\/en\/wp-json\/wp\/v2\/product_brand?post=78039"},{"taxonomy":"product_cat","embeddable":true,"href":"https:\/\/wrent.sk\/en\/wp-json\/wp\/v2\/product_cat?post=78039"},{"taxonomy":"product_tag","embeddable":true,"href":"https:\/\/wrent.sk\/en\/wp-json\/wp\/v2\/product_tag?post=78039"}],"curies":[{"name":"wp","href":"https:\/\/api.w.org\/{rel}","templated":true}]}}