{"id":78055,"date":"2025-10-13T11:50:27","date_gmt":"2025-10-13T09:50:27","guid":{"rendered":"https:\/\/wrent.sk\/produkt\/smartwasp-x100s-mt-packaging-machine\/"},"modified":"2025-10-16T12:16:54","modified_gmt":"2025-10-16T10:16:54","slug":"smartwasp-x100s-mt-packaging-machine","status":"publish","type":"product","link":"https:\/\/wrent.sk\/en\/produkt\/smartwasp-x100s-mt-packaging-machine\/","title":{"rendered":"SmartWasp X100s-MT packaging machine"},"content":{"rendered":"<h2>SmartWasp X100s-MT packaging machine<\/h2>\n<p>The Smart Wrap X100s-MT (type E) wrapping machine is a modern solution for semi-automatic wrapping of palletized goods in stretch film. The type E turntable design allows for easy loading of pallets directly using a pallet jack without the need for a ramp.<\/p>\n<p>This model uses high-quality LLDPE stretch film, which provides excellent protection for goods against dust, moisture, and damage during storage or transport. It is ideal for use in industries such as glass, electrical engineering, ceramics, food, beverages, paper, and logistics.<\/p>\n<h3 data-start=\"1391\" data-end=\"1445\">Key features of the Smart Wrap X100s-MT model<\/h3>\n<ol>\n<li data-start=\"1449\" data-end=\"1543\">High efficiency and low energy consumption<br \/>\nReliable performance with easy operation.<\/li>\n<li data-start=\"1449\" data-end=\"1543\">Programmable Siemens PLC control<br \/>\nOption to set the number of cycles, speed, and film tension.<\/li>\n<li data-start=\"1449\" data-end=\"1543\">Automatic pallet height detection using a photoelectric sensor.<\/li>\n<li data-start=\"1449\" data-end=\"1543\">Automatic reset of the turntable after completion of the cycle.<\/li>\n<li data-start=\"1449\" data-end=\"1543\">Film pre-stretch up to 300% \u2013 significant material savings.<\/li>\n<li data-start=\"1449\" data-end=\"1543\">Smooth start and stop for safe handling of goods.<\/li>\n<li data-start=\"1449\" data-end=\"1543\">Automatic film cutting function \u2013 no manual intervention required.<\/li>\n<li data-start=\"1449\" data-end=\"1543\">E-type turntable \u2013 fast loading of pallets with a pallet truck.<\/li>\n<li data-start=\"1449\" data-end=\"1543\">Suitable for light and heavy loads up to 800 kg.<\/li>\n<li data-start=\"1449\" data-end=\"1543\">Option to add a ramp and weighing module.<\/li>\n<li data-start=\"1449\" data-end=\"1543\">No air compressor required \u2013 easy installation and maintenance.<\/li>\n<\/ol>\n<h3 data-start=\"3116\" data-end=\"3168\">How a semi-automatic packaging machine works<\/h3>\n<p data-start=\"3169\" data-end=\"3513\">After loading the pallet, the operator attaches the film and starts the process by pressing a button. The machine automatically detects the height of the load, wraps it from top to bottom, and automatically cuts the film at the end. This semi-automatic system significantly speeds up the packaging process and ensures even tensioning of the film, reducing the risk of damage to goods during transport.<\/p>\n<h3 data-start=\"3169\" data-end=\"3513\">Cutout E<\/h3>\n<p>Compared with other pallet wrapping machines with turntables, our pallet wrapping machine with turntable takes into account the convenience of forklifts when transporting items. E-type pallet wrapping turntables adapt to the shape of forklifts, which facilitates the operation of forklift and wrapping machine operators, reduces labor costs, and increases production efficiency.<\/p>\n<p><img decoding=\"async\" class=\"alignnone wp-image-77653 size-medium\" src=\"https:\/\/wrent.sk\/wp-content\/uploads\/2025\/10\/Roztiahnutie-gramofonu-typu-E-400x300.jpg\" alt=\"Stroj s v\u00fdrezom\" width=\"400\" height=\"300\" srcset=\"https:\/\/wrent.sk\/wp-content\/uploads\/2025\/10\/Roztiahnutie-gramofonu-typu-E-400x300.jpg 400w, https:\/\/wrent.sk\/wp-content\/uploads\/2025\/10\/Roztiahnutie-gramofonu-typu-E-768x576.jpg 768w, https:\/\/wrent.sk\/wp-content\/uploads\/2025\/10\/Roztiahnutie-gramofonu-typu-E-560x420.jpg 560w, https:\/\/wrent.sk\/wp-content\/uploads\/2025\/10\/Roztiahnutie-gramofonu-typu-E-500x375.jpg 500w, https:\/\/wrent.sk\/wp-content\/uploads\/2025\/10\/Roztiahnutie-gramofonu-typu-E-100x75.jpg 100w, https:\/\/wrent.sk\/wp-content\/uploads\/2025\/10\/Roztiahnutie-gramofonu-typu-E-30x23.jpg 30w, https:\/\/wrent.sk\/wp-content\/uploads\/2025\/10\/Roztiahnutie-gramofonu-typu-E.jpg 800w\" sizes=\"(max-width: 400px) 100vw, 400px\" \/><\/p>\n<h3>Multi-layer function<\/h3>\n<p>This function of the stretch wrapping machine can set different wrapping circles and wrapping force at any height, and we can set a maximum of 9 layers for a pallet. Under normal circumstances, the packaging force of the packaging machine is the same from bottom to top and cannot be stopped during packaging, thereby achieving the function of reinforced packaging. This function completely prevents this problem.<\/p>\n<p><img decoding=\"async\" class=\"alignnone size-medium wp-image-77642\" src=\"https:\/\/wrent.sk\/wp-content\/uploads\/2025\/10\/Viacvrstvova-funkcia-400x315.jpg\" alt=\"Viacvrstvov\u00e1 funkcia\" width=\"400\" height=\"315\" srcset=\"https:\/\/wrent.sk\/wp-content\/uploads\/2025\/10\/Viacvrstvova-funkcia-400x315.jpg 400w, https:\/\/wrent.sk\/wp-content\/uploads\/2025\/10\/Viacvrstvova-funkcia-768x604.jpg 768w, https:\/\/wrent.sk\/wp-content\/uploads\/2025\/10\/Viacvrstvova-funkcia-534x420.jpg 534w, https:\/\/wrent.sk\/wp-content\/uploads\/2025\/10\/Viacvrstvova-funkcia-500x393.jpg 500w, https:\/\/wrent.sk\/wp-content\/uploads\/2025\/10\/Viacvrstvova-funkcia-100x79.jpg 100w, https:\/\/wrent.sk\/wp-content\/uploads\/2025\/10\/Viacvrstvova-funkcia-30x24.jpg 30w, https:\/\/wrent.sk\/wp-content\/uploads\/2025\/10\/Viacvrstvova-funkcia.jpg 800w\" sizes=\"(max-width: 400px) 100vw, 400px\" \/><\/p>\n<h3>Better replacement parts<\/h3>\n<ul>\n<li>SIEMENS PLC<\/li>\n<li>SICK non-contact switch<\/li>\n<li>AUTONICS photoelectric switch<\/li>\n<li>WEIDMULLER terminal block<\/li>\n<li>SIEMENS inverter<\/li>\n<li>OMRON 24DC power supply<\/li>\n<\/ul>\n<p><img decoding=\"async\" class=\"alignnone size-medium wp-image-77651\" src=\"https:\/\/wrent.sk\/wp-content\/uploads\/2025\/10\/Lepsie-nahradne-diely-400x359.jpg\" alt=\"Lep\u0161ie n\u00e1hradn\u00e9 diely\" width=\"400\" height=\"359\" data-wp-editing=\"1\" srcset=\"https:\/\/wrent.sk\/wp-content\/uploads\/2025\/10\/Lepsie-nahradne-diely-400x359.jpg 400w, https:\/\/wrent.sk\/wp-content\/uploads\/2025\/10\/Lepsie-nahradne-diely-768x689.jpg 768w, https:\/\/wrent.sk\/wp-content\/uploads\/2025\/10\/Lepsie-nahradne-diely-468x420.jpg 468w, https:\/\/wrent.sk\/wp-content\/uploads\/2025\/10\/Lepsie-nahradne-diely-500x448.jpg 500w, https:\/\/wrent.sk\/wp-content\/uploads\/2025\/10\/Lepsie-nahradne-diely-100x90.jpg 100w, https:\/\/wrent.sk\/wp-content\/uploads\/2025\/10\/Lepsie-nahradne-diely-30x27.jpg 30w, https:\/\/wrent.sk\/wp-content\/uploads\/2025\/10\/Lepsie-nahradne-diely.jpg 892w\" sizes=\"(max-width: 400px) 100vw, 400px\" \/><\/p>\n<h3>Film consumption savings<\/h3>\n<p>The pre-stretch function in a pallet wrapping machine with a turntable maximizes the amount of goods you can wrap while significantly reducing film waste. Pre-stretch wrapping machines use multiple rubber rollers mounted on a carriage that rotates the rollers at two different speeds as the turntable rotates. When the wrapping cycle begins, the film in contact with the rollers is stretched to 380% of its original length. This dramatically reduces the amount of material needed to wrap a shipment.<\/p>\n<ol>\n<li>With pre-stretch roller, maximum pre-stretch speed up to 380%.<\/li>\n<li>Maximize the value of every meter of stretch film<\/li>\n<li>Standard film with constant release<\/li>\n<li>Packaging film with fixed point and film for quantitative use<\/li>\n<\/ol>\n<p><img decoding=\"async\" class=\"alignnone size-medium wp-image-77657\" src=\"https:\/\/wrent.sk\/wp-content\/uploads\/2025\/10\/Uspora-spotreby-filmu-400x359.jpg\" alt=\"\" width=\"400\" height=\"359\" srcset=\"https:\/\/wrent.sk\/wp-content\/uploads\/2025\/10\/Uspora-spotreby-filmu-400x359.jpg 400w, https:\/\/wrent.sk\/wp-content\/uploads\/2025\/10\/Uspora-spotreby-filmu-468x420.jpg 468w, https:\/\/wrent.sk\/wp-content\/uploads\/2025\/10\/Uspora-spotreby-filmu-500x448.jpg 500w, https:\/\/wrent.sk\/wp-content\/uploads\/2025\/10\/Uspora-spotreby-filmu-100x90.jpg 100w, https:\/\/wrent.sk\/wp-content\/uploads\/2025\/10\/Uspora-spotreby-filmu-30x27.jpg 30w, https:\/\/wrent.sk\/wp-content\/uploads\/2025\/10\/Uspora-spotreby-filmu.jpg 669w\" sizes=\"(max-width: 400px) 100vw, 400px\" \/><\/p>\n<h3>Automatically cut film<\/h3>\n<ol>\n<li>The blade in the foil carriage cuts a small hole in the foil.<\/li>\n<li>During operation of the rotary pallet wrapper, the hole is pulled out and torn.<\/li>\n<li>The foil is pulled tight and attached to the pallet. The machine stops and waits for the next operation.<\/li>\n<\/ol>\n<p><img decoding=\"async\" class=\"alignnone size-medium wp-image-77647\" src=\"https:\/\/wrent.sk\/wp-content\/uploads\/2025\/10\/Automaticky-rezana-folia-400x300.jpg\" alt=\"\" width=\"400\" height=\"300\" srcset=\"https:\/\/wrent.sk\/wp-content\/uploads\/2025\/10\/Automaticky-rezana-folia-400x300.jpg 400w, https:\/\/wrent.sk\/wp-content\/uploads\/2025\/10\/Automaticky-rezana-folia-768x576.jpg 768w, https:\/\/wrent.sk\/wp-content\/uploads\/2025\/10\/Automaticky-rezana-folia-560x420.jpg 560w, https:\/\/wrent.sk\/wp-content\/uploads\/2025\/10\/Automaticky-rezana-folia-500x375.jpg 500w, https:\/\/wrent.sk\/wp-content\/uploads\/2025\/10\/Automaticky-rezana-folia-100x75.jpg 100w, https:\/\/wrent.sk\/wp-content\/uploads\/2025\/10\/Automaticky-rezana-folia-30x23.jpg 30w, https:\/\/wrent.sk\/wp-content\/uploads\/2025\/10\/Automaticky-rezana-folia.jpg 800w\" sizes=\"(max-width: 400px) 100vw, 400px\" \/><\/p>\n<h3>Intelligent operation Guidance system<\/h3>\n<ol>\n<li>X100s-MT with LED indicator on the rotary table of the packaging machine Ready for operation &#8212; blue color<br \/>\nDuring operation &#8212; green color<br \/>\nAlarm &#8212; red color<\/li>\n<li>The touch screen guides the user through the operation of the rotary table of the packaging machine. If an alarm is displayed, the touch screen will show you how to solve the problem.<\/li>\n<\/ol>\n<p><img decoding=\"async\" class=\"alignnone size-medium wp-image-77649\" src=\"https:\/\/wrent.sk\/wp-content\/uploads\/2025\/10\/Inteligentna-prevadzka-Vodiaci-system-400x300.jpg\" alt=\"\" width=\"400\" height=\"300\" srcset=\"https:\/\/wrent.sk\/wp-content\/uploads\/2025\/10\/Inteligentna-prevadzka-Vodiaci-system-400x300.jpg 400w, https:\/\/wrent.sk\/wp-content\/uploads\/2025\/10\/Inteligentna-prevadzka-Vodiaci-system-768x576.jpg 768w, https:\/\/wrent.sk\/wp-content\/uploads\/2025\/10\/Inteligentna-prevadzka-Vodiaci-system-560x420.jpg 560w, https:\/\/wrent.sk\/wp-content\/uploads\/2025\/10\/Inteligentna-prevadzka-Vodiaci-system-500x375.jpg 500w, https:\/\/wrent.sk\/wp-content\/uploads\/2025\/10\/Inteligentna-prevadzka-Vodiaci-system-100x75.jpg 100w, https:\/\/wrent.sk\/wp-content\/uploads\/2025\/10\/Inteligentna-prevadzka-Vodiaci-system-30x23.jpg 30w, https:\/\/wrent.sk\/wp-content\/uploads\/2025\/10\/Inteligentna-prevadzka-Vodiaci-system.jpg 800w\" sizes=\"(max-width: 400px) 100vw, 400px\" \/><\/p>\n","protected":false},"excerpt":{"rendered":"<p>The Smart Wrap X100s-MT (type E) semi-automatic rotary pallet wrapping machine is the ideal solution for efficient and secure pallet wrapping with stretch film. It enables fast, economical, and reliable packaging of goods with film pre-stretching up to 300%, automatic cutting, and easy loading of pallets using a pallet truck. Suitable for light, heavy, and unstable loads.<\/p>\n","protected":false},"featured_media":77656,"template":"","meta":{"_acf_changed":false},"product_brand":[],"product_cat":[624,718,707],"product_tag":[],"class_list":{"0":"post-78055","1":"product","2":"type-product","3":"status-publish","4":"has-post-thumbnail","6":"product_cat-packaging-machines","7":"product_cat-vertical-packaging-machines","8":"product_cat-semi-automatic-vertical-wrapping-machines","10":"first","11":"onbackorder","12":"taxable","13":"shipping-taxable","14":"purchasable","15":"product-type-simple"},"acf":[],"yoast_head":"<!-- This site is optimized with the Yoast SEO plugin v27.0 - https:\/\/yoast.com\/product\/yoast-seo-wordpress\/ -->\n<title>SmartWasp X100s-MT packaging machine - W rent Packaging technologies<\/title>\n<meta name=\"description\" content=\"Smart Wrap X100s-MT semi-automatic rotary pallet wrapping machine (type E) \u2013 efficient and reliable pallet wrapping with stretch film.\" \/>\n<meta name=\"robots\" content=\"index, follow, max-snippet:-1, max-image-preview:large, max-video-preview:-1\" \/>\n<link rel=\"canonical\" href=\"https:\/\/wrent.sk\/en\/produkt\/smartwasp-x100s-mt-packaging-machine\/\" \/>\n<meta property=\"og:locale\" content=\"en_US\" \/>\n<meta property=\"og:type\" content=\"article\" \/>\n<meta property=\"og:title\" content=\"SmartWasp X100s-MT packaging machine - W rent Packaging technologies\" \/>\n<meta property=\"og:description\" content=\"Smart Wrap X100s-MT semi-automatic rotary pallet wrapping machine (type E) \u2013 efficient and reliable pallet wrapping with stretch film.\" \/>\n<meta property=\"og:url\" content=\"https:\/\/wrent.sk\/en\/produkt\/smartwasp-x100s-mt-packaging-machine\/\" \/>\n<meta property=\"og:site_name\" content=\"W rent Packaging technologies\" \/>\n<meta property=\"article:publisher\" content=\"https:\/\/www.facebook.com\/wrent.sk\/?locale=sk_SK\" \/>\n<meta property=\"article:modified_time\" content=\"2025-10-16T10:16:54+00:00\" \/>\n<meta property=\"og:image\" content=\"https:\/\/wrent.sk\/wp-content\/uploads\/2025\/10\/smartwasp-s-vyrezom.png\" \/>\n\t<meta property=\"og:image:width\" content=\"420\" \/>\n\t<meta property=\"og:image:height\" content=\"420\" \/>\n\t<meta property=\"og:image:type\" content=\"image\/png\" \/>\n<meta name=\"twitter:card\" content=\"summary_large_image\" \/>\n<meta name=\"twitter:label1\" content=\"Est. reading time\" \/>\n\t<meta name=\"twitter:data1\" content=\"5 minutes\" \/>\n<script type=\"application\/ld+json\" class=\"yoast-schema-graph\">{\"@context\":\"https:\/\/schema.org\",\"@graph\":[{\"@type\":\"WebPage\",\"@id\":\"https:\/\/wrent.sk\/en\/produkt\/smartwasp-x100s-mt-packaging-machine\/\",\"url\":\"https:\/\/wrent.sk\/en\/produkt\/smartwasp-x100s-mt-packaging-machine\/\",\"name\":\"SmartWasp X100s-MT packaging machine - W rent Packaging technologies\",\"isPartOf\":{\"@id\":\"https:\/\/wrent.sk\/#website\"},\"primaryImageOfPage\":{\"@id\":\"https:\/\/wrent.sk\/en\/produkt\/smartwasp-x100s-mt-packaging-machine\/#primaryimage\"},\"image\":{\"@id\":\"https:\/\/wrent.sk\/en\/produkt\/smartwasp-x100s-mt-packaging-machine\/#primaryimage\"},\"thumbnailUrl\":\"https:\/\/wrent.sk\/wp-content\/uploads\/2025\/10\/smartwasp-s-vyrezom.png\",\"datePublished\":\"2025-10-13T09:50:27+00:00\",\"dateModified\":\"2025-10-16T10:16:54+00:00\",\"description\":\"Smart Wrap X100s-MT semi-automatic rotary pallet wrapping machine (type E) \u2013 efficient and reliable pallet wrapping with stretch film.\",\"breadcrumb\":{\"@id\":\"https:\/\/wrent.sk\/en\/produkt\/smartwasp-x100s-mt-packaging-machine\/#breadcrumb\"},\"inLanguage\":\"en-US\",\"potentialAction\":[{\"@type\":\"ReadAction\",\"target\":[\"https:\/\/wrent.sk\/en\/produkt\/smartwasp-x100s-mt-packaging-machine\/\"]}]},{\"@type\":\"ImageObject\",\"inLanguage\":\"en-US\",\"@id\":\"https:\/\/wrent.sk\/en\/produkt\/smartwasp-x100s-mt-packaging-machine\/#primaryimage\",\"url\":\"https:\/\/wrent.sk\/wp-content\/uploads\/2025\/10\/smartwasp-s-vyrezom.png\",\"contentUrl\":\"https:\/\/wrent.sk\/wp-content\/uploads\/2025\/10\/smartwasp-s-vyrezom.png\",\"width\":420,\"height\":420},{\"@type\":\"BreadcrumbList\",\"@id\":\"https:\/\/wrent.sk\/en\/produkt\/smartwasp-x100s-mt-packaging-machine\/#breadcrumb\",\"itemListElement\":[{\"@type\":\"ListItem\",\"position\":1,\"name\":\"Domovsk\u00e1 str\u00e1nka\",\"item\":\"https:\/\/wrent.sk\/en\/home\/\"},{\"@type\":\"ListItem\",\"position\":2,\"name\":\"Shop\",\"item\":\"https:\/\/wrent.sk\/en\/shop\/\"},{\"@type\":\"ListItem\",\"position\":3,\"name\":\"SmartWasp X100s-MT packaging machine\"}]},{\"@type\":\"WebSite\",\"@id\":\"https:\/\/wrent.sk\/#website\",\"url\":\"https:\/\/wrent.sk\/\",\"name\":\"W rent Baliace technol\u00f3gie\",\"description\":\"Professional solutions in the field of packaging technologies\",\"publisher\":{\"@id\":\"https:\/\/wrent.sk\/#organization\"},\"potentialAction\":[{\"@type\":\"SearchAction\",\"target\":{\"@type\":\"EntryPoint\",\"urlTemplate\":\"https:\/\/wrent.sk\/?s={search_term_string}\"},\"query-input\":{\"@type\":\"PropertyValueSpecification\",\"valueRequired\":true,\"valueName\":\"search_term_string\"}}],\"inLanguage\":\"en-US\"},{\"@type\":\"Organization\",\"@id\":\"https:\/\/wrent.sk\/#organization\",\"name\":\"W rent Packaging technologies\",\"url\":\"https:\/\/wrent.sk\/\",\"logo\":{\"@type\":\"ImageObject\",\"inLanguage\":\"en-US\",\"@id\":\"https:\/\/wrent.sk\/#\/schema\/logo\/image\/\",\"url\":\"https:\/\/wrent.sk\/wp-content\/uploads\/2024\/09\/homelink-dark.png\",\"contentUrl\":\"https:\/\/wrent.sk\/wp-content\/uploads\/2024\/09\/homelink-dark.png\",\"width\":283,\"height\":152,\"caption\":\"W rent Packaging technologies\"},\"image\":{\"@id\":\"https:\/\/wrent.sk\/#\/schema\/logo\/image\/\"},\"sameAs\":[\"https:\/\/www.facebook.com\/wrent.sk\/?locale=sk_SK\",\"https:\/\/www.instagram.com\/wrent.sk\/\",\"https:\/\/sk.linkedin.com\/company\/w-rent\",\"https:\/\/www.youtube.com\/@wrent\"]}]}<\/script>\n<!-- \/ Yoast SEO plugin. -->","yoast_head_json":{"title":"SmartWasp X100s-MT packaging machine - W rent Packaging technologies","description":"Smart Wrap X100s-MT semi-automatic rotary pallet wrapping machine (type E) \u2013 efficient and reliable pallet wrapping with stretch film.","robots":{"index":"index","follow":"follow","max-snippet":"max-snippet:-1","max-image-preview":"max-image-preview:large","max-video-preview":"max-video-preview:-1"},"canonical":"https:\/\/wrent.sk\/en\/produkt\/smartwasp-x100s-mt-packaging-machine\/","og_locale":"en_US","og_type":"article","og_title":"SmartWasp X100s-MT packaging machine - W rent Packaging technologies","og_description":"Smart Wrap X100s-MT semi-automatic rotary pallet wrapping machine (type E) \u2013 efficient and reliable pallet wrapping with stretch film.","og_url":"https:\/\/wrent.sk\/en\/produkt\/smartwasp-x100s-mt-packaging-machine\/","og_site_name":"W rent Packaging technologies","article_publisher":"https:\/\/www.facebook.com\/wrent.sk\/?locale=sk_SK","article_modified_time":"2025-10-16T10:16:54+00:00","og_image":[{"width":420,"height":420,"url":"https:\/\/wrent.sk\/wp-content\/uploads\/2025\/10\/smartwasp-s-vyrezom.png","type":"image\/png"}],"twitter_card":"summary_large_image","twitter_misc":{"Est. reading time":"5 minutes"},"schema":{"@context":"https:\/\/schema.org","@graph":[{"@type":"WebPage","@id":"https:\/\/wrent.sk\/en\/produkt\/smartwasp-x100s-mt-packaging-machine\/","url":"https:\/\/wrent.sk\/en\/produkt\/smartwasp-x100s-mt-packaging-machine\/","name":"SmartWasp X100s-MT packaging machine - W rent Packaging technologies","isPartOf":{"@id":"https:\/\/wrent.sk\/#website"},"primaryImageOfPage":{"@id":"https:\/\/wrent.sk\/en\/produkt\/smartwasp-x100s-mt-packaging-machine\/#primaryimage"},"image":{"@id":"https:\/\/wrent.sk\/en\/produkt\/smartwasp-x100s-mt-packaging-machine\/#primaryimage"},"thumbnailUrl":"https:\/\/wrent.sk\/wp-content\/uploads\/2025\/10\/smartwasp-s-vyrezom.png","datePublished":"2025-10-13T09:50:27+00:00","dateModified":"2025-10-16T10:16:54+00:00","description":"Smart Wrap X100s-MT semi-automatic rotary pallet wrapping machine (type E) \u2013 efficient and reliable pallet wrapping with stretch film.","breadcrumb":{"@id":"https:\/\/wrent.sk\/en\/produkt\/smartwasp-x100s-mt-packaging-machine\/#breadcrumb"},"inLanguage":"en-US","potentialAction":[{"@type":"ReadAction","target":["https:\/\/wrent.sk\/en\/produkt\/smartwasp-x100s-mt-packaging-machine\/"]}]},{"@type":"ImageObject","inLanguage":"en-US","@id":"https:\/\/wrent.sk\/en\/produkt\/smartwasp-x100s-mt-packaging-machine\/#primaryimage","url":"https:\/\/wrent.sk\/wp-content\/uploads\/2025\/10\/smartwasp-s-vyrezom.png","contentUrl":"https:\/\/wrent.sk\/wp-content\/uploads\/2025\/10\/smartwasp-s-vyrezom.png","width":420,"height":420},{"@type":"BreadcrumbList","@id":"https:\/\/wrent.sk\/en\/produkt\/smartwasp-x100s-mt-packaging-machine\/#breadcrumb","itemListElement":[{"@type":"ListItem","position":1,"name":"Domovsk\u00e1 str\u00e1nka","item":"https:\/\/wrent.sk\/en\/home\/"},{"@type":"ListItem","position":2,"name":"Shop","item":"https:\/\/wrent.sk\/en\/shop\/"},{"@type":"ListItem","position":3,"name":"SmartWasp X100s-MT packaging machine"}]},{"@type":"WebSite","@id":"https:\/\/wrent.sk\/#website","url":"https:\/\/wrent.sk\/","name":"W rent Baliace technol\u00f3gie","description":"Professional solutions in the field of packaging technologies","publisher":{"@id":"https:\/\/wrent.sk\/#organization"},"potentialAction":[{"@type":"SearchAction","target":{"@type":"EntryPoint","urlTemplate":"https:\/\/wrent.sk\/?s={search_term_string}"},"query-input":{"@type":"PropertyValueSpecification","valueRequired":true,"valueName":"search_term_string"}}],"inLanguage":"en-US"},{"@type":"Organization","@id":"https:\/\/wrent.sk\/#organization","name":"W rent Packaging technologies","url":"https:\/\/wrent.sk\/","logo":{"@type":"ImageObject","inLanguage":"en-US","@id":"https:\/\/wrent.sk\/#\/schema\/logo\/image\/","url":"https:\/\/wrent.sk\/wp-content\/uploads\/2024\/09\/homelink-dark.png","contentUrl":"https:\/\/wrent.sk\/wp-content\/uploads\/2024\/09\/homelink-dark.png","width":283,"height":152,"caption":"W rent Packaging technologies"},"image":{"@id":"https:\/\/wrent.sk\/#\/schema\/logo\/image\/"},"sameAs":["https:\/\/www.facebook.com\/wrent.sk\/?locale=sk_SK","https:\/\/www.instagram.com\/wrent.sk\/","https:\/\/sk.linkedin.com\/company\/w-rent","https:\/\/www.youtube.com\/@wrent"]}]}},"_links":{"self":[{"href":"https:\/\/wrent.sk\/en\/wp-json\/wp\/v2\/product\/78055","targetHints":{"allow":["GET"]}}],"collection":[{"href":"https:\/\/wrent.sk\/en\/wp-json\/wp\/v2\/product"}],"about":[{"href":"https:\/\/wrent.sk\/en\/wp-json\/wp\/v2\/types\/product"}],"wp:featuredmedia":[{"embeddable":true,"href":"https:\/\/wrent.sk\/en\/wp-json\/wp\/v2\/media\/77656"}],"wp:attachment":[{"href":"https:\/\/wrent.sk\/en\/wp-json\/wp\/v2\/media?parent=78055"}],"wp:term":[{"taxonomy":"product_brand","embeddable":true,"href":"https:\/\/wrent.sk\/en\/wp-json\/wp\/v2\/product_brand?post=78055"},{"taxonomy":"product_cat","embeddable":true,"href":"https:\/\/wrent.sk\/en\/wp-json\/wp\/v2\/product_cat?post=78055"},{"taxonomy":"product_tag","embeddable":true,"href":"https:\/\/wrent.sk\/en\/wp-json\/wp\/v2\/product_tag?post=78055"}],"curies":[{"name":"wp","href":"https:\/\/api.w.org\/{rel}","templated":true}]}}