{"id":78066,"date":"2025-10-13T10:55:03","date_gmt":"2025-10-13T08:55:03","guid":{"rendered":"https:\/\/wrent.sk\/produkt\/smartwasp-x100-packaging-machines-2\/"},"modified":"2025-10-16T15:03:35","modified_gmt":"2025-10-16T13:03:35","slug":"smartwasp-x100-packaging-machines-2","status":"publish","type":"product","link":"https:\/\/wrent.sk\/en\/produkt\/smartwasp-x100-packaging-machines-2\/","title":{"rendered":"SmartWasp X100 packaging machines"},"content":{"rendered":"<h2 data-start=\"729\" data-end=\"1011\">SmartWasp X100 automatic packaging machine<\/h2>\n<p>The Smart Wrap X100 automatic wrapping machine is a reliable solution for fast and efficient wrapping of palletized goods in stretch film. It is designed for industrial use in manufacturing, logistics, and food processing, as well as in the glass, electrical, and paper industries.<\/p>\n<p>The device uses highly flexible LLDPE film, which strengthens and protects goods from external influences during storage and transport. The machine features fully automatic operation, including automatic film cutting after the cycle is complete, eliminating the need for manual intervention.<\/p>\n<p>Thanks to the advanced Siemens PLC control system and high-quality components (SICK, AUTONICS, OMRON, WEIDMULLER), it offers a long service life and high reliability. The multi-layer packaging function allows you to set up to 9 levels of film tension for different parts of the pallet, achieving optimal load reinforcement.<\/p>\n<h3 data-start=\"1303\" data-end=\"1609\">Differences between the SMART WASP X100S, X100SW, X100SD, and X100S-MT models<\/h3>\n<p data-start=\"1625\" data-end=\"1735\">All models belong to the same series and have the same basis, but the differences are in the accessories and purpose:<\/p>\n<ul>\n<li data-start=\"1738\" data-end=\"1786\"><strong>X100S<\/strong> \u2013 basic model for general use,<\/li>\n<li data-start=\"1738\" data-end=\"1786\"><strong>X100SW<\/strong> \u2013 with scale for precise measurement,<\/li>\n<li data-start=\"1738\" data-end=\"1786\"><strong>X100SD<\/strong> \u2013 with top press for light or tall pallets,<\/li>\n<li data-start=\"1738\" data-end=\"1786\"><strong>X100S-MT<\/strong> \u2013 with open turntable for pallet trucks<\/li>\n<\/ul>\n<h3 data-start=\"1311\" data-end=\"1372\">Common specifications (all X100S models)<\/h3>\n<ul>\n<li id=\"tw-target-text\" class=\"tw-data-text tw-text-large tw-ta\" dir=\"ltr\" tabindex=\"-1\" role=\"text\" data-placeholder=\"Preklad\" data-ved=\"2ahUKEwil1Ofh16iQAxVzBtsEHfOJEXcQ3ewLegQIDBAV\" aria-label=\"Prelo\u017een\u00fd text: Film pre-stretch: 200% Turntable diameter: 1650 mm with brake motor Automatic film cutting Multi-layer packaging system Adjustable film tension force Power supply: 220 V \/ 50 Hz\"><span class=\"Y2IQFc\" lang=\"en\">Film pre-stretch: 200% <\/span><\/li>\n<li id=\"tw-target-text\" class=\"tw-data-text tw-text-large tw-ta\" dir=\"ltr\" tabindex=\"-1\" role=\"text\" data-placeholder=\"Preklad\" data-ved=\"2ahUKEwil1Ofh16iQAxVzBtsEHfOJEXcQ3ewLegQIDBAV\" aria-label=\"Prelo\u017een\u00fd text: Film pre-stretch: 200% Turntable diameter: 1650 mm with brake motor Automatic film cutting Multi-layer packaging system Adjustable film tension force Power supply: 220 V \/ 50 Hz\"><span class=\"Y2IQFc\" lang=\"en\">Turntable diameter: 1650 mm with brake motor Automatic film cutting <\/span><\/li>\n<li id=\"tw-target-text\" class=\"tw-data-text tw-text-large tw-ta\" dir=\"ltr\" tabindex=\"-1\" role=\"text\" data-placeholder=\"Preklad\" data-ved=\"2ahUKEwil1Ofh16iQAxVzBtsEHfOJEXcQ3ewLegQIDBAV\" aria-label=\"Prelo\u017een\u00fd text: Film pre-stretch: 200% Turntable diameter: 1650 mm with brake motor Automatic film cutting Multi-layer packaging system Adjustable film tension force Power supply: 220 V \/ 50 Hz\"><span class=\"Y2IQFc\" lang=\"en\">Multi-layer packaging system Adjustable film tension force Power supply: 220 V \/ 50 Hz<\/span><\/li>\n<\/ul>\n<div class=\"oSioSc\">\n<div id=\"tw-target\">\n<div id=\"kAz1tf\" class=\"g9WsWb PZPZlf\" data-attrid=\"tw-targetArea\" data-entityname=\"Google Translate\">\n<div id=\"tw-target-text-container\" class=\"tw-ta-container tw-nfl\" tabindex=\"0\" role=\"text\">\n<h3 id=\"tw-target-text\" class=\"tw-data-text tw-text-large tw-ta\" dir=\"ltr\" tabindex=\"-1\" role=\"text\" data-placeholder=\"Preklad\" data-ved=\"2ahUKEwil1Ofh16iQAxVzBtsEHfOJEXcQ3ewLegQIDBAV\" aria-label=\"Prelo\u017een\u00fd text: Automatic foil cutting\"><span class=\"Y2IQFc\" lang=\"en\">Automatic foil cutting<\/span><\/h3>\n<\/div>\n<\/div>\n<\/div>\n<\/div>\n<p>After completing the packaging of the pallet, our stretch pack will automatically cut off the foil. Workers do not have to cut the film with tools, which is very useful for users<\/p>\n<p><img decoding=\"async\" class=\"size-medium wp-image-77628 alignleft\" src=\"https:\/\/wrent.sk\/wp-content\/uploads\/2025\/10\/Automaticke-rezanie-folie-400x359.jpg\" alt=\"Automatick\u00e9 rezanie f\u00f3lie \" width=\"400\" height=\"359\" srcset=\"https:\/\/wrent.sk\/wp-content\/uploads\/2025\/10\/Automaticke-rezanie-folie-400x359.jpg 400w, https:\/\/wrent.sk\/wp-content\/uploads\/2025\/10\/Automaticke-rezanie-folie-768x689.jpg 768w, https:\/\/wrent.sk\/wp-content\/uploads\/2025\/10\/Automaticke-rezanie-folie-468x420.jpg 468w, https:\/\/wrent.sk\/wp-content\/uploads\/2025\/10\/Automaticke-rezanie-folie-500x448.jpg 500w, https:\/\/wrent.sk\/wp-content\/uploads\/2025\/10\/Automaticke-rezanie-folie-100x90.jpg 100w, https:\/\/wrent.sk\/wp-content\/uploads\/2025\/10\/Automaticke-rezanie-folie-30x27.jpg 30w, https:\/\/wrent.sk\/wp-content\/uploads\/2025\/10\/Automaticke-rezanie-folie.jpg 892w\" sizes=\"(max-width: 400px) 100vw, 400px\" \/><\/p>\n<h3><\/h3>\n<h3><\/h3>\n<h3><\/h3>\n<h3><\/h3>\n<h3><\/h3>\n<h3><\/h3>\n<h3><\/h3>\n<h3><\/h3>\n<h3>Multi-layer function<\/h3>\n<p>This function can set different packaging rings and strengths at any height. The maximum number of layers a Stretch Pallet wrapping machine can set is 9. The packing strength of the normal machine from the bottom up shall be the same and the machine shall not stop during packing in order to increase the packing strength. Such a function completely avoids these problems.<\/p>\n<p><img decoding=\"async\" class=\"alignnone size-medium wp-image-77642\" src=\"https:\/\/wrent.sk\/wp-content\/uploads\/2025\/10\/Viacvrstvova-funkcia-400x315.jpg\" alt=\"Viacvrstvov\u00e1 funkcia\" width=\"400\" height=\"315\" srcset=\"https:\/\/wrent.sk\/wp-content\/uploads\/2025\/10\/Viacvrstvova-funkcia-400x315.jpg 400w, https:\/\/wrent.sk\/wp-content\/uploads\/2025\/10\/Viacvrstvova-funkcia-768x604.jpg 768w, https:\/\/wrent.sk\/wp-content\/uploads\/2025\/10\/Viacvrstvova-funkcia-534x420.jpg 534w, https:\/\/wrent.sk\/wp-content\/uploads\/2025\/10\/Viacvrstvova-funkcia-500x393.jpg 500w, https:\/\/wrent.sk\/wp-content\/uploads\/2025\/10\/Viacvrstvova-funkcia-100x79.jpg 100w, https:\/\/wrent.sk\/wp-content\/uploads\/2025\/10\/Viacvrstvova-funkcia-30x24.jpg 30w, https:\/\/wrent.sk\/wp-content\/uploads\/2025\/10\/Viacvrstvova-funkcia.jpg 800w\" sizes=\"(max-width: 400px) 100vw, 400px\" \/><\/p>\n<h3>Foil Consumption Saving<\/h3>\n<ul>\n<li>Maximum pre-draw speed up to 380%<\/li>\n<li>Minimum value of each metre of stretch film<\/li>\n<li>Standard film with constant release<\/li>\n<li>Foil for quantitative use with a fixed point<\/li>\n<\/ul>\n<p><img decoding=\"async\" class=\"alignnone wp-image-77638 size-medium\" src=\"https:\/\/wrent.sk\/wp-content\/uploads\/2025\/10\/Uspora-spotreby-folie-400x359.jpg\" alt=\"\u00daspora spotreby filmu\" width=\"400\" height=\"359\" srcset=\"https:\/\/wrent.sk\/wp-content\/uploads\/2025\/10\/Uspora-spotreby-folie-400x359.jpg 400w, https:\/\/wrent.sk\/wp-content\/uploads\/2025\/10\/Uspora-spotreby-folie-768x689.jpg 768w, https:\/\/wrent.sk\/wp-content\/uploads\/2025\/10\/Uspora-spotreby-folie-468x420.jpg 468w, https:\/\/wrent.sk\/wp-content\/uploads\/2025\/10\/Uspora-spotreby-folie-500x448.jpg 500w, https:\/\/wrent.sk\/wp-content\/uploads\/2025\/10\/Uspora-spotreby-folie-100x90.jpg 100w, https:\/\/wrent.sk\/wp-content\/uploads\/2025\/10\/Uspora-spotreby-folie-30x27.jpg 30w, https:\/\/wrent.sk\/wp-content\/uploads\/2025\/10\/Uspora-spotreby-folie.jpg 892w\" sizes=\"(max-width: 400px) 100vw, 400px\" \/><\/p>\n<h3>Advanced security technology<\/h3>\n<ol>\n<li>Safety device under the trolley of a film to protect the foot or head of the operator<\/li>\n<li>A transparent board makes it easier to find a problem without opening the door.<\/li>\n<li>The belt up-and-down deflection and defect alarm system.<\/li>\n<li>Setting the alarm early keeps the trolley from crashing.<\/li>\n<\/ol>\n<p><img decoding=\"async\" class=\"alignnone size-medium wp-image-77636\" src=\"https:\/\/wrent.sk\/wp-content\/uploads\/2025\/10\/Pokrocila-bezpecnostna-technologia-400x269.jpg\" alt=\"Pokro\u010dil\u00e1 bezpe\u010dnostn\u00e1 technol\u00f3gia\" width=\"400\" height=\"269\" srcset=\"https:\/\/wrent.sk\/wp-content\/uploads\/2025\/10\/Pokrocila-bezpecnostna-technologia-400x269.jpg 400w, https:\/\/wrent.sk\/wp-content\/uploads\/2025\/10\/Pokrocila-bezpecnostna-technologia-768x517.jpg 768w, https:\/\/wrent.sk\/wp-content\/uploads\/2025\/10\/Pokrocila-bezpecnostna-technologia-624x420.jpg 624w, https:\/\/wrent.sk\/wp-content\/uploads\/2025\/10\/Pokrocila-bezpecnostna-technologia-500x336.jpg 500w, https:\/\/wrent.sk\/wp-content\/uploads\/2025\/10\/Pokrocila-bezpecnostna-technologia-100x67.jpg 100w, https:\/\/wrent.sk\/wp-content\/uploads\/2025\/10\/Pokrocila-bezpecnostna-technologia-30x20.jpg 30w, https:\/\/wrent.sk\/wp-content\/uploads\/2025\/10\/Pokrocila-bezpecnostna-technologia.jpg 892w\" sizes=\"(max-width: 400px) 100vw, 400px\" \/><\/p>\n<h3>Better components<\/h3>\n<ul>\n<li>Siemens PLC<\/li>\n<li>Siemens Invertor<\/li>\n<li>Sickle button<\/li>\n<li>AUTONICS Photo Electric Switch<\/li>\n<li>Weld WIDMULLER<\/li>\n<li>X-Line shifter<\/li>\n<li>Omron 24DC power supply<\/li>\n<\/ul>\n<p><img decoding=\"async\" class=\"alignnone size-medium wp-image-77634\" src=\"https:\/\/wrent.sk\/wp-content\/uploads\/2025\/10\/Lepsie-komponenty-400x300.jpg\" alt=\"Lep\u0161ie komponenty\" width=\"400\" height=\"300\" srcset=\"https:\/\/wrent.sk\/wp-content\/uploads\/2025\/10\/Lepsie-komponenty-400x300.jpg 400w, https:\/\/wrent.sk\/wp-content\/uploads\/2025\/10\/Lepsie-komponenty-768x576.jpg 768w, https:\/\/wrent.sk\/wp-content\/uploads\/2025\/10\/Lepsie-komponenty-560x420.jpg 560w, https:\/\/wrent.sk\/wp-content\/uploads\/2025\/10\/Lepsie-komponenty-500x375.jpg 500w, https:\/\/wrent.sk\/wp-content\/uploads\/2025\/10\/Lepsie-komponenty-100x75.jpg 100w, https:\/\/wrent.sk\/wp-content\/uploads\/2025\/10\/Lepsie-komponenty-30x23.jpg 30w, https:\/\/wrent.sk\/wp-content\/uploads\/2025\/10\/Lepsie-komponenty.jpg 800w\" sizes=\"(max-width: 400px) 100vw, 400px\" \/><\/p>\n<h3>Smart Operating System<\/h3>\n<p><strong>1.\u00a0X100s with LED indicator on machine<\/strong><\/p>\n<ul>\n<li>Ready to work &#8211; Blue paint<\/li>\n<li>During work &#8211; green colour<\/li>\n<li>Red Alarm<\/li>\n<\/ul>\n<p><strong>2. The touch screen accompanies the user on how to operate the machine.\u00a0<\/strong><\/p>\n<p>If an alarm is displayed, the touch screen will display instructions on how to solve the problem.<\/p>\n<p><img decoding=\"async\" class=\"alignnone size-medium wp-image-77632\" src=\"https:\/\/wrent.sk\/wp-content\/uploads\/2025\/10\/Inteligentny-operacny-system-400x269.jpg\" alt=\"Inteligentn\u00fd opera\u010dn\u00fd syst\u00e9m\" width=\"400\" height=\"269\" srcset=\"https:\/\/wrent.sk\/wp-content\/uploads\/2025\/10\/Inteligentny-operacny-system-400x269.jpg 400w, https:\/\/wrent.sk\/wp-content\/uploads\/2025\/10\/Inteligentny-operacny-system-768x517.jpg 768w, https:\/\/wrent.sk\/wp-content\/uploads\/2025\/10\/Inteligentny-operacny-system-624x420.jpg 624w, https:\/\/wrent.sk\/wp-content\/uploads\/2025\/10\/Inteligentny-operacny-system-500x336.jpg 500w, https:\/\/wrent.sk\/wp-content\/uploads\/2025\/10\/Inteligentny-operacny-system-100x67.jpg 100w, https:\/\/wrent.sk\/wp-content\/uploads\/2025\/10\/Inteligentny-operacny-system-30x20.jpg 30w, https:\/\/wrent.sk\/wp-content\/uploads\/2025\/10\/Inteligentny-operacny-system.jpg 892w\" sizes=\"(max-width: 400px) 100vw, 400px\" \/><\/p>\n<h3>Upper Pressure &#8211; Optional<\/h3>\n<p>With upper thrust and power, the pressure mass shall be 35 kg.<\/p>\n<p>The pressure can reach 600-2 000 mm, with a cylindrical top contact plate normally used on the market.<br \/>\nSuch a pressure can only be 1 200-2 000 mm and an air compressor is required.<\/p>\n<p><img decoding=\"async\" class=\"alignnone size-medium wp-image-77630\" src=\"https:\/\/wrent.sk\/wp-content\/uploads\/2025\/10\/Horny-pritlak-400x300.jpg\" alt=\"Horn\u00fd pr\u00edtlak - volite\u013en\u00e9\u00a0\" width=\"400\" height=\"300\" srcset=\"https:\/\/wrent.sk\/wp-content\/uploads\/2025\/10\/Horny-pritlak-400x300.jpg 400w, https:\/\/wrent.sk\/wp-content\/uploads\/2025\/10\/Horny-pritlak-768x576.jpg 768w, https:\/\/wrent.sk\/wp-content\/uploads\/2025\/10\/Horny-pritlak-560x420.jpg 560w, https:\/\/wrent.sk\/wp-content\/uploads\/2025\/10\/Horny-pritlak-500x375.jpg 500w, https:\/\/wrent.sk\/wp-content\/uploads\/2025\/10\/Horny-pritlak-100x75.jpg 100w, https:\/\/wrent.sk\/wp-content\/uploads\/2025\/10\/Horny-pritlak-30x23.jpg 30w, https:\/\/wrent.sk\/wp-content\/uploads\/2025\/10\/Horny-pritlak.jpg 800w\" sizes=\"(max-width: 400px) 100vw, 400px\" \/><\/p>\n","protected":false},"excerpt":{"rendered":"<p>Automatic wrapping machines for Smart Wrap X100 pallets are a modern device designed to efficiently package pallets with a stripped sheet. Ensure the stability of the goods during transport and storage, protect them from moisture, dust and damage.<\/p>\n","protected":false},"featured_media":77629,"template":"","meta":{"_acf_changed":false},"product_brand":[],"product_cat":[624,718,759],"product_tag":[],"class_list":{"0":"post-78066","1":"product","2":"type-product","3":"status-publish","4":"has-post-thumbnail","6":"product_cat-packaging-machines","7":"product_cat-vertical-packaging-machines","8":"product_cat-automatic-vertical-wrapping-machines","9":"product_shipping_class-pallet-transport","11":"first","12":"onbackorder","13":"taxable","14":"shipping-taxable","15":"purchasable","16":"product-type-variable"},"acf":[],"yoast_head":"<!-- This site is optimized with the Yoast SEO plugin v27.0 - https:\/\/yoast.com\/product\/yoast-seo-wordpress\/ -->\n<title>SmartWasp X100 packaging machines - W rent Packaging technologies<\/title>\n<meta name=\"description\" content=\"Automatic packaging machines for Smart Wrap X100 pallets. Pre-fitting of up to 380%, automatic cutting of foil, Siemens PLC, maximum mass 2000 kg.\" \/>\n<meta name=\"robots\" content=\"index, follow, max-snippet:-1, max-image-preview:large, max-video-preview:-1\" \/>\n<link rel=\"canonical\" href=\"https:\/\/wrent.sk\/en\/produkt\/smartwasp-x100-packaging-machines-2\/\" \/>\n<meta property=\"og:locale\" content=\"en_US\" \/>\n<meta property=\"og:type\" content=\"article\" \/>\n<meta property=\"og:title\" content=\"SmartWasp X100 packaging machines - W rent Packaging technologies\" \/>\n<meta property=\"og:description\" content=\"Automatic packaging machines for Smart Wrap X100 pallets. Pre-fitting of up to 380%, automatic cutting of foil, Siemens PLC, maximum mass 2000 kg.\" \/>\n<meta property=\"og:url\" content=\"https:\/\/wrent.sk\/en\/produkt\/smartwasp-x100-packaging-machines-2\/\" \/>\n<meta property=\"og:site_name\" content=\"W rent Packaging technologies\" \/>\n<meta property=\"article:publisher\" content=\"https:\/\/www.facebook.com\/wrent.sk\/?locale=sk_SK\" \/>\n<meta property=\"article:modified_time\" content=\"2025-10-16T13:03:35+00:00\" \/>\n<meta property=\"og:image\" content=\"https:\/\/wrent.sk\/wp-content\/uploads\/2025\/10\/Automaticke-rezanie-folie.jpg\" \/>\n\t<meta property=\"og:image:width\" content=\"892\" \/>\n\t<meta property=\"og:image:height\" content=\"800\" \/>\n\t<meta property=\"og:image:type\" content=\"image\/jpeg\" \/>\n<meta name=\"twitter:card\" content=\"summary_large_image\" \/>\n<meta name=\"twitter:label1\" content=\"Est. reading time\" \/>\n\t<meta name=\"twitter:data1\" content=\"5 minutes\" \/>\n<script type=\"application\/ld+json\" class=\"yoast-schema-graph\">{\"@context\":\"https:\/\/schema.org\",\"@graph\":[{\"@type\":\"WebPage\",\"@id\":\"https:\/\/wrent.sk\/en\/produkt\/smartwasp-x100-packaging-machines-2\/\",\"url\":\"https:\/\/wrent.sk\/en\/produkt\/smartwasp-x100-packaging-machines-2\/\",\"name\":\"SmartWasp X100 packaging machines - W rent Packaging technologies\",\"isPartOf\":{\"@id\":\"https:\/\/wrent.sk\/#website\"},\"primaryImageOfPage\":{\"@id\":\"https:\/\/wrent.sk\/en\/produkt\/smartwasp-x100-packaging-machines-2\/#primaryimage\"},\"image\":{\"@id\":\"https:\/\/wrent.sk\/en\/produkt\/smartwasp-x100-packaging-machines-2\/#primaryimage\"},\"thumbnailUrl\":\"https:\/\/wrent.sk\/wp-content\/uploads\/2025\/10\/Automaticke-rezanie-folie.jpg\",\"datePublished\":\"2025-10-13T08:55:03+00:00\",\"dateModified\":\"2025-10-16T13:03:35+00:00\",\"description\":\"Automatic packaging machines for Smart Wrap X100 pallets. Pre-fitting of up to 380%, automatic cutting of foil, Siemens PLC, maximum mass 2000 kg.\",\"breadcrumb\":{\"@id\":\"https:\/\/wrent.sk\/en\/produkt\/smartwasp-x100-packaging-machines-2\/#breadcrumb\"},\"inLanguage\":\"en-US\",\"potentialAction\":[{\"@type\":\"ReadAction\",\"target\":[\"https:\/\/wrent.sk\/en\/produkt\/smartwasp-x100-packaging-machines-2\/\"]}]},{\"@type\":\"ImageObject\",\"inLanguage\":\"en-US\",\"@id\":\"https:\/\/wrent.sk\/en\/produkt\/smartwasp-x100-packaging-machines-2\/#primaryimage\",\"url\":\"https:\/\/wrent.sk\/wp-content\/uploads\/2025\/10\/Automaticke-rezanie-folie.jpg\",\"contentUrl\":\"https:\/\/wrent.sk\/wp-content\/uploads\/2025\/10\/Automaticke-rezanie-folie.jpg\",\"width\":892,\"height\":800,\"caption\":\"Automatick\u00e9 rezanie f\u00f3lie\"},{\"@type\":\"BreadcrumbList\",\"@id\":\"https:\/\/wrent.sk\/en\/produkt\/smartwasp-x100-packaging-machines-2\/#breadcrumb\",\"itemListElement\":[{\"@type\":\"ListItem\",\"position\":1,\"name\":\"Domovsk\u00e1 str\u00e1nka\",\"item\":\"https:\/\/wrent.sk\/en\/home\/\"},{\"@type\":\"ListItem\",\"position\":2,\"name\":\"Shop\",\"item\":\"https:\/\/wrent.sk\/en\/shop\/\"},{\"@type\":\"ListItem\",\"position\":3,\"name\":\"SmartWasp X100 packaging machines\"}]},{\"@type\":\"WebSite\",\"@id\":\"https:\/\/wrent.sk\/#website\",\"url\":\"https:\/\/wrent.sk\/\",\"name\":\"W rent Baliace technol\u00f3gie\",\"description\":\"Professional solutions in the field of packaging technologies\",\"publisher\":{\"@id\":\"https:\/\/wrent.sk\/#organization\"},\"potentialAction\":[{\"@type\":\"SearchAction\",\"target\":{\"@type\":\"EntryPoint\",\"urlTemplate\":\"https:\/\/wrent.sk\/?s={search_term_string}\"},\"query-input\":{\"@type\":\"PropertyValueSpecification\",\"valueRequired\":true,\"valueName\":\"search_term_string\"}}],\"inLanguage\":\"en-US\"},{\"@type\":\"Organization\",\"@id\":\"https:\/\/wrent.sk\/#organization\",\"name\":\"W rent Packaging technologies\",\"url\":\"https:\/\/wrent.sk\/\",\"logo\":{\"@type\":\"ImageObject\",\"inLanguage\":\"en-US\",\"@id\":\"https:\/\/wrent.sk\/#\/schema\/logo\/image\/\",\"url\":\"https:\/\/wrent.sk\/wp-content\/uploads\/2024\/09\/homelink-dark.png\",\"contentUrl\":\"https:\/\/wrent.sk\/wp-content\/uploads\/2024\/09\/homelink-dark.png\",\"width\":283,\"height\":152,\"caption\":\"W rent Packaging technologies\"},\"image\":{\"@id\":\"https:\/\/wrent.sk\/#\/schema\/logo\/image\/\"},\"sameAs\":[\"https:\/\/www.facebook.com\/wrent.sk\/?locale=sk_SK\",\"https:\/\/www.instagram.com\/wrent.sk\/\",\"https:\/\/sk.linkedin.com\/company\/w-rent\",\"https:\/\/www.youtube.com\/@wrent\"]}]}<\/script>\n<!-- \/ Yoast SEO plugin. -->","yoast_head_json":{"title":"SmartWasp X100 packaging machines - W rent Packaging technologies","description":"Automatic packaging machines for Smart Wrap X100 pallets. Pre-fitting of up to 380%, automatic cutting of foil, Siemens PLC, maximum mass 2000 kg.","robots":{"index":"index","follow":"follow","max-snippet":"max-snippet:-1","max-image-preview":"max-image-preview:large","max-video-preview":"max-video-preview:-1"},"canonical":"https:\/\/wrent.sk\/en\/produkt\/smartwasp-x100-packaging-machines-2\/","og_locale":"en_US","og_type":"article","og_title":"SmartWasp X100 packaging machines - W rent Packaging technologies","og_description":"Automatic packaging machines for Smart Wrap X100 pallets. Pre-fitting of up to 380%, automatic cutting of foil, Siemens PLC, maximum mass 2000 kg.","og_url":"https:\/\/wrent.sk\/en\/produkt\/smartwasp-x100-packaging-machines-2\/","og_site_name":"W rent Packaging technologies","article_publisher":"https:\/\/www.facebook.com\/wrent.sk\/?locale=sk_SK","article_modified_time":"2025-10-16T13:03:35+00:00","og_image":[{"width":892,"height":800,"url":"https:\/\/wrent.sk\/wp-content\/uploads\/2025\/10\/Automaticke-rezanie-folie.jpg","type":"image\/jpeg"}],"twitter_card":"summary_large_image","twitter_misc":{"Est. reading time":"5 minutes"},"schema":{"@context":"https:\/\/schema.org","@graph":[{"@type":"WebPage","@id":"https:\/\/wrent.sk\/en\/produkt\/smartwasp-x100-packaging-machines-2\/","url":"https:\/\/wrent.sk\/en\/produkt\/smartwasp-x100-packaging-machines-2\/","name":"SmartWasp X100 packaging machines - W rent Packaging technologies","isPartOf":{"@id":"https:\/\/wrent.sk\/#website"},"primaryImageOfPage":{"@id":"https:\/\/wrent.sk\/en\/produkt\/smartwasp-x100-packaging-machines-2\/#primaryimage"},"image":{"@id":"https:\/\/wrent.sk\/en\/produkt\/smartwasp-x100-packaging-machines-2\/#primaryimage"},"thumbnailUrl":"https:\/\/wrent.sk\/wp-content\/uploads\/2025\/10\/Automaticke-rezanie-folie.jpg","datePublished":"2025-10-13T08:55:03+00:00","dateModified":"2025-10-16T13:03:35+00:00","description":"Automatic packaging machines for Smart Wrap X100 pallets. Pre-fitting of up to 380%, automatic cutting of foil, Siemens PLC, maximum mass 2000 kg.","breadcrumb":{"@id":"https:\/\/wrent.sk\/en\/produkt\/smartwasp-x100-packaging-machines-2\/#breadcrumb"},"inLanguage":"en-US","potentialAction":[{"@type":"ReadAction","target":["https:\/\/wrent.sk\/en\/produkt\/smartwasp-x100-packaging-machines-2\/"]}]},{"@type":"ImageObject","inLanguage":"en-US","@id":"https:\/\/wrent.sk\/en\/produkt\/smartwasp-x100-packaging-machines-2\/#primaryimage","url":"https:\/\/wrent.sk\/wp-content\/uploads\/2025\/10\/Automaticke-rezanie-folie.jpg","contentUrl":"https:\/\/wrent.sk\/wp-content\/uploads\/2025\/10\/Automaticke-rezanie-folie.jpg","width":892,"height":800,"caption":"Automatick\u00e9 rezanie f\u00f3lie"},{"@type":"BreadcrumbList","@id":"https:\/\/wrent.sk\/en\/produkt\/smartwasp-x100-packaging-machines-2\/#breadcrumb","itemListElement":[{"@type":"ListItem","position":1,"name":"Domovsk\u00e1 str\u00e1nka","item":"https:\/\/wrent.sk\/en\/home\/"},{"@type":"ListItem","position":2,"name":"Shop","item":"https:\/\/wrent.sk\/en\/shop\/"},{"@type":"ListItem","position":3,"name":"SmartWasp X100 packaging machines"}]},{"@type":"WebSite","@id":"https:\/\/wrent.sk\/#website","url":"https:\/\/wrent.sk\/","name":"W rent Baliace technol\u00f3gie","description":"Professional solutions in the field of packaging technologies","publisher":{"@id":"https:\/\/wrent.sk\/#organization"},"potentialAction":[{"@type":"SearchAction","target":{"@type":"EntryPoint","urlTemplate":"https:\/\/wrent.sk\/?s={search_term_string}"},"query-input":{"@type":"PropertyValueSpecification","valueRequired":true,"valueName":"search_term_string"}}],"inLanguage":"en-US"},{"@type":"Organization","@id":"https:\/\/wrent.sk\/#organization","name":"W rent Packaging technologies","url":"https:\/\/wrent.sk\/","logo":{"@type":"ImageObject","inLanguage":"en-US","@id":"https:\/\/wrent.sk\/#\/schema\/logo\/image\/","url":"https:\/\/wrent.sk\/wp-content\/uploads\/2024\/09\/homelink-dark.png","contentUrl":"https:\/\/wrent.sk\/wp-content\/uploads\/2024\/09\/homelink-dark.png","width":283,"height":152,"caption":"W rent Packaging technologies"},"image":{"@id":"https:\/\/wrent.sk\/#\/schema\/logo\/image\/"},"sameAs":["https:\/\/www.facebook.com\/wrent.sk\/?locale=sk_SK","https:\/\/www.instagram.com\/wrent.sk\/","https:\/\/sk.linkedin.com\/company\/w-rent","https:\/\/www.youtube.com\/@wrent"]}]}},"_links":{"self":[{"href":"https:\/\/wrent.sk\/en\/wp-json\/wp\/v2\/product\/78066","targetHints":{"allow":["GET"]}}],"collection":[{"href":"https:\/\/wrent.sk\/en\/wp-json\/wp\/v2\/product"}],"about":[{"href":"https:\/\/wrent.sk\/en\/wp-json\/wp\/v2\/types\/product"}],"wp:featuredmedia":[{"embeddable":true,"href":"https:\/\/wrent.sk\/en\/wp-json\/wp\/v2\/media\/77629"}],"wp:attachment":[{"href":"https:\/\/wrent.sk\/en\/wp-json\/wp\/v2\/media?parent=78066"}],"wp:term":[{"taxonomy":"product_brand","embeddable":true,"href":"https:\/\/wrent.sk\/en\/wp-json\/wp\/v2\/product_brand?post=78066"},{"taxonomy":"product_cat","embeddable":true,"href":"https:\/\/wrent.sk\/en\/wp-json\/wp\/v2\/product_cat?post=78066"},{"taxonomy":"product_tag","embeddable":true,"href":"https:\/\/wrent.sk\/en\/wp-json\/wp\/v2\/product_tag?post=78066"}],"curies":[{"name":"wp","href":"https:\/\/api.w.org\/{rel}","templated":true}]}}