{"id":78215,"date":"2025-10-09T11:49:53","date_gmt":"2025-10-09T09:49:53","guid":{"rendered":"https:\/\/wrent.sk\/produkt\/smartwasp-xoms-packer-machine\/"},"modified":"2025-10-16T14:57:44","modified_gmt":"2025-10-16T12:57:44","slug":"smartwasp-xoms-packer-machine","status":"publish","type":"product","link":"https:\/\/wrent.sk\/en\/produkt\/smartwasp-xoms-packer-machine\/","title":{"rendered":"SmartWasp XoMS Packer Machine"},"content":{"rendered":"<h2>Latest X0MS pallet wrapper<\/h2>\n<p><strong>Application of a pallet packer<\/strong><\/p>\n<p>1. The pallet packaging machine uses the LLDPE stretch foil as the main packaging material for packing bulk pallet load<br \/>\n2. The film provides additional support during transport and storage to protect it from dust, moisture or damage.<br \/>\n3. The pallet packaging machine is widely used in sectors such as glassmaking, tools, electrical and electronic engineering, paper, ceramics, food and beverages, etc.<\/p>\n<p>Main characteristics of the pallet packer<\/p>\n<ol>\n<li>Yarn having a diameter of 1500 mm<\/li>\n<li>Package height 2000 mm<\/li>\n<li>Maximum mass of the load: 1500 kg<\/li>\n<li>Foil prefixation device, high packing efficiency<\/li>\n<li>Comprehensive security system<\/li>\n<\/ol>\n<h3 data-start=\"213\" data-end=\"240\">Pallet Packing Machine<\/h3>\n<p>A pallet-wrapping machine, also known as a packing machine for stretch foil, is a device used in warehouses and distribution centres to secure and protect paletized goods. It serves to firmly wrap the pallet and its contents with stretch film, thus creating a stable and safe unit suitable for both transport and storage.<\/p>\n<p>How does a pallet-wrapping machine work?<br \/>\n<strong>Location of cargo:<\/strong><br \/>\nThe load pallet shall be placed on the rotating table or conveyor system of the packaging machine. Most devices are equipped with adjustable guide sheets or pouches to ensure that the pallet is properly aligned.<br \/>\n<strong>Foil Seat:<\/strong><br \/>\nThe operator shall attach the end of the stretch foil to the pallet, either manually, usually around one of the lower corners, or by means of an automatic foil attachment system.<br \/>\n<strong>Adjustment of parameters:<\/strong><br \/>\nOn the machine \u2019 s control panel, the packaging parameters are set, such as the number of wrappings, the tension of the foil, its overlap and the rotational speed of the rotating table (if it is part of the system).<br \/>\n<strong>Packaging process:<\/strong><br \/>\nAfter setting the parameters, the machine automatically starts the package. The swivel table shall be rotated or the trolley with the foil moving vertically, the foil being rolled, stretched and uniformly applied to the pallet.<br \/>\n<strong>Cutting and fixing of the foil:<\/strong><br \/>\nAfter completing the set number of turns, the machine cuts off the foil and attaches it to the pallet, either by thermal welding or simply pressing the layers together to form a solid joint.<br \/>\n<strong>Removal of pallet:<\/strong><br \/>\nAt the end of the cycle, the packaged pallet is removed from the machine to prepare room for the next one.<\/p>\n<h4 data-start=\"1824\" data-end=\"1861\">Advantages of pallet packaging machines<\/h4>\n<ul>\n<li data-start=\"1865\" data-end=\"2017\"><strong>Cargo stability:<\/strong><br \/>\nSolid packaging prevents the movement or tipping of goods during handling and transport, thereby minimising the risk of damage.<\/li>\n<li data-start=\"2021\" data-end=\"2197\"><strong>Protection of goods:<\/strong><br \/>\nThe stretch film shall provide protection against dust, moisture and other external influences which could adversely affect the quality or integrity of the goods.<\/li>\n<li data-start=\"2201\" data-end=\"2333\"><strong>Increased efficiency:<\/strong><br \/>\nProcess automation significantly saves time and reduces the physical effort of operators compared to hand packaging.<\/li>\n<li data-start=\"2337\" data-end=\"2494\"><strong>Cost savings:<\/strong><br \/>\nThe optimum tension of the film and the precise amount of material used help to reduce the consumption of the film and thus the overall cost of packaging.<\/li>\n<\/ul>\n<h4 data-start=\"2501\" data-end=\"2538\">Types of pallet packer<\/h4>\n<p>There are several types of packaging machines, for example:<\/p>\n<p><strong>Rotating table machine<\/strong>s \u2014 suitable for normal storage operations,<br \/>\n<strong>Rotary arm machines<\/strong> \u2014 designed for heavier or unstable pallets,<br \/>\n<strong>Orbital packaging machines<\/strong> \u2014 suitable for long or specifically shaped products.<\/p>\n<p>The selection of a particular type depends on the volume of the packaging, the size and weight of the pallets as well as the specific requirements of the plant.<\/p>\n<p>The parameters and functions of the packaging machines may differ according to the manufacturer and the model. It is therefore important to familiarise yourself with the user manual of a particular device or to contact the manufacturer for detailed instructions on operation and maintenance.<\/p>\n<h3>New generation of mechanically resistant foil trolley<\/h3>\n<p>A button with physical feedback and tension is more comfortable to set. Gradient modifications for a more even film.<\/p>\n<p><img decoding=\"async\" class=\"alignnone size-medium wp-image-77296\" src=\"https:\/\/wrent.sk\/wp-content\/uploads\/2025\/10\/X0ms-1-400x334.jpg\" alt=\"\" width=\"400\" height=\"334\" srcset=\"https:\/\/wrent.sk\/wp-content\/uploads\/2025\/10\/X0ms-1-400x334.jpg 400w, https:\/\/wrent.sk\/wp-content\/uploads\/2025\/10\/X0ms-1-768x640.jpg 768w, https:\/\/wrent.sk\/wp-content\/uploads\/2025\/10\/X0ms-1-504x420.jpg 504w, https:\/\/wrent.sk\/wp-content\/uploads\/2025\/10\/X0ms-1-500x417.jpg 500w, https:\/\/wrent.sk\/wp-content\/uploads\/2025\/10\/X0ms-1-100x83.jpg 100w, https:\/\/wrent.sk\/wp-content\/uploads\/2025\/10\/X0ms-1-30x25.jpg 30w, https:\/\/wrent.sk\/wp-content\/uploads\/2025\/10\/X0ms-1.jpg 800w\" sizes=\"(max-width: 400px) 100vw, 400px\" \/><\/p>\n<h3>6 memory functions + start with one printer<\/h3>\n<p>The six types of memory function of the packaging facilitate the setting of parameters. Starting with a single button allows the machine to operate more comfortably.<\/p>\n<p><img decoding=\"async\" class=\"alignnone size-medium wp-image-77298\" src=\"https:\/\/wrent.sk\/wp-content\/uploads\/2025\/10\/xms-2-400x334.jpg\" alt=\"\" width=\"400\" height=\"334\" srcset=\"https:\/\/wrent.sk\/wp-content\/uploads\/2025\/10\/xms-2-400x334.jpg 400w, https:\/\/wrent.sk\/wp-content\/uploads\/2025\/10\/xms-2-768x640.jpg 768w, https:\/\/wrent.sk\/wp-content\/uploads\/2025\/10\/xms-2-504x420.jpg 504w, https:\/\/wrent.sk\/wp-content\/uploads\/2025\/10\/xms-2-500x417.jpg 500w, https:\/\/wrent.sk\/wp-content\/uploads\/2025\/10\/xms-2-100x83.jpg 100w, https:\/\/wrent.sk\/wp-content\/uploads\/2025\/10\/xms-2-30x25.jpg 30w, https:\/\/wrent.sk\/wp-content\/uploads\/2025\/10\/xms-2.jpg 800w\" sizes=\"(max-width: 400px) 100vw, 400px\" \/><\/p>\n<h3>PCB control system<\/h3>\n<p>Four independent chips, control, more robust operation and longer lifespan. Integrated circuit system, maintenance is more comfortable.<\/p>\n<p><img decoding=\"async\" class=\"alignnone size-medium wp-image-77300\" src=\"https:\/\/wrent.sk\/wp-content\/uploads\/2025\/10\/Riadiaci-system-PCB-400x334.jpg\" alt=\"Riadiaci syst\u00e9m PCB\" width=\"400\" height=\"334\" srcset=\"https:\/\/wrent.sk\/wp-content\/uploads\/2025\/10\/Riadiaci-system-PCB-400x334.jpg 400w, https:\/\/wrent.sk\/wp-content\/uploads\/2025\/10\/Riadiaci-system-PCB-768x640.jpg 768w, https:\/\/wrent.sk\/wp-content\/uploads\/2025\/10\/Riadiaci-system-PCB-504x420.jpg 504w, https:\/\/wrent.sk\/wp-content\/uploads\/2025\/10\/Riadiaci-system-PCB-500x417.jpg 500w, https:\/\/wrent.sk\/wp-content\/uploads\/2025\/10\/Riadiaci-system-PCB-100x83.jpg 100w, https:\/\/wrent.sk\/wp-content\/uploads\/2025\/10\/Riadiaci-system-PCB-30x25.jpg 30w, https:\/\/wrent.sk\/wp-content\/uploads\/2025\/10\/Riadiaci-system-PCB.jpg 800w\" sizes=\"(max-width: 400px) 100vw, 400px\" \/><\/p>\n<h3>Aluminium column type all in one + lifetime guarantee<\/h3>\n<ol>\n<li><span dir=\"auto\">4000 tonov\u00fd st\u013ap, integr\u00e1lne tvarovan\u00fd, pevn\u00fd a odoln\u00fd\u00a0<\/span><\/li>\n<li><span dir=\"auto\">Modul\u00e1rna mont\u00e1\u017e, jednoduch\u00e1 in\u0161tal\u00e1cia\u00a0<\/span><\/li>\n<li><span dir=\"auto\">Dvojit\u00fd re\u0165azov\u00fd zdv\u00edhac\u00ed syst\u00e9m, v\u00e4\u010d\u0161ia bezpe\u010dnos\u0165\u00a0<\/span><\/li>\n<li><span dir=\"auto\">Trojfarebn\u00e9 LED svetlo<\/span><\/li>\n<\/ol>\n<p><img decoding=\"async\" class=\"alignnone size-medium wp-image-77302\" src=\"https:\/\/wrent.sk\/wp-content\/uploads\/2025\/10\/Hlinikovy-stlpik-typu-vsetko-v-jednom-dozivotna-zaruka-400x334.jpg\" alt=\"Hlin\u00edkov\u00fd st\u013apik typu v\u0161etko v jednom + do\u017eivotn\u00e1 z\u00e1ruka\" width=\"400\" height=\"334\" srcset=\"https:\/\/wrent.sk\/wp-content\/uploads\/2025\/10\/Hlinikovy-stlpik-typu-vsetko-v-jednom-dozivotna-zaruka-400x334.jpg 400w, https:\/\/wrent.sk\/wp-content\/uploads\/2025\/10\/Hlinikovy-stlpik-typu-vsetko-v-jednom-dozivotna-zaruka-768x640.jpg 768w, https:\/\/wrent.sk\/wp-content\/uploads\/2025\/10\/Hlinikovy-stlpik-typu-vsetko-v-jednom-dozivotna-zaruka-504x420.jpg 504w, https:\/\/wrent.sk\/wp-content\/uploads\/2025\/10\/Hlinikovy-stlpik-typu-vsetko-v-jednom-dozivotna-zaruka-500x417.jpg 500w, https:\/\/wrent.sk\/wp-content\/uploads\/2025\/10\/Hlinikovy-stlpik-typu-vsetko-v-jednom-dozivotna-zaruka-100x83.jpg 100w, https:\/\/wrent.sk\/wp-content\/uploads\/2025\/10\/Hlinikovy-stlpik-typu-vsetko-v-jednom-dozivotna-zaruka-30x25.jpg 30w, https:\/\/wrent.sk\/wp-content\/uploads\/2025\/10\/Hlinikovy-stlpik-typu-vsetko-v-jednom-dozivotna-zaruka.jpg 800w\" sizes=\"(max-width: 400px) 100vw, 400px\" \/><\/p>\n<p>&nbsp;<\/p>\n","protected":false},"excerpt":{"rendered":"<p>A pallet-wrapping machine is a device used in warehouses and distribution centres to secure and protect palletised costs.<\/p>\n","protected":false},"featured_media":77293,"template":"","meta":{"_acf_changed":false},"product_brand":[],"product_cat":[624,718,707],"product_tag":[],"class_list":{"0":"post-78215","1":"product","2":"type-product","3":"status-publish","4":"has-post-thumbnail","6":"product_cat-packaging-machines","7":"product_cat-vertical-packaging-machines","8":"product_cat-semi-automatic-vertical-wrapping-machines","9":"product_shipping_class-pallet-transport","11":"first","12":"onbackorder","13":"taxable","14":"shipping-taxable","15":"purchasable","16":"product-type-simple"},"acf":[],"yoast_head":"<!-- This site is optimized with the Yoast SEO plugin v27.0 - https:\/\/yoast.com\/product\/yoast-seo-wordpress\/ -->\n<title>SmartWasp XoMS Packer Machine - W rent Packaging technologies<\/title>\n<meta name=\"description\" content=\"Reliable pallet-wrapping machines shall ensure stability, protection and efficient packaging of the goods by means of stretch sheets for both transport and storage.\" \/>\n<meta name=\"robots\" content=\"index, follow, max-snippet:-1, max-image-preview:large, max-video-preview:-1\" \/>\n<link rel=\"canonical\" href=\"https:\/\/wrent.sk\/en\/produkt\/smartwasp-xoms-packer-machine\/\" \/>\n<meta property=\"og:locale\" content=\"en_US\" \/>\n<meta property=\"og:type\" content=\"article\" \/>\n<meta property=\"og:title\" content=\"SmartWasp XoMS Packer Machine - W rent Packaging technologies\" \/>\n<meta property=\"og:description\" content=\"Reliable pallet-wrapping machines shall ensure stability, protection and efficient packaging of the goods by means of stretch sheets for both transport and storage.\" \/>\n<meta property=\"og:url\" content=\"https:\/\/wrent.sk\/en\/produkt\/smartwasp-xoms-packer-machine\/\" \/>\n<meta property=\"og:site_name\" content=\"W rent Packaging technologies\" \/>\n<meta property=\"article:publisher\" content=\"https:\/\/www.facebook.com\/wrent.sk\/?locale=sk_SK\" \/>\n<meta property=\"article:modified_time\" content=\"2025-10-16T12:57:44+00:00\" \/>\n<meta property=\"og:image\" content=\"https:\/\/wrent.sk\/wp-content\/uploads\/2025\/10\/smart-wasp-x0ms.png\" \/>\n\t<meta property=\"og:image:width\" content=\"420\" \/>\n\t<meta property=\"og:image:height\" content=\"420\" \/>\n\t<meta property=\"og:image:type\" content=\"image\/png\" \/>\n<meta name=\"twitter:card\" content=\"summary_large_image\" \/>\n<meta name=\"twitter:label1\" content=\"Est. reading time\" \/>\n\t<meta name=\"twitter:data1\" content=\"5 minutes\" \/>\n<script type=\"application\/ld+json\" class=\"yoast-schema-graph\">{\"@context\":\"https:\/\/schema.org\",\"@graph\":[{\"@type\":\"WebPage\",\"@id\":\"https:\/\/wrent.sk\/en\/produkt\/smartwasp-xoms-packer-machine\/\",\"url\":\"https:\/\/wrent.sk\/en\/produkt\/smartwasp-xoms-packer-machine\/\",\"name\":\"SmartWasp XoMS Packer Machine - W rent Packaging technologies\",\"isPartOf\":{\"@id\":\"https:\/\/wrent.sk\/#website\"},\"primaryImageOfPage\":{\"@id\":\"https:\/\/wrent.sk\/en\/produkt\/smartwasp-xoms-packer-machine\/#primaryimage\"},\"image\":{\"@id\":\"https:\/\/wrent.sk\/en\/produkt\/smartwasp-xoms-packer-machine\/#primaryimage\"},\"thumbnailUrl\":\"https:\/\/wrent.sk\/wp-content\/uploads\/2025\/10\/smart-wasp-x0ms.png\",\"datePublished\":\"2025-10-09T09:49:53+00:00\",\"dateModified\":\"2025-10-16T12:57:44+00:00\",\"description\":\"Reliable pallet-wrapping machines shall ensure stability, protection and efficient packaging of the goods by means of stretch sheets for both transport and storage.\",\"breadcrumb\":{\"@id\":\"https:\/\/wrent.sk\/en\/produkt\/smartwasp-xoms-packer-machine\/#breadcrumb\"},\"inLanguage\":\"en-US\",\"potentialAction\":[{\"@type\":\"ReadAction\",\"target\":[\"https:\/\/wrent.sk\/en\/produkt\/smartwasp-xoms-packer-machine\/\"]}]},{\"@type\":\"ImageObject\",\"inLanguage\":\"en-US\",\"@id\":\"https:\/\/wrent.sk\/en\/produkt\/smartwasp-xoms-packer-machine\/#primaryimage\",\"url\":\"https:\/\/wrent.sk\/wp-content\/uploads\/2025\/10\/smart-wasp-x0ms.png\",\"contentUrl\":\"https:\/\/wrent.sk\/wp-content\/uploads\/2025\/10\/smart-wasp-x0ms.png\",\"width\":420,\"height\":420},{\"@type\":\"BreadcrumbList\",\"@id\":\"https:\/\/wrent.sk\/en\/produkt\/smartwasp-xoms-packer-machine\/#breadcrumb\",\"itemListElement\":[{\"@type\":\"ListItem\",\"position\":1,\"name\":\"Domovsk\u00e1 str\u00e1nka\",\"item\":\"https:\/\/wrent.sk\/en\/home\/\"},{\"@type\":\"ListItem\",\"position\":2,\"name\":\"Shop\",\"item\":\"https:\/\/wrent.sk\/en\/shop\/\"},{\"@type\":\"ListItem\",\"position\":3,\"name\":\"SmartWasp XoMS Packer Machine\"}]},{\"@type\":\"WebSite\",\"@id\":\"https:\/\/wrent.sk\/#website\",\"url\":\"https:\/\/wrent.sk\/\",\"name\":\"W rent Baliace technol\u00f3gie\",\"description\":\"Professional solutions in the field of packaging technologies\",\"publisher\":{\"@id\":\"https:\/\/wrent.sk\/#organization\"},\"potentialAction\":[{\"@type\":\"SearchAction\",\"target\":{\"@type\":\"EntryPoint\",\"urlTemplate\":\"https:\/\/wrent.sk\/?s={search_term_string}\"},\"query-input\":{\"@type\":\"PropertyValueSpecification\",\"valueRequired\":true,\"valueName\":\"search_term_string\"}}],\"inLanguage\":\"en-US\"},{\"@type\":\"Organization\",\"@id\":\"https:\/\/wrent.sk\/#organization\",\"name\":\"W rent Packaging technologies\",\"url\":\"https:\/\/wrent.sk\/\",\"logo\":{\"@type\":\"ImageObject\",\"inLanguage\":\"en-US\",\"@id\":\"https:\/\/wrent.sk\/#\/schema\/logo\/image\/\",\"url\":\"https:\/\/wrent.sk\/wp-content\/uploads\/2024\/09\/homelink-dark.png\",\"contentUrl\":\"https:\/\/wrent.sk\/wp-content\/uploads\/2024\/09\/homelink-dark.png\",\"width\":283,\"height\":152,\"caption\":\"W rent Packaging technologies\"},\"image\":{\"@id\":\"https:\/\/wrent.sk\/#\/schema\/logo\/image\/\"},\"sameAs\":[\"https:\/\/www.facebook.com\/wrent.sk\/?locale=sk_SK\",\"https:\/\/www.instagram.com\/wrent.sk\/\",\"https:\/\/sk.linkedin.com\/company\/w-rent\",\"https:\/\/www.youtube.com\/@wrent\"]}]}<\/script>\n<!-- \/ Yoast SEO plugin. -->","yoast_head_json":{"title":"SmartWasp XoMS Packer Machine - W rent Packaging technologies","description":"Reliable pallet-wrapping machines shall ensure stability, protection and efficient packaging of the goods by means of stretch sheets for both transport and storage.","robots":{"index":"index","follow":"follow","max-snippet":"max-snippet:-1","max-image-preview":"max-image-preview:large","max-video-preview":"max-video-preview:-1"},"canonical":"https:\/\/wrent.sk\/en\/produkt\/smartwasp-xoms-packer-machine\/","og_locale":"en_US","og_type":"article","og_title":"SmartWasp XoMS Packer Machine - W rent Packaging technologies","og_description":"Reliable pallet-wrapping machines shall ensure stability, protection and efficient packaging of the goods by means of stretch sheets for both transport and storage.","og_url":"https:\/\/wrent.sk\/en\/produkt\/smartwasp-xoms-packer-machine\/","og_site_name":"W rent Packaging technologies","article_publisher":"https:\/\/www.facebook.com\/wrent.sk\/?locale=sk_SK","article_modified_time":"2025-10-16T12:57:44+00:00","og_image":[{"width":420,"height":420,"url":"https:\/\/wrent.sk\/wp-content\/uploads\/2025\/10\/smart-wasp-x0ms.png","type":"image\/png"}],"twitter_card":"summary_large_image","twitter_misc":{"Est. reading time":"5 minutes"},"schema":{"@context":"https:\/\/schema.org","@graph":[{"@type":"WebPage","@id":"https:\/\/wrent.sk\/en\/produkt\/smartwasp-xoms-packer-machine\/","url":"https:\/\/wrent.sk\/en\/produkt\/smartwasp-xoms-packer-machine\/","name":"SmartWasp XoMS Packer Machine - W rent Packaging technologies","isPartOf":{"@id":"https:\/\/wrent.sk\/#website"},"primaryImageOfPage":{"@id":"https:\/\/wrent.sk\/en\/produkt\/smartwasp-xoms-packer-machine\/#primaryimage"},"image":{"@id":"https:\/\/wrent.sk\/en\/produkt\/smartwasp-xoms-packer-machine\/#primaryimage"},"thumbnailUrl":"https:\/\/wrent.sk\/wp-content\/uploads\/2025\/10\/smart-wasp-x0ms.png","datePublished":"2025-10-09T09:49:53+00:00","dateModified":"2025-10-16T12:57:44+00:00","description":"Reliable pallet-wrapping machines shall ensure stability, protection and efficient packaging of the goods by means of stretch sheets for both transport and storage.","breadcrumb":{"@id":"https:\/\/wrent.sk\/en\/produkt\/smartwasp-xoms-packer-machine\/#breadcrumb"},"inLanguage":"en-US","potentialAction":[{"@type":"ReadAction","target":["https:\/\/wrent.sk\/en\/produkt\/smartwasp-xoms-packer-machine\/"]}]},{"@type":"ImageObject","inLanguage":"en-US","@id":"https:\/\/wrent.sk\/en\/produkt\/smartwasp-xoms-packer-machine\/#primaryimage","url":"https:\/\/wrent.sk\/wp-content\/uploads\/2025\/10\/smart-wasp-x0ms.png","contentUrl":"https:\/\/wrent.sk\/wp-content\/uploads\/2025\/10\/smart-wasp-x0ms.png","width":420,"height":420},{"@type":"BreadcrumbList","@id":"https:\/\/wrent.sk\/en\/produkt\/smartwasp-xoms-packer-machine\/#breadcrumb","itemListElement":[{"@type":"ListItem","position":1,"name":"Domovsk\u00e1 str\u00e1nka","item":"https:\/\/wrent.sk\/en\/home\/"},{"@type":"ListItem","position":2,"name":"Shop","item":"https:\/\/wrent.sk\/en\/shop\/"},{"@type":"ListItem","position":3,"name":"SmartWasp XoMS Packer Machine"}]},{"@type":"WebSite","@id":"https:\/\/wrent.sk\/#website","url":"https:\/\/wrent.sk\/","name":"W rent Baliace technol\u00f3gie","description":"Professional solutions in the field of packaging technologies","publisher":{"@id":"https:\/\/wrent.sk\/#organization"},"potentialAction":[{"@type":"SearchAction","target":{"@type":"EntryPoint","urlTemplate":"https:\/\/wrent.sk\/?s={search_term_string}"},"query-input":{"@type":"PropertyValueSpecification","valueRequired":true,"valueName":"search_term_string"}}],"inLanguage":"en-US"},{"@type":"Organization","@id":"https:\/\/wrent.sk\/#organization","name":"W rent Packaging technologies","url":"https:\/\/wrent.sk\/","logo":{"@type":"ImageObject","inLanguage":"en-US","@id":"https:\/\/wrent.sk\/#\/schema\/logo\/image\/","url":"https:\/\/wrent.sk\/wp-content\/uploads\/2024\/09\/homelink-dark.png","contentUrl":"https:\/\/wrent.sk\/wp-content\/uploads\/2024\/09\/homelink-dark.png","width":283,"height":152,"caption":"W rent Packaging technologies"},"image":{"@id":"https:\/\/wrent.sk\/#\/schema\/logo\/image\/"},"sameAs":["https:\/\/www.facebook.com\/wrent.sk\/?locale=sk_SK","https:\/\/www.instagram.com\/wrent.sk\/","https:\/\/sk.linkedin.com\/company\/w-rent","https:\/\/www.youtube.com\/@wrent"]}]}},"_links":{"self":[{"href":"https:\/\/wrent.sk\/en\/wp-json\/wp\/v2\/product\/78215","targetHints":{"allow":["GET"]}}],"collection":[{"href":"https:\/\/wrent.sk\/en\/wp-json\/wp\/v2\/product"}],"about":[{"href":"https:\/\/wrent.sk\/en\/wp-json\/wp\/v2\/types\/product"}],"wp:featuredmedia":[{"embeddable":true,"href":"https:\/\/wrent.sk\/en\/wp-json\/wp\/v2\/media\/77293"}],"wp:attachment":[{"href":"https:\/\/wrent.sk\/en\/wp-json\/wp\/v2\/media?parent=78215"}],"wp:term":[{"taxonomy":"product_brand","embeddable":true,"href":"https:\/\/wrent.sk\/en\/wp-json\/wp\/v2\/product_brand?post=78215"},{"taxonomy":"product_cat","embeddable":true,"href":"https:\/\/wrent.sk\/en\/wp-json\/wp\/v2\/product_cat?post=78215"},{"taxonomy":"product_tag","embeddable":true,"href":"https:\/\/wrent.sk\/en\/wp-json\/wp\/v2\/product_tag?post=78215"}],"curies":[{"name":"wp","href":"https:\/\/api.w.org\/{rel}","templated":true}]}}