{"id":81274,"date":"2025-12-19T08:37:23","date_gmt":"2025-12-19T07:37:23","guid":{"rendered":"https:\/\/wrent.sk\/produkt\/briquetting-baler-brickman-300\/"},"modified":"2026-01-15T14:52:51","modified_gmt":"2026-01-15T13:52:51","slug":"briquetting-baler-brickman-300","status":"publish","type":"product","link":"https:\/\/wrent.sk\/en\/produkt\/briquetting-baler-brickman-300\/","title":{"rendered":"Briquetting baler BRICKMAN 300"},"content":{"rendered":"<h2>Automation that saves you costs<\/h2>\n<h3>Efficient cardboard processing with high performance<\/h3>\n<p><strong>The Brickman 300<\/strong> briquetting press is a modern and efficient solution for processing cardboard and other types of waste in companies, stores, warehouses or production halls. This automatic press converts large amounts of waste into compact briquettes ready for recycling without the need for binding or additional material.<\/p>\n<h3>Effective waste volume reduction<\/h3>\n<p>The pressing technology of the <strong>Brickman 300<\/strong> achieves a significant reduction in waste volume, which directly saves space in your facilities and reduces the need for internal transfers and waste disposal costs. Thanks to fully automatic operation, waste handling is fast and convenient, which significantly increases the productivity of the operation.<\/p>\n<h3>Compact design and easy operation<\/h3>\n<p>The design of the Brickman 300 pressing technology is designed to minimize its space while maintaining high processing capacity. Low noise and the ability to be placed directly at the waste source mean it is ideal for indoor use without disrupting the working environment.<\/p>\n<h3>Main advantages:<\/h3>\n<ul>\n<li>Reduced waste disposal costs<\/li>\n<li>Compact dimensions and low noise<\/li>\n<li>Easy integration into existing processes<\/li>\n<li>Environmentally friendly solution supporting cardboard recycling and sustainable waste management<\/li>\n<li>Versatile use for warehouses, logistics centers, manufacturing plants, and distribution centers<\/li>\n<\/ul>\n<h3>Related and recommended links<\/h3>\n<p><strong>Internal links<\/strong><\/p>\n<p>See also other products in the <a href=\"https:\/\/wrent.sk\/en\/products\/packaging-material-recycling-machines\/\">Baling presses category<\/a><\/p>\n<p><strong>External link<\/strong><\/p>\n<p>For more information about Orwak products, visit the official <a href=\"https:\/\/orwak.com\/\">Orwak website<\/a><\/p>\n","protected":false},"excerpt":{"rendered":"<p><strong>Brickman 300<\/strong> is a modern automatic briquetting press designed for efficient processing of cardboard and other types of waste. Thanks to its compact design, quiet operation and high pressing capacity, it is an ideal solution for warehouses, logistics centers, retail operations and manufacturing companies that want to reduce waste and optimize internal processes.<\/p>\n","protected":false},"featured_media":81264,"template":"","meta":{"_acf_changed":false},"product_brand":[],"product_cat":[1249,1062],"product_tag":[],"class_list":{"0":"post-81274","1":"product","2":"type-product","3":"status-publish","4":"has-post-thumbnail","6":"product_cat-briquetting-presses","7":"product_cat-packaging-material-recycling-machines","8":"product_shipping_class-pallet-transport","10":"first","11":"onbackorder","12":"taxable","13":"shipping-taxable","14":"purchasable","15":"product-type-simple"},"acf":[],"yoast_head":"<!-- This site is optimized with the Yoast SEO plugin v27.0 - https:\/\/yoast.com\/product\/yoast-seo-wordpress\/ -->\n<title>Briquetting baler BRICKMAN 300 - W rent Packaging technologies<\/title>\n<meta name=\"description\" content=\"Brickman 300 je automatick\u00fd briketovac\u00ed lis na kart\u00f3n a odpad, ktor\u00fd zni\u017euje objem a\u017e o 90 %, \u0161etr\u00ed miesto a zni\u017euje n\u00e1klady na likvid\u00e1ciu.\" \/>\n<meta name=\"robots\" content=\"index, follow, max-snippet:-1, max-image-preview:large, max-video-preview:-1\" \/>\n<link rel=\"canonical\" href=\"https:\/\/wrent.sk\/en\/produkt\/briquetting-baler-brickman-300\/\" \/>\n<meta property=\"og:locale\" content=\"en_US\" \/>\n<meta property=\"og:type\" content=\"article\" \/>\n<meta property=\"og:title\" content=\"Briquetting baler BRICKMAN 300 - W rent Packaging technologies\" \/>\n<meta property=\"og:description\" content=\"Brickman 300 je automatick\u00fd briketovac\u00ed lis na kart\u00f3n a odpad, ktor\u00fd zni\u017euje objem a\u017e o 90 %, \u0161etr\u00ed miesto a zni\u017euje n\u00e1klady na likvid\u00e1ciu.\" \/>\n<meta property=\"og:url\" content=\"https:\/\/wrent.sk\/en\/produkt\/briquetting-baler-brickman-300\/\" \/>\n<meta property=\"og:site_name\" content=\"W rent Packaging technologies\" \/>\n<meta property=\"article:publisher\" content=\"https:\/\/www.facebook.com\/wrent.sk\/?locale=sk_SK\" \/>\n<meta property=\"article:modified_time\" content=\"2026-01-15T13:52:51+00:00\" \/>\n<meta property=\"og:image\" content=\"https:\/\/wrent.sk\/wp-content\/uploads\/2025\/12\/image-300.png\" \/>\n\t<meta property=\"og:image:width\" content=\"485\" \/>\n\t<meta property=\"og:image:height\" content=\"345\" \/>\n\t<meta property=\"og:image:type\" content=\"image\/png\" \/>\n<meta name=\"twitter:card\" content=\"summary_large_image\" \/>\n<meta name=\"twitter:label1\" content=\"Est. reading time\" \/>\n\t<meta name=\"twitter:data1\" content=\"2 minutes\" \/>\n<script type=\"application\/ld+json\" class=\"yoast-schema-graph\">{\"@context\":\"https:\/\/schema.org\",\"@graph\":[{\"@type\":\"WebPage\",\"@id\":\"https:\/\/wrent.sk\/en\/produkt\/briquetting-baler-brickman-300\/\",\"url\":\"https:\/\/wrent.sk\/en\/produkt\/briquetting-baler-brickman-300\/\",\"name\":\"Briquetting baler BRICKMAN 300 - W rent Packaging technologies\",\"isPartOf\":{\"@id\":\"https:\/\/wrent.sk\/#website\"},\"primaryImageOfPage\":{\"@id\":\"https:\/\/wrent.sk\/en\/produkt\/briquetting-baler-brickman-300\/#primaryimage\"},\"image\":{\"@id\":\"https:\/\/wrent.sk\/en\/produkt\/briquetting-baler-brickman-300\/#primaryimage\"},\"thumbnailUrl\":\"https:\/\/wrent.sk\/wp-content\/uploads\/2025\/12\/image-300.png\",\"datePublished\":\"2025-12-19T07:37:23+00:00\",\"dateModified\":\"2026-01-15T13:52:51+00:00\",\"description\":\"Brickman 300 je automatick\u00fd briketovac\u00ed lis na kart\u00f3n a odpad, ktor\u00fd zni\u017euje objem a\u017e o 90 %, \u0161etr\u00ed miesto a zni\u017euje n\u00e1klady na likvid\u00e1ciu.\",\"breadcrumb\":{\"@id\":\"https:\/\/wrent.sk\/en\/produkt\/briquetting-baler-brickman-300\/#breadcrumb\"},\"inLanguage\":\"en-US\",\"potentialAction\":[{\"@type\":\"ReadAction\",\"target\":[\"https:\/\/wrent.sk\/en\/produkt\/briquetting-baler-brickman-300\/\"]}]},{\"@type\":\"ImageObject\",\"inLanguage\":\"en-US\",\"@id\":\"https:\/\/wrent.sk\/en\/produkt\/briquetting-baler-brickman-300\/#primaryimage\",\"url\":\"https:\/\/wrent.sk\/wp-content\/uploads\/2025\/12\/image-300.png\",\"contentUrl\":\"https:\/\/wrent.sk\/wp-content\/uploads\/2025\/12\/image-300.png\",\"width\":485,\"height\":345,\"caption\":\"Briquetting baler BRICKMAN 300 for automatic cardboard processing\"},{\"@type\":\"BreadcrumbList\",\"@id\":\"https:\/\/wrent.sk\/en\/produkt\/briquetting-baler-brickman-300\/#breadcrumb\",\"itemListElement\":[{\"@type\":\"ListItem\",\"position\":1,\"name\":\"Domovsk\u00e1 str\u00e1nka\",\"item\":\"https:\/\/wrent.sk\/en\/\"},{\"@type\":\"ListItem\",\"position\":2,\"name\":\"Shop\",\"item\":\"https:\/\/wrent.sk\/en\/shop\/\"},{\"@type\":\"ListItem\",\"position\":3,\"name\":\"Briquetting baler BRICKMAN 300\"}]},{\"@type\":\"WebSite\",\"@id\":\"https:\/\/wrent.sk\/#website\",\"url\":\"https:\/\/wrent.sk\/\",\"name\":\"W rent Baliace technol\u00f3gie\",\"description\":\"Professional solutions in the field of packaging technologies\",\"publisher\":{\"@id\":\"https:\/\/wrent.sk\/#organization\"},\"potentialAction\":[{\"@type\":\"SearchAction\",\"target\":{\"@type\":\"EntryPoint\",\"urlTemplate\":\"https:\/\/wrent.sk\/?s={search_term_string}\"},\"query-input\":{\"@type\":\"PropertyValueSpecification\",\"valueRequired\":true,\"valueName\":\"search_term_string\"}}],\"inLanguage\":\"en-US\"},{\"@type\":\"Organization\",\"@id\":\"https:\/\/wrent.sk\/#organization\",\"name\":\"W rent Packaging technologies\",\"url\":\"https:\/\/wrent.sk\/\",\"logo\":{\"@type\":\"ImageObject\",\"inLanguage\":\"en-US\",\"@id\":\"https:\/\/wrent.sk\/#\/schema\/logo\/image\/\",\"url\":\"https:\/\/wrent.sk\/wp-content\/uploads\/2024\/09\/homelink-dark.png\",\"contentUrl\":\"https:\/\/wrent.sk\/wp-content\/uploads\/2024\/09\/homelink-dark.png\",\"width\":283,\"height\":152,\"caption\":\"W rent Packaging technologies\"},\"image\":{\"@id\":\"https:\/\/wrent.sk\/#\/schema\/logo\/image\/\"},\"sameAs\":[\"https:\/\/www.facebook.com\/wrent.sk\/?locale=sk_SK\",\"https:\/\/www.instagram.com\/wrent.sk\/\",\"https:\/\/sk.linkedin.com\/company\/w-rent\",\"https:\/\/www.youtube.com\/@wrent\"]}]}<\/script>\n<!-- \/ Yoast SEO plugin. -->","yoast_head_json":{"title":"Briquetting baler BRICKMAN 300 - W rent Packaging technologies","description":"Brickman 300 je automatick\u00fd briketovac\u00ed lis na kart\u00f3n a odpad, ktor\u00fd zni\u017euje objem a\u017e o 90 %, \u0161etr\u00ed miesto a zni\u017euje n\u00e1klady na likvid\u00e1ciu.","robots":{"index":"index","follow":"follow","max-snippet":"max-snippet:-1","max-image-preview":"max-image-preview:large","max-video-preview":"max-video-preview:-1"},"canonical":"https:\/\/wrent.sk\/en\/produkt\/briquetting-baler-brickman-300\/","og_locale":"en_US","og_type":"article","og_title":"Briquetting baler BRICKMAN 300 - W rent Packaging technologies","og_description":"Brickman 300 je automatick\u00fd briketovac\u00ed lis na kart\u00f3n a odpad, ktor\u00fd zni\u017euje objem a\u017e o 90 %, \u0161etr\u00ed miesto a zni\u017euje n\u00e1klady na likvid\u00e1ciu.","og_url":"https:\/\/wrent.sk\/en\/produkt\/briquetting-baler-brickman-300\/","og_site_name":"W rent Packaging technologies","article_publisher":"https:\/\/www.facebook.com\/wrent.sk\/?locale=sk_SK","article_modified_time":"2026-01-15T13:52:51+00:00","og_image":[{"width":485,"height":345,"url":"https:\/\/wrent.sk\/wp-content\/uploads\/2025\/12\/image-300.png","type":"image\/png"}],"twitter_card":"summary_large_image","twitter_misc":{"Est. reading time":"2 minutes"},"schema":{"@context":"https:\/\/schema.org","@graph":[{"@type":"WebPage","@id":"https:\/\/wrent.sk\/en\/produkt\/briquetting-baler-brickman-300\/","url":"https:\/\/wrent.sk\/en\/produkt\/briquetting-baler-brickman-300\/","name":"Briquetting baler BRICKMAN 300 - W rent Packaging technologies","isPartOf":{"@id":"https:\/\/wrent.sk\/#website"},"primaryImageOfPage":{"@id":"https:\/\/wrent.sk\/en\/produkt\/briquetting-baler-brickman-300\/#primaryimage"},"image":{"@id":"https:\/\/wrent.sk\/en\/produkt\/briquetting-baler-brickman-300\/#primaryimage"},"thumbnailUrl":"https:\/\/wrent.sk\/wp-content\/uploads\/2025\/12\/image-300.png","datePublished":"2025-12-19T07:37:23+00:00","dateModified":"2026-01-15T13:52:51+00:00","description":"Brickman 300 je automatick\u00fd briketovac\u00ed lis na kart\u00f3n a odpad, ktor\u00fd zni\u017euje objem a\u017e o 90 %, \u0161etr\u00ed miesto a zni\u017euje n\u00e1klady na likvid\u00e1ciu.","breadcrumb":{"@id":"https:\/\/wrent.sk\/en\/produkt\/briquetting-baler-brickman-300\/#breadcrumb"},"inLanguage":"en-US","potentialAction":[{"@type":"ReadAction","target":["https:\/\/wrent.sk\/en\/produkt\/briquetting-baler-brickman-300\/"]}]},{"@type":"ImageObject","inLanguage":"en-US","@id":"https:\/\/wrent.sk\/en\/produkt\/briquetting-baler-brickman-300\/#primaryimage","url":"https:\/\/wrent.sk\/wp-content\/uploads\/2025\/12\/image-300.png","contentUrl":"https:\/\/wrent.sk\/wp-content\/uploads\/2025\/12\/image-300.png","width":485,"height":345,"caption":"Briquetting baler BRICKMAN 300 for automatic cardboard processing"},{"@type":"BreadcrumbList","@id":"https:\/\/wrent.sk\/en\/produkt\/briquetting-baler-brickman-300\/#breadcrumb","itemListElement":[{"@type":"ListItem","position":1,"name":"Domovsk\u00e1 str\u00e1nka","item":"https:\/\/wrent.sk\/en\/"},{"@type":"ListItem","position":2,"name":"Shop","item":"https:\/\/wrent.sk\/en\/shop\/"},{"@type":"ListItem","position":3,"name":"Briquetting baler BRICKMAN 300"}]},{"@type":"WebSite","@id":"https:\/\/wrent.sk\/#website","url":"https:\/\/wrent.sk\/","name":"W rent Baliace technol\u00f3gie","description":"Professional solutions in the field of packaging technologies","publisher":{"@id":"https:\/\/wrent.sk\/#organization"},"potentialAction":[{"@type":"SearchAction","target":{"@type":"EntryPoint","urlTemplate":"https:\/\/wrent.sk\/?s={search_term_string}"},"query-input":{"@type":"PropertyValueSpecification","valueRequired":true,"valueName":"search_term_string"}}],"inLanguage":"en-US"},{"@type":"Organization","@id":"https:\/\/wrent.sk\/#organization","name":"W rent Packaging technologies","url":"https:\/\/wrent.sk\/","logo":{"@type":"ImageObject","inLanguage":"en-US","@id":"https:\/\/wrent.sk\/#\/schema\/logo\/image\/","url":"https:\/\/wrent.sk\/wp-content\/uploads\/2024\/09\/homelink-dark.png","contentUrl":"https:\/\/wrent.sk\/wp-content\/uploads\/2024\/09\/homelink-dark.png","width":283,"height":152,"caption":"W rent Packaging technologies"},"image":{"@id":"https:\/\/wrent.sk\/#\/schema\/logo\/image\/"},"sameAs":["https:\/\/www.facebook.com\/wrent.sk\/?locale=sk_SK","https:\/\/www.instagram.com\/wrent.sk\/","https:\/\/sk.linkedin.com\/company\/w-rent","https:\/\/www.youtube.com\/@wrent"]}]}},"_links":{"self":[{"href":"https:\/\/wrent.sk\/en\/wp-json\/wp\/v2\/product\/81274","targetHints":{"allow":["GET"]}}],"collection":[{"href":"https:\/\/wrent.sk\/en\/wp-json\/wp\/v2\/product"}],"about":[{"href":"https:\/\/wrent.sk\/en\/wp-json\/wp\/v2\/types\/product"}],"wp:featuredmedia":[{"embeddable":true,"href":"https:\/\/wrent.sk\/en\/wp-json\/wp\/v2\/media\/81264"}],"wp:attachment":[{"href":"https:\/\/wrent.sk\/en\/wp-json\/wp\/v2\/media?parent=81274"}],"wp:term":[{"taxonomy":"product_brand","embeddable":true,"href":"https:\/\/wrent.sk\/en\/wp-json\/wp\/v2\/product_brand?post=81274"},{"taxonomy":"product_cat","embeddable":true,"href":"https:\/\/wrent.sk\/en\/wp-json\/wp\/v2\/product_cat?post=81274"},{"taxonomy":"product_tag","embeddable":true,"href":"https:\/\/wrent.sk\/en\/wp-json\/wp\/v2\/product_tag?post=81274"}],"curies":[{"name":"wp","href":"https:\/\/api.w.org\/{rel}","templated":true}]}}