{"id":82018,"date":"2026-01-08T13:33:43","date_gmt":"2026-01-08T12:33:43","guid":{"rendered":"https:\/\/wrent.sk\/?post_type=product&#038;p=82018"},"modified":"2026-01-15T14:51:43","modified_gmt":"2026-01-15T13:51:43","slug":"briquetting-press-brickman-900k-kopia","status":"publish","type":"product","link":"https:\/\/wrent.sk\/en\/produkt\/briquetting-press-brickman-900k-kopia\/","title":{"rendered":"Briquetting press BRICKMAN 1200K"},"content":{"rendered":"<h2>Automatic Briquetting Press ORWAK BRICKMAN 1200K<\/h2>\n<h3>Effective solution for compacting large volumes of waste<\/h3>\n<p>The Brickman 1200K is a powerful automatic briquetting press designed to make compacting very large volumes of waste, such as cardboard and PET bottles, simple and efficient. Automated operation saves time, reduces handling requirements and maximizes productivity. The press can process up to 1,100 kg of cardboard and 900 kg of PET bottles per hour, making it ideal for high-production industrial and logistics operations.<\/p>\n<p>Automatic operation minimizes the need for manual handling of waste. Less time spent operating the press means more time for your core activities and a smoother operation.<\/p>\n<h3>More space and better order<\/h3>\n<p>The BRICKMAN 1200K press significantly reduces the volume of waste and converts it into compact briquettes. The freed space helps keep aisles clear, the workplace tidy and safe.<\/p>\n<h3>Lower costs and higher waste value<\/h3>\n<p>Denser waste compression means less volume to transport, fewer collections and lower logistics costs. Sorting at source also increases the quality of the raw material suitable for recycling and supports sustainable waste management.<\/p>\n<h3>Flexible placement and quiet operation<\/h3>\n<p>Thanks to its compact dimensions and low noise, the BRICKMAN 1200K baler can be placed directly indoors, close to the recycling station, without disrupting operations.<\/p>\n<h3>Designed for demanding operation<\/h3>\n<p>The BRICKMAN 1200K is developed for heavy-duty industrial use and compaction of large volumes of cardboard and PET bottles. Robust construction includes:<\/p>\n<ul>\n<li>Press cylinder attachment<\/li>\n<li>Automatic press plate lubrication<\/li>\n<li>Reinforced material in the press chamber<\/li>\n<li>Press plate, cutting knives, guide piston and press loop<\/li>\n<\/ul>\n<h3>Main advantages:<\/h3>\n<ul>\n<li><strong>High capacity:<\/strong> up to 1,100 kg\/h cardboard, 900 kg\/h PET bottles<\/li>\n<li><strong>Extreme waste volume reduction:<\/strong> converts large volumes of waste into compact briquettes<\/li>\n<li><strong>Fully automatic operation:<\/strong> continuous filling without briquette binding<\/li>\n<li><strong>Lower costs:<\/strong> fewer collections, lower transport costs and reduced CO\u2082 emissions<\/li>\n<li><strong>Robust and flexible:<\/strong> suitable for demanding operations, can be installed indoors<\/li>\n<\/ul>\n<h3>Related and recommended links<\/h3>\n<p><strong>Internal links<\/strong><\/p>\n<p>See also other products in the <a href=\"https:\/\/wrent.sk\/en\/products\/packaging-material-recycling-machines\/packing-presses\/\">Vertical balers<\/a><\/p>\n<p><strong>External link<\/strong><\/p>\n<p>More about Orwak products can be found on the official <a href=\"https:\/\/orwak.com\/\">Orwak website<\/a><\/p>\n","protected":false},"excerpt":{"rendered":"<div class=\"woocommerce-product-details__short-description\">\n<p data-start=\"344\" data-end=\"695\"><strong>BRICKMAN 1200K<\/strong>\u00a0is a powerful\u00a0<strong>automatic briquetting press<\/strong>\u00a0designed to process large quantities of cardboard and PET bottles. High capacity up to 1,100 kg\/h allows for effective waste reduction, space saving and reduced transportation costs.<\/p>\n<p data-start=\"344\" data-end=\"695\">\n<\/div>\n<div class=\"product_meta\"><\/div>\n","protected":false},"featured_media":82370,"template":"","meta":{"_acf_changed":false},"product_brand":[],"product_cat":[1249,1062],"product_tag":[],"class_list":{"0":"post-82018","1":"product","2":"type-product","3":"status-publish","4":"has-post-thumbnail","6":"product_cat-briquetting-presses","7":"product_cat-packaging-material-recycling-machines","8":"product_shipping_class-pallet-transport","10":"first","11":"onbackorder","12":"taxable","13":"shipping-taxable","14":"purchasable","15":"product-type-simple"},"acf":[],"yoast_head":"<!-- This site is optimized with the Yoast SEO plugin v27.0 - https:\/\/yoast.com\/product\/yoast-seo-wordpress\/ -->\n<title>Briquetting press BRICKMAN 1200K - W rent Packaging technologies<\/title>\n<meta name=\"description\" content=\"ORWAK BRICKMAN 900K is a powerful automatic briquetting press for cardboard and PET bottles that saves space, reduces costs and increases efficiency.\" \/>\n<meta name=\"robots\" content=\"index, follow, max-snippet:-1, max-image-preview:large, max-video-preview:-1\" \/>\n<link rel=\"canonical\" href=\"https:\/\/wrent.sk\/en\/produkt\/briquetting-press-brickman-900k-kopia\/\" \/>\n<meta property=\"og:locale\" content=\"en_US\" \/>\n<meta property=\"og:type\" content=\"article\" \/>\n<meta property=\"og:title\" content=\"Briquetting press BRICKMAN 1200K - W rent Packaging technologies\" \/>\n<meta property=\"og:description\" content=\"ORWAK BRICKMAN 900K is a powerful automatic briquetting press for cardboard and PET bottles that saves space, reduces costs and increases efficiency.\" \/>\n<meta property=\"og:url\" content=\"https:\/\/wrent.sk\/en\/produkt\/briquetting-press-brickman-900k-kopia\/\" \/>\n<meta property=\"og:site_name\" content=\"W rent Packaging technologies\" \/>\n<meta property=\"article:publisher\" content=\"https:\/\/www.facebook.com\/wrent.sk\/?locale=sk_SK\" \/>\n<meta property=\"article:modified_time\" content=\"2026-01-15T13:51:43+00:00\" \/>\n<meta property=\"og:image\" content=\"https:\/\/wrent.sk\/wp-content\/uploads\/2026\/01\/Brickman-1200K.png\" \/>\n\t<meta property=\"og:image:width\" content=\"485\" \/>\n\t<meta property=\"og:image:height\" content=\"345\" \/>\n\t<meta property=\"og:image:type\" content=\"image\/png\" \/>\n<meta name=\"twitter:card\" content=\"summary_large_image\" \/>\n<meta name=\"twitter:label1\" content=\"Est. reading time\" \/>\n\t<meta name=\"twitter:data1\" content=\"3 minutes\" \/>\n<script type=\"application\/ld+json\" class=\"yoast-schema-graph\">{\"@context\":\"https:\/\/schema.org\",\"@graph\":[{\"@type\":\"WebPage\",\"@id\":\"https:\/\/wrent.sk\/en\/produkt\/briquetting-press-brickman-900k-kopia\/\",\"url\":\"https:\/\/wrent.sk\/en\/produkt\/briquetting-press-brickman-900k-kopia\/\",\"name\":\"Briquetting press BRICKMAN 1200K - W rent Packaging technologies\",\"isPartOf\":{\"@id\":\"https:\/\/wrent.sk\/#website\"},\"primaryImageOfPage\":{\"@id\":\"https:\/\/wrent.sk\/en\/produkt\/briquetting-press-brickman-900k-kopia\/#primaryimage\"},\"image\":{\"@id\":\"https:\/\/wrent.sk\/en\/produkt\/briquetting-press-brickman-900k-kopia\/#primaryimage\"},\"thumbnailUrl\":\"https:\/\/wrent.sk\/wp-content\/uploads\/2026\/01\/Brickman-1200K.png\",\"datePublished\":\"2026-01-08T12:33:43+00:00\",\"dateModified\":\"2026-01-15T13:51:43+00:00\",\"description\":\"ORWAK BRICKMAN 900K is a powerful automatic briquetting press for cardboard and PET bottles that saves space, reduces costs and increases efficiency.\",\"breadcrumb\":{\"@id\":\"https:\/\/wrent.sk\/en\/produkt\/briquetting-press-brickman-900k-kopia\/#breadcrumb\"},\"inLanguage\":\"en-US\",\"potentialAction\":[{\"@type\":\"ReadAction\",\"target\":[\"https:\/\/wrent.sk\/en\/produkt\/briquetting-press-brickman-900k-kopia\/\"]}]},{\"@type\":\"ImageObject\",\"inLanguage\":\"en-US\",\"@id\":\"https:\/\/wrent.sk\/en\/produkt\/briquetting-press-brickman-900k-kopia\/#primaryimage\",\"url\":\"https:\/\/wrent.sk\/wp-content\/uploads\/2026\/01\/Brickman-1200K.png\",\"contentUrl\":\"https:\/\/wrent.sk\/wp-content\/uploads\/2026\/01\/Brickman-1200K.png\",\"width\":485,\"height\":345,\"caption\":\"Briketovac\u00ed lis BRICKMAN 1200K na automatick\u00e9 spracovanie kart\u00f3nu\"},{\"@type\":\"BreadcrumbList\",\"@id\":\"https:\/\/wrent.sk\/en\/produkt\/briquetting-press-brickman-900k-kopia\/#breadcrumb\",\"itemListElement\":[{\"@type\":\"ListItem\",\"position\":1,\"name\":\"Domovsk\u00e1 str\u00e1nka\",\"item\":\"https:\/\/wrent.sk\/en\/\"},{\"@type\":\"ListItem\",\"position\":2,\"name\":\"Shop\",\"item\":\"https:\/\/wrent.sk\/en\/shop\/\"},{\"@type\":\"ListItem\",\"position\":3,\"name\":\"Briquetting press BRICKMAN 1200K\"}]},{\"@type\":\"WebSite\",\"@id\":\"https:\/\/wrent.sk\/#website\",\"url\":\"https:\/\/wrent.sk\/\",\"name\":\"W rent Baliace technol\u00f3gie\",\"description\":\"Professional solutions in the field of packaging technologies\",\"publisher\":{\"@id\":\"https:\/\/wrent.sk\/#organization\"},\"potentialAction\":[{\"@type\":\"SearchAction\",\"target\":{\"@type\":\"EntryPoint\",\"urlTemplate\":\"https:\/\/wrent.sk\/?s={search_term_string}\"},\"query-input\":{\"@type\":\"PropertyValueSpecification\",\"valueRequired\":true,\"valueName\":\"search_term_string\"}}],\"inLanguage\":\"en-US\"},{\"@type\":\"Organization\",\"@id\":\"https:\/\/wrent.sk\/#organization\",\"name\":\"W rent Packaging technologies\",\"url\":\"https:\/\/wrent.sk\/\",\"logo\":{\"@type\":\"ImageObject\",\"inLanguage\":\"en-US\",\"@id\":\"https:\/\/wrent.sk\/#\/schema\/logo\/image\/\",\"url\":\"https:\/\/wrent.sk\/wp-content\/uploads\/2024\/09\/homelink-dark.png\",\"contentUrl\":\"https:\/\/wrent.sk\/wp-content\/uploads\/2024\/09\/homelink-dark.png\",\"width\":283,\"height\":152,\"caption\":\"W rent Packaging technologies\"},\"image\":{\"@id\":\"https:\/\/wrent.sk\/#\/schema\/logo\/image\/\"},\"sameAs\":[\"https:\/\/www.facebook.com\/wrent.sk\/?locale=sk_SK\",\"https:\/\/www.instagram.com\/wrent.sk\/\",\"https:\/\/sk.linkedin.com\/company\/w-rent\",\"https:\/\/www.youtube.com\/@wrent\"]}]}<\/script>\n<!-- \/ Yoast SEO plugin. -->","yoast_head_json":{"title":"Briquetting press BRICKMAN 1200K - W rent Packaging technologies","description":"ORWAK BRICKMAN 900K is a powerful automatic briquetting press for cardboard and PET bottles that saves space, reduces costs and increases efficiency.","robots":{"index":"index","follow":"follow","max-snippet":"max-snippet:-1","max-image-preview":"max-image-preview:large","max-video-preview":"max-video-preview:-1"},"canonical":"https:\/\/wrent.sk\/en\/produkt\/briquetting-press-brickman-900k-kopia\/","og_locale":"en_US","og_type":"article","og_title":"Briquetting press BRICKMAN 1200K - W rent Packaging technologies","og_description":"ORWAK BRICKMAN 900K is a powerful automatic briquetting press for cardboard and PET bottles that saves space, reduces costs and increases efficiency.","og_url":"https:\/\/wrent.sk\/en\/produkt\/briquetting-press-brickman-900k-kopia\/","og_site_name":"W rent Packaging technologies","article_publisher":"https:\/\/www.facebook.com\/wrent.sk\/?locale=sk_SK","article_modified_time":"2026-01-15T13:51:43+00:00","og_image":[{"width":485,"height":345,"url":"https:\/\/wrent.sk\/wp-content\/uploads\/2026\/01\/Brickman-1200K.png","type":"image\/png"}],"twitter_card":"summary_large_image","twitter_misc":{"Est. reading time":"3 minutes"},"schema":{"@context":"https:\/\/schema.org","@graph":[{"@type":"WebPage","@id":"https:\/\/wrent.sk\/en\/produkt\/briquetting-press-brickman-900k-kopia\/","url":"https:\/\/wrent.sk\/en\/produkt\/briquetting-press-brickman-900k-kopia\/","name":"Briquetting press BRICKMAN 1200K - W rent Packaging technologies","isPartOf":{"@id":"https:\/\/wrent.sk\/#website"},"primaryImageOfPage":{"@id":"https:\/\/wrent.sk\/en\/produkt\/briquetting-press-brickman-900k-kopia\/#primaryimage"},"image":{"@id":"https:\/\/wrent.sk\/en\/produkt\/briquetting-press-brickman-900k-kopia\/#primaryimage"},"thumbnailUrl":"https:\/\/wrent.sk\/wp-content\/uploads\/2026\/01\/Brickman-1200K.png","datePublished":"2026-01-08T12:33:43+00:00","dateModified":"2026-01-15T13:51:43+00:00","description":"ORWAK BRICKMAN 900K is a powerful automatic briquetting press for cardboard and PET bottles that saves space, reduces costs and increases efficiency.","breadcrumb":{"@id":"https:\/\/wrent.sk\/en\/produkt\/briquetting-press-brickman-900k-kopia\/#breadcrumb"},"inLanguage":"en-US","potentialAction":[{"@type":"ReadAction","target":["https:\/\/wrent.sk\/en\/produkt\/briquetting-press-brickman-900k-kopia\/"]}]},{"@type":"ImageObject","inLanguage":"en-US","@id":"https:\/\/wrent.sk\/en\/produkt\/briquetting-press-brickman-900k-kopia\/#primaryimage","url":"https:\/\/wrent.sk\/wp-content\/uploads\/2026\/01\/Brickman-1200K.png","contentUrl":"https:\/\/wrent.sk\/wp-content\/uploads\/2026\/01\/Brickman-1200K.png","width":485,"height":345,"caption":"Briketovac\u00ed lis BRICKMAN 1200K na automatick\u00e9 spracovanie kart\u00f3nu"},{"@type":"BreadcrumbList","@id":"https:\/\/wrent.sk\/en\/produkt\/briquetting-press-brickman-900k-kopia\/#breadcrumb","itemListElement":[{"@type":"ListItem","position":1,"name":"Domovsk\u00e1 str\u00e1nka","item":"https:\/\/wrent.sk\/en\/"},{"@type":"ListItem","position":2,"name":"Shop","item":"https:\/\/wrent.sk\/en\/shop\/"},{"@type":"ListItem","position":3,"name":"Briquetting press BRICKMAN 1200K"}]},{"@type":"WebSite","@id":"https:\/\/wrent.sk\/#website","url":"https:\/\/wrent.sk\/","name":"W rent Baliace technol\u00f3gie","description":"Professional solutions in the field of packaging technologies","publisher":{"@id":"https:\/\/wrent.sk\/#organization"},"potentialAction":[{"@type":"SearchAction","target":{"@type":"EntryPoint","urlTemplate":"https:\/\/wrent.sk\/?s={search_term_string}"},"query-input":{"@type":"PropertyValueSpecification","valueRequired":true,"valueName":"search_term_string"}}],"inLanguage":"en-US"},{"@type":"Organization","@id":"https:\/\/wrent.sk\/#organization","name":"W rent Packaging technologies","url":"https:\/\/wrent.sk\/","logo":{"@type":"ImageObject","inLanguage":"en-US","@id":"https:\/\/wrent.sk\/#\/schema\/logo\/image\/","url":"https:\/\/wrent.sk\/wp-content\/uploads\/2024\/09\/homelink-dark.png","contentUrl":"https:\/\/wrent.sk\/wp-content\/uploads\/2024\/09\/homelink-dark.png","width":283,"height":152,"caption":"W rent Packaging technologies"},"image":{"@id":"https:\/\/wrent.sk\/#\/schema\/logo\/image\/"},"sameAs":["https:\/\/www.facebook.com\/wrent.sk\/?locale=sk_SK","https:\/\/www.instagram.com\/wrent.sk\/","https:\/\/sk.linkedin.com\/company\/w-rent","https:\/\/www.youtube.com\/@wrent"]}]}},"_links":{"self":[{"href":"https:\/\/wrent.sk\/en\/wp-json\/wp\/v2\/product\/82018","targetHints":{"allow":["GET"]}}],"collection":[{"href":"https:\/\/wrent.sk\/en\/wp-json\/wp\/v2\/product"}],"about":[{"href":"https:\/\/wrent.sk\/en\/wp-json\/wp\/v2\/types\/product"}],"wp:featuredmedia":[{"embeddable":true,"href":"https:\/\/wrent.sk\/en\/wp-json\/wp\/v2\/media\/82370"}],"wp:attachment":[{"href":"https:\/\/wrent.sk\/en\/wp-json\/wp\/v2\/media?parent=82018"}],"wp:term":[{"taxonomy":"product_brand","embeddable":true,"href":"https:\/\/wrent.sk\/en\/wp-json\/wp\/v2\/product_brand?post=82018"},{"taxonomy":"product_cat","embeddable":true,"href":"https:\/\/wrent.sk\/en\/wp-json\/wp\/v2\/product_cat?post=82018"},{"taxonomy":"product_tag","embeddable":true,"href":"https:\/\/wrent.sk\/en\/wp-json\/wp\/v2\/product_tag?post=82018"}],"curies":[{"name":"wp","href":"https:\/\/api.w.org\/{rel}","templated":true}]}}