{"id":82039,"date":"2026-01-08T15:22:38","date_gmt":"2026-01-08T14:22:38","guid":{"rendered":"https:\/\/wrent.sk\/produkt\/briquetting-press-brickman-2000k\/"},"modified":"2026-01-15T14:52:01","modified_gmt":"2026-01-15T13:52:01","slug":"briquetting-press-brickman-2000k","status":"publish","type":"product","link":"https:\/\/wrent.sk\/en\/produkt\/briquetting-press-brickman-2000k\/","title":{"rendered":"Briquetting press BRICKMAN 2000K"},"content":{"rendered":"<h2>Automatic briquetting press ORWAK BRICKMAN 2000K<\/h2>\n<h3>Effective solution for compacting extremely large volumes of waste<\/h3>\n<p>ORWAK BRICKMAN 2000K is our most powerful version of the automatic briquetting press, designed to make compacting extremely large volumes of waste, such as cardboard and PET bottles, simple and efficient. Automated operation saves time and reduces handling requirements. The press can process up to 25,000 empty PET bottles per hour, making it ideal for large industrial and logistics operations.<\/p>\n<h3>Increased work efficiency<\/h3>\n<p>Automatic operation minimizes the need for manual handling of waste. Less time spent on operation means more time for your key activities and a smoother operation.<\/p>\n<h3>Space saving and clean working environment<\/h3>\n<p>BRICKMAN 2000K significantly reduces the volume of waste, converting it into compact briquettes, freeing up storage space. A clean and tidy workplace helps keep the aisles clear and safe.<\/p>\n<h3>Cost optimization and higher waste value<\/h3>\n<p>Denser waste compression means less volume to transport, fewer collections and lower logistics costs. Sorting waste directly at source increases the quality of recyclable raw materials and supports sustainable waste management.<\/p>\n<h3>Easy and fully automatic operation<\/h3>\n<p>Lis je mo\u017en\u00e9 plni\u0165 za chodu, bez otv\u00e1rania poklopov alebo dver\u00ed. Hotov\u00e9 brikety nevy\u017eaduj\u00fa previazanie, \u010do u\u013eah\u010duje manipul\u00e1ciu. Volite\u013en\u00e9 fotobunky umo\u017e\u0148uj\u00fa automatick\u00fd \u0161tart zariadenia a jednoduch\u00fa integr\u00e1ciu do existuj\u00facich syst\u00e9mov.<\/p>\n<h3>Flexible installation and efficient logistics<\/h3>\n<p>V\u010faka kompaktn\u00fdm rozmerom a n\u00edzkej hlu\u010dnosti je mo\u017en\u00e9 lis <strong data-start=\"249\" data-end=\"267\">BRICKMAN 2000K<\/strong> umiestni\u0165 priamo do vn\u00fatorn\u00fdch priestorov, v bl\u00edzkosti recykla\u010dnej stanice, bez naru\u0161enia prev\u00e1dzky.<\/p>\n<h3>Main advantages:<\/h3>\n<ul>\n<li><strong>Highest capacity:<\/strong> processing up to 25,000 PET bottles\/h<\/li>\n<li><strong>Extreme waste volume reduction:<\/strong> converts large volumes of waste into compact briquettes<\/li>\n<li><strong>Fully automatic operation:<\/strong> continuous filling without binding the briquettes<\/li>\n<li><strong>Lower costs:<\/strong> fewer collections, lower transport costs and reduced CO\u2082 emissions<\/li>\n<li><strong>Robust and flexible:<\/strong> suitable for demanding operations, can be installed indoors<\/li>\n<\/ul>\n<h3>Related and recommended links<\/h3>\n<p><strong>Internal links<\/strong><\/p>\n<p>See also other products in the\u00a0<a href=\"https:\/\/wrent.sk\/en\/products\/packaging-material-recycling-machines\/packing-presses\/\">Vertical balers<\/a><\/p>\n<p><strong>External link<\/strong><\/p>\n<p>More about Orwak products can be found on the official\u00a0<a href=\"https:\/\/orwak.com\/\">Orwak website<\/a><\/p>\n<p>&nbsp;<\/p>\n<p>&nbsp;<\/p>\n","protected":false},"excerpt":{"rendered":"<p><strong>BRICKMAN 2000K<\/strong> is a powerful automatic briquetting press for processing large quantities of cardboard and PET bottles. It can process up to 25,000 PET bottles per hour, reducing waste, saving space and operating costs.<\/p>\n","protected":false},"featured_media":82031,"template":"","meta":{"_acf_changed":false},"product_brand":[],"product_cat":[1249,1062],"product_tag":[],"class_list":{"0":"post-82039","1":"product","2":"type-product","3":"status-publish","4":"has-post-thumbnail","6":"product_cat-briquetting-presses","7":"product_cat-packaging-material-recycling-machines","8":"product_shipping_class-pallet-transport","10":"first","11":"onbackorder","12":"taxable","13":"shipping-taxable","14":"purchasable","15":"product-type-simple"},"acf":[],"yoast_head":"<!-- This site is optimized with the Yoast SEO plugin v27.0 - https:\/\/yoast.com\/product\/yoast-seo-wordpress\/ -->\n<title>Briquetting press BRICKMAN 2000K - W rent Packaging technologies<\/title>\n<meta name=\"description\" content=\"BRICKMAN 2000K is a powerful automatic briquetting press for cardboard and PET bottles. It processes up to 25,000 PET bottles\/h, saving time, space and costs.\" \/>\n<meta name=\"robots\" content=\"index, follow, max-snippet:-1, max-image-preview:large, max-video-preview:-1\" \/>\n<link rel=\"canonical\" href=\"https:\/\/wrent.sk\/en\/produkt\/briquetting-press-brickman-2000k\/\" \/>\n<meta property=\"og:locale\" content=\"en_US\" \/>\n<meta property=\"og:type\" content=\"article\" \/>\n<meta property=\"og:title\" content=\"Briquetting press BRICKMAN 2000K - W rent Packaging technologies\" \/>\n<meta property=\"og:description\" content=\"BRICKMAN 2000K is a powerful automatic briquetting press for cardboard and PET bottles. It processes up to 25,000 PET bottles\/h, saving time, space and costs.\" \/>\n<meta property=\"og:url\" content=\"https:\/\/wrent.sk\/en\/produkt\/briquetting-press-brickman-2000k\/\" \/>\n<meta property=\"og:site_name\" content=\"W rent Packaging technologies\" \/>\n<meta property=\"article:publisher\" content=\"https:\/\/www.facebook.com\/wrent.sk\/?locale=sk_SK\" \/>\n<meta property=\"article:modified_time\" content=\"2026-01-15T13:52:01+00:00\" \/>\n<meta property=\"og:image\" content=\"https:\/\/wrent.sk\/wp-content\/uploads\/2026\/01\/Maly-banner-web-2.png\" \/>\n\t<meta property=\"og:image:width\" content=\"485\" \/>\n\t<meta property=\"og:image:height\" content=\"345\" \/>\n\t<meta property=\"og:image:type\" content=\"image\/png\" \/>\n<meta name=\"twitter:card\" content=\"summary_large_image\" \/>\n<meta name=\"twitter:label1\" content=\"Est. reading time\" \/>\n\t<meta name=\"twitter:data1\" content=\"2 minutes\" \/>\n<script type=\"application\/ld+json\" class=\"yoast-schema-graph\">{\"@context\":\"https:\/\/schema.org\",\"@graph\":[{\"@type\":\"WebPage\",\"@id\":\"https:\/\/wrent.sk\/en\/produkt\/briquetting-press-brickman-2000k\/\",\"url\":\"https:\/\/wrent.sk\/en\/produkt\/briquetting-press-brickman-2000k\/\",\"name\":\"Briquetting press BRICKMAN 2000K - W rent Packaging technologies\",\"isPartOf\":{\"@id\":\"https:\/\/wrent.sk\/#website\"},\"primaryImageOfPage\":{\"@id\":\"https:\/\/wrent.sk\/en\/produkt\/briquetting-press-brickman-2000k\/#primaryimage\"},\"image\":{\"@id\":\"https:\/\/wrent.sk\/en\/produkt\/briquetting-press-brickman-2000k\/#primaryimage\"},\"thumbnailUrl\":\"https:\/\/wrent.sk\/wp-content\/uploads\/2026\/01\/Maly-banner-web-2.png\",\"datePublished\":\"2026-01-08T14:22:38+00:00\",\"dateModified\":\"2026-01-15T13:52:01+00:00\",\"description\":\"BRICKMAN 2000K is a powerful automatic briquetting press for cardboard and PET bottles. It processes up to 25,000 PET bottles\/h, saving time, space and costs.\",\"breadcrumb\":{\"@id\":\"https:\/\/wrent.sk\/en\/produkt\/briquetting-press-brickman-2000k\/#breadcrumb\"},\"inLanguage\":\"en-US\",\"potentialAction\":[{\"@type\":\"ReadAction\",\"target\":[\"https:\/\/wrent.sk\/en\/produkt\/briquetting-press-brickman-2000k\/\"]}]},{\"@type\":\"ImageObject\",\"inLanguage\":\"en-US\",\"@id\":\"https:\/\/wrent.sk\/en\/produkt\/briquetting-press-brickman-2000k\/#primaryimage\",\"url\":\"https:\/\/wrent.sk\/wp-content\/uploads\/2026\/01\/Maly-banner-web-2.png\",\"contentUrl\":\"https:\/\/wrent.sk\/wp-content\/uploads\/2026\/01\/Maly-banner-web-2.png\",\"width\":485,\"height\":345,\"caption\":\"Briquetting press BRICKMAN 2000K\"},{\"@type\":\"BreadcrumbList\",\"@id\":\"https:\/\/wrent.sk\/en\/produkt\/briquetting-press-brickman-2000k\/#breadcrumb\",\"itemListElement\":[{\"@type\":\"ListItem\",\"position\":1,\"name\":\"Domovsk\u00e1 str\u00e1nka\",\"item\":\"https:\/\/wrent.sk\/en\/\"},{\"@type\":\"ListItem\",\"position\":2,\"name\":\"Shop\",\"item\":\"https:\/\/wrent.sk\/en\/shop\/\"},{\"@type\":\"ListItem\",\"position\":3,\"name\":\"Briquetting press BRICKMAN 2000K\"}]},{\"@type\":\"WebSite\",\"@id\":\"https:\/\/wrent.sk\/#website\",\"url\":\"https:\/\/wrent.sk\/\",\"name\":\"W rent Baliace technol\u00f3gie\",\"description\":\"Professional solutions in the field of packaging technologies\",\"publisher\":{\"@id\":\"https:\/\/wrent.sk\/#organization\"},\"potentialAction\":[{\"@type\":\"SearchAction\",\"target\":{\"@type\":\"EntryPoint\",\"urlTemplate\":\"https:\/\/wrent.sk\/?s={search_term_string}\"},\"query-input\":{\"@type\":\"PropertyValueSpecification\",\"valueRequired\":true,\"valueName\":\"search_term_string\"}}],\"inLanguage\":\"en-US\"},{\"@type\":\"Organization\",\"@id\":\"https:\/\/wrent.sk\/#organization\",\"name\":\"W rent Packaging technologies\",\"url\":\"https:\/\/wrent.sk\/\",\"logo\":{\"@type\":\"ImageObject\",\"inLanguage\":\"en-US\",\"@id\":\"https:\/\/wrent.sk\/#\/schema\/logo\/image\/\",\"url\":\"https:\/\/wrent.sk\/wp-content\/uploads\/2024\/09\/homelink-dark.png\",\"contentUrl\":\"https:\/\/wrent.sk\/wp-content\/uploads\/2024\/09\/homelink-dark.png\",\"width\":283,\"height\":152,\"caption\":\"W rent Packaging technologies\"},\"image\":{\"@id\":\"https:\/\/wrent.sk\/#\/schema\/logo\/image\/\"},\"sameAs\":[\"https:\/\/www.facebook.com\/wrent.sk\/?locale=sk_SK\",\"https:\/\/www.instagram.com\/wrent.sk\/\",\"https:\/\/sk.linkedin.com\/company\/w-rent\",\"https:\/\/www.youtube.com\/@wrent\"]}]}<\/script>\n<!-- \/ Yoast SEO plugin. -->","yoast_head_json":{"title":"Briquetting press BRICKMAN 2000K - W rent Packaging technologies","description":"BRICKMAN 2000K is a powerful automatic briquetting press for cardboard and PET bottles. It processes up to 25,000 PET bottles\/h, saving time, space and costs.","robots":{"index":"index","follow":"follow","max-snippet":"max-snippet:-1","max-image-preview":"max-image-preview:large","max-video-preview":"max-video-preview:-1"},"canonical":"https:\/\/wrent.sk\/en\/produkt\/briquetting-press-brickman-2000k\/","og_locale":"en_US","og_type":"article","og_title":"Briquetting press BRICKMAN 2000K - W rent Packaging technologies","og_description":"BRICKMAN 2000K is a powerful automatic briquetting press for cardboard and PET bottles. It processes up to 25,000 PET bottles\/h, saving time, space and costs.","og_url":"https:\/\/wrent.sk\/en\/produkt\/briquetting-press-brickman-2000k\/","og_site_name":"W rent Packaging technologies","article_publisher":"https:\/\/www.facebook.com\/wrent.sk\/?locale=sk_SK","article_modified_time":"2026-01-15T13:52:01+00:00","og_image":[{"width":485,"height":345,"url":"https:\/\/wrent.sk\/wp-content\/uploads\/2026\/01\/Maly-banner-web-2.png","type":"image\/png"}],"twitter_card":"summary_large_image","twitter_misc":{"Est. reading time":"2 minutes"},"schema":{"@context":"https:\/\/schema.org","@graph":[{"@type":"WebPage","@id":"https:\/\/wrent.sk\/en\/produkt\/briquetting-press-brickman-2000k\/","url":"https:\/\/wrent.sk\/en\/produkt\/briquetting-press-brickman-2000k\/","name":"Briquetting press BRICKMAN 2000K - W rent Packaging technologies","isPartOf":{"@id":"https:\/\/wrent.sk\/#website"},"primaryImageOfPage":{"@id":"https:\/\/wrent.sk\/en\/produkt\/briquetting-press-brickman-2000k\/#primaryimage"},"image":{"@id":"https:\/\/wrent.sk\/en\/produkt\/briquetting-press-brickman-2000k\/#primaryimage"},"thumbnailUrl":"https:\/\/wrent.sk\/wp-content\/uploads\/2026\/01\/Maly-banner-web-2.png","datePublished":"2026-01-08T14:22:38+00:00","dateModified":"2026-01-15T13:52:01+00:00","description":"BRICKMAN 2000K is a powerful automatic briquetting press for cardboard and PET bottles. It processes up to 25,000 PET bottles\/h, saving time, space and costs.","breadcrumb":{"@id":"https:\/\/wrent.sk\/en\/produkt\/briquetting-press-brickman-2000k\/#breadcrumb"},"inLanguage":"en-US","potentialAction":[{"@type":"ReadAction","target":["https:\/\/wrent.sk\/en\/produkt\/briquetting-press-brickman-2000k\/"]}]},{"@type":"ImageObject","inLanguage":"en-US","@id":"https:\/\/wrent.sk\/en\/produkt\/briquetting-press-brickman-2000k\/#primaryimage","url":"https:\/\/wrent.sk\/wp-content\/uploads\/2026\/01\/Maly-banner-web-2.png","contentUrl":"https:\/\/wrent.sk\/wp-content\/uploads\/2026\/01\/Maly-banner-web-2.png","width":485,"height":345,"caption":"Briquetting press BRICKMAN 2000K"},{"@type":"BreadcrumbList","@id":"https:\/\/wrent.sk\/en\/produkt\/briquetting-press-brickman-2000k\/#breadcrumb","itemListElement":[{"@type":"ListItem","position":1,"name":"Domovsk\u00e1 str\u00e1nka","item":"https:\/\/wrent.sk\/en\/"},{"@type":"ListItem","position":2,"name":"Shop","item":"https:\/\/wrent.sk\/en\/shop\/"},{"@type":"ListItem","position":3,"name":"Briquetting press BRICKMAN 2000K"}]},{"@type":"WebSite","@id":"https:\/\/wrent.sk\/#website","url":"https:\/\/wrent.sk\/","name":"W rent Baliace technol\u00f3gie","description":"Professional solutions in the field of packaging technologies","publisher":{"@id":"https:\/\/wrent.sk\/#organization"},"potentialAction":[{"@type":"SearchAction","target":{"@type":"EntryPoint","urlTemplate":"https:\/\/wrent.sk\/?s={search_term_string}"},"query-input":{"@type":"PropertyValueSpecification","valueRequired":true,"valueName":"search_term_string"}}],"inLanguage":"en-US"},{"@type":"Organization","@id":"https:\/\/wrent.sk\/#organization","name":"W rent Packaging technologies","url":"https:\/\/wrent.sk\/","logo":{"@type":"ImageObject","inLanguage":"en-US","@id":"https:\/\/wrent.sk\/#\/schema\/logo\/image\/","url":"https:\/\/wrent.sk\/wp-content\/uploads\/2024\/09\/homelink-dark.png","contentUrl":"https:\/\/wrent.sk\/wp-content\/uploads\/2024\/09\/homelink-dark.png","width":283,"height":152,"caption":"W rent Packaging technologies"},"image":{"@id":"https:\/\/wrent.sk\/#\/schema\/logo\/image\/"},"sameAs":["https:\/\/www.facebook.com\/wrent.sk\/?locale=sk_SK","https:\/\/www.instagram.com\/wrent.sk\/","https:\/\/sk.linkedin.com\/company\/w-rent","https:\/\/www.youtube.com\/@wrent"]}]}},"_links":{"self":[{"href":"https:\/\/wrent.sk\/en\/wp-json\/wp\/v2\/product\/82039","targetHints":{"allow":["GET"]}}],"collection":[{"href":"https:\/\/wrent.sk\/en\/wp-json\/wp\/v2\/product"}],"about":[{"href":"https:\/\/wrent.sk\/en\/wp-json\/wp\/v2\/types\/product"}],"wp:featuredmedia":[{"embeddable":true,"href":"https:\/\/wrent.sk\/en\/wp-json\/wp\/v2\/media\/82031"}],"wp:attachment":[{"href":"https:\/\/wrent.sk\/en\/wp-json\/wp\/v2\/media?parent=82039"}],"wp:term":[{"taxonomy":"product_brand","embeddable":true,"href":"https:\/\/wrent.sk\/en\/wp-json\/wp\/v2\/product_brand?post=82039"},{"taxonomy":"product_cat","embeddable":true,"href":"https:\/\/wrent.sk\/en\/wp-json\/wp\/v2\/product_cat?post=82039"},{"taxonomy":"product_tag","embeddable":true,"href":"https:\/\/wrent.sk\/en\/wp-json\/wp\/v2\/product_tag?post=82039"}],"curies":[{"name":"wp","href":"https:\/\/api.w.org\/{rel}","templated":true}]}}